{"id":3866,"date":"2021-06-02T20:44:11","date_gmt":"2021-06-02T20:44:11","guid":{"rendered":"http:\/\/localhost\/import\/product\/bowling-pokale-plakette\/"},"modified":"2025-01-17T14:59:44","modified_gmt":"2025-01-17T14:59:44","slug":"bowling-pokale-plakette","status":"publish","type":"product","link":"https:\/\/pokale.shop\/ps\/product\/bowling-pokale-plakette\/","title":{"rendered":"Bowling Pokale Plakette"},"content":{"rendered":"<p>Unsere TOP Bowling Pokal Plakette, wenn es mal kein klassischer Pokal sein soll. Sehr sch\u00f6ne Auszeichnung f\u00fcr Euer Turnier oder Event zu einem Top Preis. Plakette zum hinstellen oder aufh\u00e4ngen!<\/p>\n<p>Ob elegant, klassisch oder trendig &#8211; bei uns finden Sie f\u00fcr jedes Event den richtigen Pokal oder Medaillen.<\/p>\n<p>H\u00f6he: 10,5cm &#8211; Breite: 15,1cm<\/p>\n<p>Selbstverst\u00e4ndlich ist im Preis bereits die Gravur je Pokal enthalten.<br \/>\nGeben Sie hierzu einfach Ihren gew\u00fcnschten Gravurtext f\u00fcr alle Pokale in das Textfeld ein.<\/p>\n<p><b>Bitte beachten Sie &#8211; f\u00fcr das Gravurschild stehen Ihnen 3-4 Zeilen zur Verf\u00fcgung &#8211; pro Zeile max. 30 Zeichen inkl. Leerzeichen. <\/b><\/p>\n","protected":false},"excerpt":{"rendered":"<p>Unsere TOP Bowling Pokal Plakette, wenn es mal kein klassischer Pokal sein soll. Sehr sch\u00f6ne Auszeichnung f\u00fcr Euer Turnier oder Event zu einem Top Preis. Plakette zum hinstellen oder aufh\u00e4ngen! Ob elegant, klassisch oder trendig &#8211; bei uns finden Sie f\u00fcr jedes Event den richtigen Pokal oder Medaillen. H\u00f6he: 10,5cm&hellip;<\/p>\n","protected":false},"featured_media":3867,"comment_status":"open","ping_status":"closed","template":"","meta":{"spay_email":""},"product_cat":[16,32,34],"product_tag":[],"class_list":["post-3866","product","type-product","status-publish","has-post-thumbnail","hentry","product_cat-pokale","product_cat-themen-pokale","product_cat-bowling-kegeln-pokale"],"_links":{"self":[{"href":"https:\/\/pokale.shop\/ps\/wp-json\/wp\/v2\/product\/3866","targetHints":{"allow":["GET"]}}],"collection":[{"href":"https:\/\/pokale.shop\/ps\/wp-json\/wp\/v2\/product"}],"about":[{"href":"https:\/\/pokale.shop\/ps\/wp-json\/wp\/v2\/types\/product"}],"replies":[{"embeddable":true,"href":"https:\/\/pokale.shop\/ps\/wp-json\/wp\/v2\/comments?post=3866"}],"wp:featuredmedia":[{"embeddable":true,"href":"https:\/\/pokale.shop\/ps\/wp-json\/wp\/v2\/media\/3867"}],"wp:attachment":[{"href":"https:\/\/pokale.shop\/ps\/wp-json\/wp\/v2\/media?parent=3866"}],"wp:term":[{"taxonomy":"product_cat","embeddable":true,"href":"https:\/\/pokale.shop\/ps\/wp-json\/wp\/v2\/product_cat?post=3866"},{"taxonomy":"product_tag","embeddable":true,"href":"https:\/\/pokale.shop\/ps\/wp-json\/wp\/v2\/product_tag?post=3866"}],"curies":[{"name":"wp","href":"https:\/\/api.w.org\/{rel}","templated":true}]}}