{"id":3884,"date":"2021-06-02T20:44:35","date_gmt":"2021-06-02T20:44:35","guid":{"rendered":"http:\/\/localhost\/import\/product\/billard-saulenpokal-in-3-grosen\/"},"modified":"2021-06-28T10:56:03","modified_gmt":"2021-06-28T10:56:03","slug":"billard-saulenpokal-in-3-grosen","status":"publish","type":"product","link":"https:\/\/pokale.shop\/ps\/product\/billard-saulenpokal-in-3-grosen\/","title":{"rendered":"Billard S\u00e4ulenpokal in 3 Gr\u00f6\u00dfen"},"content":{"rendered":"<p>Komplett als 3er Pokalserie oder als Einzelpokal &#8211; Wanderpokal.<\/p>\n<p>Pokale f\u00fcr ganz besondere Auszeichnungen und Events.<\/p>\n<p>Mit unserem S\u00e4ulenpokal Billard wird Ihre Siegerehrung zum absoluten Highlight!<\/p>\n<p>Material:<br \/>\nSockel hochwertiger italienischer Marmor<br \/>\nRohre\/Fu\u00df\/Figur &#8211; Kunststoff<br \/>\n<b>Jahreszahl in Kunststoff = das jeweilige Verkaufsjahr!<\/b><\/p>\n<p>In folgenden Gr\u00f6\u00dfen lieferbar:<br \/>\n50cm<br \/>\n52cm<br \/>\n54cm<\/p>\n<p>Selbstverst\u00e4ndlich ist im Preis bereits die Gravur je Pokal enthalten.<br \/>\nGeben Sie hierzu einfach Ihren gew\u00fcnschten Gravurtext f\u00fcr alle Pokale in das Textfeld ein.<\/p>\n<p><b>Bitte beachten Sie &#8211; f\u00fcr das Gravurschild stehen Ihnen 3-4 Zeilen zur Verf\u00fcgung &#8211; pro Zeile max. 30 Zeichen inkl. Leerzeichen. <\/b><\/p>\n","protected":false},"excerpt":{"rendered":"<p>Komplett als 3er Pokalserie oder als Einzelpokal &#8211; Wanderpokal. Pokale f\u00fcr ganz besondere Auszeichnungen und Events. Mit unserem S\u00e4ulenpokal Billard wird Ihre Siegerehrung zum absoluten Highlight! Material: Sockel hochwertiger italienischer Marmor Rohre\/Fu\u00df\/Figur &#8211; Kunststoff Jahreszahl in Kunststoff = das jeweilige Verkaufsjahr! In folgenden Gr\u00f6\u00dfen lieferbar: 50cm 52cm 54cm Selbstverst\u00e4ndlich ist&hellip;<\/p>\n","protected":false},"featured_media":3885,"comment_status":"open","ping_status":"closed","template":"","meta":{"spay_email":""},"product_cat":[16,32,33,31,30],"product_tag":[],"class_list":["post-3884","product","type-product","status-publish","has-post-thumbnail","hentry","product_cat-pokale","product_cat-themen-pokale","product_cat-billard-pokale","product_cat-saulenpokale","product_cat-wanderpokale"],"_links":{"self":[{"href":"https:\/\/pokale.shop\/ps\/wp-json\/wp\/v2\/product\/3884","targetHints":{"allow":["GET"]}}],"collection":[{"href":"https:\/\/pokale.shop\/ps\/wp-json\/wp\/v2\/product"}],"about":[{"href":"https:\/\/pokale.shop\/ps\/wp-json\/wp\/v2\/types\/product"}],"replies":[{"embeddable":true,"href":"https:\/\/pokale.shop\/ps\/wp-json\/wp\/v2\/comments?post=3884"}],"wp:featuredmedia":[{"embeddable":true,"href":"https:\/\/pokale.shop\/ps\/wp-json\/wp\/v2\/media\/3885"}],"wp:attachment":[{"href":"https:\/\/pokale.shop\/ps\/wp-json\/wp\/v2\/media?parent=3884"}],"wp:term":[{"taxonomy":"product_cat","embeddable":true,"href":"https:\/\/pokale.shop\/ps\/wp-json\/wp\/v2\/product_cat?post=3884"},{"taxonomy":"product_tag","embeddable":true,"href":"https:\/\/pokale.shop\/ps\/wp-json\/wp\/v2\/product_tag?post=3884"}],"curies":[{"name":"wp","href":"https:\/\/api.w.org\/{rel}","templated":true}]}}