{"id":3952,"date":"2021-06-02T20:46:16","date_gmt":"2021-06-02T20:46:16","guid":{"rendered":"http:\/\/localhost\/import\/product\/1-2-3-platz-pokale-marmor\/"},"modified":"2025-05-01T09:31:13","modified_gmt":"2025-05-01T09:31:13","slug":"1-2-3-platz-pokale-marmor","status":"publish","type":"product","link":"https:\/\/pokale.shop\/ps\/product\/1-2-3-platz-pokale-marmor\/","title":{"rendered":"1 \/2 \/3 Platz Pokale Marmor"},"content":{"rendered":"<p>Unser TOP Pokale 1 \/ 2 \/ 3 &#8211; diese Serie ist ideal f\u00fcr alle gro\u00dfen und kleinen Sieger.<\/p>\n<p>Sie erhalten\u00a0<b>3 Pokale<\/b>\u00a0in folgenden Gr\u00f6\u00dfen:<br \/>\n3 x Pokale (H\u00f6he: 11 cm )<\/p>\n<p>Selbstverst\u00e4ndlich ist im Preis bereits die Gravur und das Emblem je Pokal enthalten.<br \/>\nGeben Sie hierzu einfach Ihren gew\u00fcnschten Gravurtext f\u00fcr alle Pokale in das Textfeld ein.<\/p>\n<p><b>Bitte beachten Sie &#8211; f\u00fcr das Gravurschild stehen Ihnen 3-4 Zeilen zur Verf\u00fcgung &#8211; pro Zeile max. 30 Zeichen inkl. Leerzeichen.<\/b><\/p>\n<p>&nbsp;<\/p>\n","protected":false},"excerpt":{"rendered":"<p>Unser TOP Pokale 1 \/ 2 \/ 3 &#8211; diese Serie ist ideal f\u00fcr alle gro\u00dfen und kleinen Sieger. Sie erhalten\u00a03 Pokale\u00a0in folgenden Gr\u00f6\u00dfen: 3 x Pokale (H\u00f6he: 11 cm ) Selbstverst\u00e4ndlich ist im Preis bereits die Gravur und das Emblem je Pokal enthalten. Geben Sie hierzu einfach Ihren gew\u00fcnschten&hellip;<\/p>\n","protected":false},"featured_media":3953,"comment_status":"open","ping_status":"closed","template":"","meta":{"spay_email":""},"product_cat":[16,17,19],"product_tag":[],"class_list":["post-3952","product","type-product","status-publish","has-post-thumbnail","hentry","product_cat-pokale","product_cat-pokale-pokale","product_cat-3er-pokale-serie"],"_links":{"self":[{"href":"https:\/\/pokale.shop\/ps\/wp-json\/wp\/v2\/product\/3952","targetHints":{"allow":["GET"]}}],"collection":[{"href":"https:\/\/pokale.shop\/ps\/wp-json\/wp\/v2\/product"}],"about":[{"href":"https:\/\/pokale.shop\/ps\/wp-json\/wp\/v2\/types\/product"}],"replies":[{"embeddable":true,"href":"https:\/\/pokale.shop\/ps\/wp-json\/wp\/v2\/comments?post=3952"}],"wp:featuredmedia":[{"embeddable":true,"href":"https:\/\/pokale.shop\/ps\/wp-json\/wp\/v2\/media\/3953"}],"wp:attachment":[{"href":"https:\/\/pokale.shop\/ps\/wp-json\/wp\/v2\/media?parent=3952"}],"wp:term":[{"taxonomy":"product_cat","embeddable":true,"href":"https:\/\/pokale.shop\/ps\/wp-json\/wp\/v2\/product_cat?post=3952"},{"taxonomy":"product_tag","embeddable":true,"href":"https:\/\/pokale.shop\/ps\/wp-json\/wp\/v2\/product_tag?post=3952"}],"curies":[{"name":"wp","href":"https:\/\/api.w.org\/{rel}","templated":true}]}}