{"id":3964,"date":"2021-06-02T20:46:32","date_gmt":"2021-06-02T20:46:32","guid":{"rendered":"http:\/\/localhost\/import\/product\/glaspokale-fussball-ab-17cm\/"},"modified":"2025-10-17T06:50:08","modified_gmt":"2025-10-17T06:50:08","slug":"glaspokale-fussball-ab-17cm","status":"publish","type":"product","link":"https:\/\/pokale.shop\/ps\/product\/glaspokale-fussball-ab-17cm\/","title":{"rendered":"Glaspokale Fussball ab 17cm"},"content":{"rendered":"<p>Einzigartige 3er Glas Pokalserie Fussball inklusive<br \/>\n<b>Lasergravur!<\/b><\/p>\n<p>Elegant, klassisch und trendig kommt diese 3er Glaspokalserie aus unserem Hause daher. Diese Glaspokal Serie mit einer halben Fussball Glaskugel ist f\u00fcr alle Auszeichnungen f\u00fcr dein Fussballturnier bestens geeignet! Mit dieser Serie k\u00f6nnen Sie sowohl Platzierungen, den besten Spieler oder den besten Torsch\u00fctzenk\u00f6nig auszeichnen.<\/p>\n<p>Farbe: gr\u00fcnglas &#8211; klar\/100% durchsichtig<\/p>\n<p>Glaspokal (H\u00f6he: 17 cm)<\/p>\n<p>Glaspokal (H\u00f6he: 19 cm)<\/p>\n<p>Glaspokal (H\u00f6he: 22 cm)<\/p>\n<p>Lasergravur:<\/p>\n<p>Ihnen stehen 3-4 Zeilen mit ca. 30 Zeichen je Zeile zur Verf\u00fcgung. Gravur wird immer mittig ausgef\u00fchrt sofern nicht anders angegeben.<\/p>\n","protected":false},"excerpt":{"rendered":"<p>Einzigartige 3er Glas Pokalserie Fussball inklusive Lasergravur! Elegant, klassisch und trendig kommt diese 3er Glaspokalserie aus unserem Hause daher. Diese Glaspokal Serie mit einer halben Fussball Glaskugel ist f\u00fcr alle Auszeichnungen f\u00fcr dein Fussballturnier bestens geeignet! Mit dieser Serie k\u00f6nnen Sie sowohl Platzierungen, den besten Spieler oder den besten Torsch\u00fctzenk\u00f6nig&hellip;<\/p>\n","protected":false},"featured_media":3965,"comment_status":"open","ping_status":"closed","template":"","meta":{"spay_email":""},"product_cat":[52,53],"product_tag":[],"class_list":["post-3964","product","type-product","status-publish","has-post-thumbnail","hentry","product_cat-awards","product_cat-glaspokale"],"_links":{"self":[{"href":"https:\/\/pokale.shop\/ps\/wp-json\/wp\/v2\/product\/3964","targetHints":{"allow":["GET"]}}],"collection":[{"href":"https:\/\/pokale.shop\/ps\/wp-json\/wp\/v2\/product"}],"about":[{"href":"https:\/\/pokale.shop\/ps\/wp-json\/wp\/v2\/types\/product"}],"replies":[{"embeddable":true,"href":"https:\/\/pokale.shop\/ps\/wp-json\/wp\/v2\/comments?post=3964"}],"wp:featuredmedia":[{"embeddable":true,"href":"https:\/\/pokale.shop\/ps\/wp-json\/wp\/v2\/media\/3965"}],"wp:attachment":[{"href":"https:\/\/pokale.shop\/ps\/wp-json\/wp\/v2\/media?parent=3964"}],"wp:term":[{"taxonomy":"product_cat","embeddable":true,"href":"https:\/\/pokale.shop\/ps\/wp-json\/wp\/v2\/product_cat?post=3964"},{"taxonomy":"product_tag","embeddable":true,"href":"https:\/\/pokale.shop\/ps\/wp-json\/wp\/v2\/product_tag?post=3964"}],"curies":[{"name":"wp","href":"https:\/\/api.w.org\/{rel}","templated":true}]}}