{"id":3966,"date":"2021-06-02T20:46:36","date_gmt":"2021-06-02T20:46:36","guid":{"rendered":"http:\/\/localhost\/import\/product\/3er-glaspokale-empire-ab-17cm\/"},"modified":"2025-08-12T11:17:20","modified_gmt":"2025-08-12T11:17:20","slug":"3er-glaspokale-empire-ab-17cm","status":"publish","type":"product","link":"https:\/\/pokale.shop\/ps\/product\/3er-glaspokale-empire-ab-17cm\/","title":{"rendered":"3er Glaspokale EMPIRE ab 17cm"},"content":{"rendered":"<p>Einzigartige 3er Glas Pokalserie EMPIRE inklusive<br \/>\n<b>Lasergravur!<\/b><\/p>\n<p>Elegant, klassisch und trendig kommt diese 3er Glaspokalserie aus unserem Hause daher. Diese Glaspokal beinhaltet bereits die Lasergravur und ist f\u00fcr alle Auszeichnungen und Sportarten bestens geeignet !<\/p>\n<p>Farbe: gr\u00fcnglas &#8211; klar\/100% durchsichtig<\/p>\n<p>Diesen Glaspokal k\u00f6nnen Sie in drei verschiedenen Gr\u00f6\u00dfen bei uns bestellen oder g\u00fcnstiger als 3er Serie.<\/p>\n<p>Glaspokal &#8211; H\u00f6he 17 cm<\/p>\n<p>Glaspokal &#8211; H\u00f6he 19 cm<\/p>\n<p>Glaspokal &#8211; H\u00f6he 22 cm<\/p>\n<p>Lasergravur:<\/p>\n<p>Ihnen stehen 3-4 Zeilen mit ca. 30 Zeichen je Zeile zur Verf\u00fcgung. Gravur wird immer mittig ausgef\u00fchrt sofern nicht anders angegeben.<\/p>\n<p>W\u00fcnschen Sie die Gravur mit 1 \/2 \/3 Platz wie im Bild, so vermerken Sie das bitte bei Ihrer Gravur Angabe unten im Textfeld.<\/p>\n<p>Nat\u00fcrlich fertigen wir Ihnen jede weitere Platzierung an &#8211; also 4 \/ 5 \/ 6 Platz u.s.w. an. Bestellen Sie dann die entsprechenden Glaspokale dazu.<\/p>\n<p>W\u00fcnschen Sie zus\u00e4tzlich ein Logo \/ Bild senden Sie uns dieses zusammen mit Ihrer Bestellbest\u00e4tigung (die Sie von uns automatisch erhalten nach Ihrer Bestellung) an uns.<br \/>\n<b>DATENFORMAT<\/b> &#8211; senden Sie uns nur .cdr, pdf oder .eps Dateien im Vektorformat &#8211; .jpg, .gif .png k\u00f6nnen <b>nicht<\/b> verarbeitet werden!<\/p>\n","protected":false},"excerpt":{"rendered":"<p>Einzigartige 3er Glas Pokalserie EMPIRE inklusive Lasergravur! Elegant, klassisch und trendig kommt diese 3er Glaspokalserie aus unserem Hause daher. Diese Glaspokal beinhaltet bereits die Lasergravur und ist f\u00fcr alle Auszeichnungen und Sportarten bestens geeignet ! Farbe: gr\u00fcnglas &#8211; klar\/100% durchsichtig Diesen Glaspokal k\u00f6nnen Sie in drei verschiedenen Gr\u00f6\u00dfen bei uns&hellip;<\/p>\n","protected":false},"featured_media":3967,"comment_status":"open","ping_status":"closed","template":"","meta":{"spay_email":""},"product_cat":[52,53],"product_tag":[],"class_list":["post-3966","product","type-product","status-publish","has-post-thumbnail","hentry","product_cat-awards","product_cat-glaspokale"],"_links":{"self":[{"href":"https:\/\/pokale.shop\/ps\/wp-json\/wp\/v2\/product\/3966","targetHints":{"allow":["GET"]}}],"collection":[{"href":"https:\/\/pokale.shop\/ps\/wp-json\/wp\/v2\/product"}],"about":[{"href":"https:\/\/pokale.shop\/ps\/wp-json\/wp\/v2\/types\/product"}],"replies":[{"embeddable":true,"href":"https:\/\/pokale.shop\/ps\/wp-json\/wp\/v2\/comments?post=3966"}],"wp:featuredmedia":[{"embeddable":true,"href":"https:\/\/pokale.shop\/ps\/wp-json\/wp\/v2\/media\/3967"}],"wp:attachment":[{"href":"https:\/\/pokale.shop\/ps\/wp-json\/wp\/v2\/media?parent=3966"}],"wp:term":[{"taxonomy":"product_cat","embeddable":true,"href":"https:\/\/pokale.shop\/ps\/wp-json\/wp\/v2\/product_cat?post=3966"},{"taxonomy":"product_tag","embeddable":true,"href":"https:\/\/pokale.shop\/ps\/wp-json\/wp\/v2\/product_tag?post=3966"}],"curies":[{"name":"wp","href":"https:\/\/api.w.org\/{rel}","templated":true}]}}