{"id":3970,"date":"2021-06-02T20:46:43","date_gmt":"2021-06-02T20:46:43","guid":{"rendered":"http:\/\/localhost\/import\/product\/3er-pokalserie-athen\/"},"modified":"2024-08-26T09:05:38","modified_gmt":"2024-08-26T09:05:38","slug":"3er-pokalserie-athen","status":"publish","type":"product","link":"https:\/\/pokale.shop\/ps\/product\/3er-pokalserie-athen\/","title":{"rendered":"3er Pokalserie ATHEN"},"content":{"rendered":"<p>Unser TOP Pokale ATHEN &#8211; neues Design zum TOP Preis.<\/p>\n<p>Die Pokale f\u00fcr ganz besondere Auszeichnungen und Events<br \/>\nMit unseren ATHEN Pokalen wird Ihre Siegerehrung zum absoluten Highlight !<\/p>\n<p>Sie erhalten 3 Pokale in folgenden Gr\u00f6\u00dfen:<\/p>\n<p>1 x Pokal (H\u00f6he: 31,5 cm \/ Durchmesser: 8 cm)<br \/>\n1 x Pokal (H\u00f6he: 32,5 cm \/ Durchmesser: 8 cm)<br \/>\n1 x Pokal (H\u00f6he: 33,5 cm \/ Durchmesser: 9 cm)<\/p>\n<p>Der Pokalsockel ist aus edlen schwarzen Marmor gefertigt.<br \/>\nSelbstverst\u00e4ndlich ist im Preis bereits die Gravur und das Emblem je Pokal enthalten.<br \/>\nGeben Sie hierzu einfach Ihren gew\u00fcnschten Gravurtext f\u00fcr alle Pokale in das Textfeld ein.<br \/>\n<b>Bitte beachten Sie &#8211; f\u00fcr das Gravurschild stehen Ihnen 3-4 Zeilen zur Verf\u00fcgung &#8211; pro Zeile max. 30 Zeichen inkl. Leerzeichen.<\/b><\/p>\n<p>&nbsp;<\/p>\n","protected":false},"excerpt":{"rendered":"<p>Unser TOP Pokale ATHEN &#8211; neues Design zum TOP Preis. Die Pokale f\u00fcr ganz besondere Auszeichnungen und Events Mit unseren ATHEN Pokalen wird Ihre Siegerehrung zum absoluten Highlight ! Sie erhalten 3 Pokale in folgenden Gr\u00f6\u00dfen: 1 x Pokal (H\u00f6he: 31,5 cm \/ Durchmesser: 8 cm) 1 x Pokal (H\u00f6he:&hellip;<\/p>\n","protected":false},"featured_media":10021,"comment_status":"open","ping_status":"closed","template":"","meta":{"spay_email":""},"product_cat":[16,17,19],"product_tag":[],"class_list":["post-3970","product","type-product","status-publish","has-post-thumbnail","hentry","product_cat-pokale","product_cat-pokale-pokale","product_cat-3er-pokale-serie"],"_links":{"self":[{"href":"https:\/\/pokale.shop\/ps\/wp-json\/wp\/v2\/product\/3970","targetHints":{"allow":["GET"]}}],"collection":[{"href":"https:\/\/pokale.shop\/ps\/wp-json\/wp\/v2\/product"}],"about":[{"href":"https:\/\/pokale.shop\/ps\/wp-json\/wp\/v2\/types\/product"}],"replies":[{"embeddable":true,"href":"https:\/\/pokale.shop\/ps\/wp-json\/wp\/v2\/comments?post=3970"}],"wp:featuredmedia":[{"embeddable":true,"href":"https:\/\/pokale.shop\/ps\/wp-json\/wp\/v2\/media\/10021"}],"wp:attachment":[{"href":"https:\/\/pokale.shop\/ps\/wp-json\/wp\/v2\/media?parent=3970"}],"wp:term":[{"taxonomy":"product_cat","embeddable":true,"href":"https:\/\/pokale.shop\/ps\/wp-json\/wp\/v2\/product_cat?post=3970"},{"taxonomy":"product_tag","embeddable":true,"href":"https:\/\/pokale.shop\/ps\/wp-json\/wp\/v2\/product_tag?post=3970"}],"curies":[{"name":"wp","href":"https:\/\/api.w.org\/{rel}","templated":true}]}}