{"id":4054,"date":"2021-06-02T20:48:39","date_gmt":"2021-06-02T20:48:39","guid":{"rendered":"http:\/\/localhost\/import\/product\/fussball-pokale-plakette-holz-mit-gravur\/"},"modified":"2024-01-16T16:38:09","modified_gmt":"2024-01-16T16:38:09","slug":"fussball-pokale-plakette-holz-mit-gravur","status":"publish","type":"product","link":"https:\/\/pokale.shop\/ps\/product\/fussball-pokale-plakette-holz-mit-gravur\/","title":{"rendered":"Fussball Pokale Plakette Holz mit Gravur"},"content":{"rendered":"<p>Unsere TOP Fussball Pokal Plakette jetzt auch bei Ebay &#8211; sehr sch\u00f6ne Auszeichnung f\u00fcr Euer Fussballturnier oder Event zu einem Top Preis. Plakette zum stellen oder aufh\u00e4ngen.<\/p>\n<p>Figur und St\u00e4nder Kunststoff<\/p>\n<p>H\u00f6he: 15cm &#8211; Breite: 10cm<\/p>\n<p>Selbstverst\u00e4ndlich ist im Preis bereits die Gravur enthalten. Die Gravur erfolgt auf einer Gravurplatte &#8211; kein Etikett. F\u00fcr die Gravur stehen Ihnen 3-4 Zeilen zur Verf\u00fcgung. Verwenden Sie bitte dabei max. 30Zeichen inkl. Leerzeichen je Zeile.<\/p>\n","protected":false},"excerpt":{"rendered":"<p>Unsere TOP Fussball Pokal Plakette jetzt auch bei Ebay &#8211; sehr sch\u00f6ne Auszeichnung f\u00fcr Euer Fussballturnier oder Event zu einem Top Preis. Plakette zum stellen oder aufh\u00e4ngen. Figur und St\u00e4nder Kunststoff H\u00f6he: 15cm &#8211; Breite: 10cm Selbstverst\u00e4ndlich ist im Preis bereits die Gravur enthalten. Die Gravur erfolgt auf einer Gravurplatte&hellip;<\/p>\n","protected":false},"featured_media":4055,"comment_status":"open","ping_status":"closed","template":"","meta":{"spay_email":""},"product_cat":[16,32,36],"product_tag":[],"class_list":["post-4054","product","type-product","status-publish","has-post-thumbnail","hentry","product_cat-pokale","product_cat-themen-pokale","product_cat-fussball-pokale"],"_links":{"self":[{"href":"https:\/\/pokale.shop\/ps\/wp-json\/wp\/v2\/product\/4054","targetHints":{"allow":["GET"]}}],"collection":[{"href":"https:\/\/pokale.shop\/ps\/wp-json\/wp\/v2\/product"}],"about":[{"href":"https:\/\/pokale.shop\/ps\/wp-json\/wp\/v2\/types\/product"}],"replies":[{"embeddable":true,"href":"https:\/\/pokale.shop\/ps\/wp-json\/wp\/v2\/comments?post=4054"}],"wp:featuredmedia":[{"embeddable":true,"href":"https:\/\/pokale.shop\/ps\/wp-json\/wp\/v2\/media\/4055"}],"wp:attachment":[{"href":"https:\/\/pokale.shop\/ps\/wp-json\/wp\/v2\/media?parent=4054"}],"wp:term":[{"taxonomy":"product_cat","embeddable":true,"href":"https:\/\/pokale.shop\/ps\/wp-json\/wp\/v2\/product_cat?post=4054"},{"taxonomy":"product_tag","embeddable":true,"href":"https:\/\/pokale.shop\/ps\/wp-json\/wp\/v2\/product_tag?post=4054"}],"curies":[{"name":"wp","href":"https:\/\/api.w.org\/{rel}","templated":true}]}}