{"id":4064,"date":"2021-06-02T20:48:52","date_gmt":"2021-06-02T20:48:52","guid":{"rendered":"http:\/\/localhost\/import\/product\/ski-pokale-wintersport-pokal\/"},"modified":"2021-06-28T06:41:34","modified_gmt":"2021-06-28T06:41:34","slug":"ski-pokale-wintersport-pokal","status":"publish","type":"product","link":"https:\/\/pokale.shop\/ps\/product\/ski-pokale-wintersport-pokal\/","title":{"rendered":"SKI Pokale Wintersport Pokal"},"content":{"rendered":"<p>Dieser SKI Pokal ist Ansporn und Motivation f\u00fcr alle Pisten Fahrer.<\/p>\n<p>Ideale Auszeichnung f\u00fcr alle GRO\u00dfEN &amp; KLEINEN SKI SPORT FANS.<\/p>\n<p>Bedingt durch die sehr geringen Kosten auch als Teilnehmerpreis und oder Trostpreis bestens geeignet.<\/p>\n<p>H\u00f6he: 9,5 cm<\/p>\n<p>Selbstverst\u00e4ndlich ist im Preis bereits die Gravur je Pokal enthalten.<br \/>\nGeben Sie hierzu einfach Ihren gew\u00fcnschten Gravurtext f\u00fcr alle Pokale in das Textfeld ein.<\/p>\n<p><b>Bitte beachten Sie &#8211; f\u00fcr das Gravurschild stehen Ihnen 3-4 Zeilen zur Verf\u00fcgung &#8211; pro Zeile max. 30 Zeichen inkl. Leerzeichen. <\/b><\/p>\n","protected":false},"excerpt":{"rendered":"<p>Dieser SKI Pokal ist Ansporn und Motivation f\u00fcr alle Pisten Fahrer. Ideale Auszeichnung f\u00fcr alle GRO\u00dfEN &amp; KLEINEN SKI SPORT FANS. Bedingt durch die sehr geringen Kosten auch als Teilnehmerpreis und oder Trostpreis bestens geeignet. H\u00f6he: 9,5 cm Selbstverst\u00e4ndlich ist im Preis bereits die Gravur je Pokal enthalten. Geben Sie&hellip;<\/p>\n","protected":false},"featured_media":4065,"comment_status":"open","ping_status":"closed","template":"","meta":{"spay_email":""},"product_cat":[16,17,18,32,50],"product_tag":[],"class_list":["post-4064","product","type-product","status-publish","has-post-thumbnail","hentry","product_cat-pokale","product_cat-pokale-pokale","product_cat-einzelpokale","product_cat-themen-pokale","product_cat-kinder-pokale"],"_links":{"self":[{"href":"https:\/\/pokale.shop\/ps\/wp-json\/wp\/v2\/product\/4064","targetHints":{"allow":["GET"]}}],"collection":[{"href":"https:\/\/pokale.shop\/ps\/wp-json\/wp\/v2\/product"}],"about":[{"href":"https:\/\/pokale.shop\/ps\/wp-json\/wp\/v2\/types\/product"}],"replies":[{"embeddable":true,"href":"https:\/\/pokale.shop\/ps\/wp-json\/wp\/v2\/comments?post=4064"}],"wp:featuredmedia":[{"embeddable":true,"href":"https:\/\/pokale.shop\/ps\/wp-json\/wp\/v2\/media\/4065"}],"wp:attachment":[{"href":"https:\/\/pokale.shop\/ps\/wp-json\/wp\/v2\/media?parent=4064"}],"wp:term":[{"taxonomy":"product_cat","embeddable":true,"href":"https:\/\/pokale.shop\/ps\/wp-json\/wp\/v2\/product_cat?post=4064"},{"taxonomy":"product_tag","embeddable":true,"href":"https:\/\/pokale.shop\/ps\/wp-json\/wp\/v2\/product_tag?post=4064"}],"curies":[{"name":"wp","href":"https:\/\/api.w.org\/{rel}","templated":true}]}}