{"id":4128,"date":"2021-06-02T20:50:17","date_gmt":"2021-06-02T20:50:17","guid":{"rendered":"http:\/\/localhost\/import\/product\/3er-motorsport-gokart-pokale-magic-racing\/"},"modified":"2025-02-03T13:53:44","modified_gmt":"2025-02-03T13:53:44","slug":"3er-motorsport-gokart-pokale-magic-racing","status":"publish","type":"product","link":"https:\/\/pokale.shop\/ps\/product\/3er-motorsport-gokart-pokale-magic-racing\/","title":{"rendered":"3er Motorsport GoKart Pokale Magic Racing"},"content":{"rendered":"<p>Motorsportpokale f\u00fcr alle Racing Events und oder Veranstaltungen. Metall Racing Scheibe in silber (d=15cm) kombiniert mit edlen silber roten Pokal Komponenten.<\/p>\n<p>Gr\u00f6\u00dfen:<\/p>\n<p>1 x Pokal (H\u00f6he: 36 cm &#8211; Durchmesser: 15 cm)<br \/>\n1 x Pokal (H\u00f6he: 37 cm &#8211; Durchmesser: 15 cm )<br \/>\n1 x Pokal (H\u00f6he: 37,5 cm \u00a0&#8211; Durchmesser: 15 cm)<\/p>\n<p>Selbstverst\u00e4ndlich ist im Preis bereits die Gravur je Pokal enthalten.<br \/>\nDie Gravur erfolgt auf einer Gravurplatte. Geben Sie hierzu einfach Ihren gew\u00fcnschten Gravurtext f\u00fcr alle Pokale in das Textfeld ein.<\/p>\n<p><b>Bitte beachten Sie &#8211; f\u00fcr das Gravurschild stehen Ihnen 3-4 Zeilen zur Verf\u00fcgung &#8211; pro Zeile max. 30 Zeichen inkl. Leerzeichen.<\/b><\/p>\n","protected":false},"excerpt":{"rendered":"<p>Motorsportpokale f\u00fcr alle Racing Events und oder Veranstaltungen. Metall Racing Scheibe in silber (d=15cm) kombiniert mit edlen silber roten Pokal Komponenten. Gr\u00f6\u00dfen: 1 x Pokal (H\u00f6he: 36 cm &#8211; Durchmesser: 15 cm) 1 x Pokal (H\u00f6he: 37 cm &#8211; Durchmesser: 15 cm ) 1 x Pokal (H\u00f6he: 37,5 cm \u00a0&#8211;&hellip;<\/p>\n","protected":false},"featured_media":4129,"comment_status":"open","ping_status":"closed","template":"","meta":{"spay_email":""},"product_cat":[16,17,19,32,41],"product_tag":[],"class_list":["post-4128","product","type-product","status-publish","has-post-thumbnail","hentry","product_cat-pokale","product_cat-pokale-pokale","product_cat-3er-pokale-serie","product_cat-themen-pokale","product_cat-motorsport-pokale"],"_links":{"self":[{"href":"https:\/\/pokale.shop\/ps\/wp-json\/wp\/v2\/product\/4128","targetHints":{"allow":["GET"]}}],"collection":[{"href":"https:\/\/pokale.shop\/ps\/wp-json\/wp\/v2\/product"}],"about":[{"href":"https:\/\/pokale.shop\/ps\/wp-json\/wp\/v2\/types\/product"}],"replies":[{"embeddable":true,"href":"https:\/\/pokale.shop\/ps\/wp-json\/wp\/v2\/comments?post=4128"}],"wp:featuredmedia":[{"embeddable":true,"href":"https:\/\/pokale.shop\/ps\/wp-json\/wp\/v2\/media\/4129"}],"wp:attachment":[{"href":"https:\/\/pokale.shop\/ps\/wp-json\/wp\/v2\/media?parent=4128"}],"wp:term":[{"taxonomy":"product_cat","embeddable":true,"href":"https:\/\/pokale.shop\/ps\/wp-json\/wp\/v2\/product_cat?post=4128"},{"taxonomy":"product_tag","embeddable":true,"href":"https:\/\/pokale.shop\/ps\/wp-json\/wp\/v2\/product_tag?post=4128"}],"curies":[{"name":"wp","href":"https:\/\/api.w.org\/{rel}","templated":true}]}}