{"id":4130,"date":"2021-06-02T20:50:20","date_gmt":"2021-06-02T20:50:20","guid":{"rendered":"http:\/\/localhost\/import\/product\/3er-motorsport-gokart-motocross-pokale-racing-ab-175cm\/"},"modified":"2021-06-28T05:54:27","modified_gmt":"2021-06-28T05:54:27","slug":"3er-motorsport-gokart-motocross-pokale-racing-ab-175cm","status":"publish","type":"product","link":"https:\/\/pokale.shop\/ps\/product\/3er-motorsport-gokart-motocross-pokale-racing-ab-175cm\/","title":{"rendered":"3er Motorsport GoKart Motocross Pokale Racing ab 17,5cm"},"content":{"rendered":"<p>Motorsportpokale f\u00fcr alle Racing Events und oder Veranstaltungen. Metall Racing Scheibe in silber (d=15cm) auf Marmor.<\/p>\n<p>In folgenden Gr\u00f6\u00dfen erh\u00e4ltlich:<\/p>\n<p>1 x Pokal H\u00f6he: 17,5 cm &#8211; Durchmesser: 15 cm<br \/>\n1 x Pokal H\u00f6he: 18,5 cm &#8211; Durchmesser: 15 cm<br \/>\n1 x Pokal H\u00f6he: 19,5 cm \u00a0&#8211; Durchmesser: 15 cm<\/p>\n<p>Selbstverst\u00e4ndlich ist im Preis jeweils die Gravur je Pokal enthalten.<br \/>\nDie Gravur erfolgt auf einer Gravurplatte. Geben Sie hierzu einfach Ihren gew\u00fcnschten Gravurtext f\u00fcr alle Pokale in das Textfeld ein.<\/p>\n<p><b>Bitte beachten Sie &#8211; f\u00fcr das Gravurschild stehen Ihnen 3-4 Zeilen zur Verf\u00fcgung &#8211; pro Zeile max. 30 Zeichen inkl. Leerzeichen.<\/b><\/p>\n","protected":false},"excerpt":{"rendered":"<p>Motorsportpokale f\u00fcr alle Racing Events und oder Veranstaltungen. Metall Racing Scheibe in silber (d=15cm) auf Marmor. In folgenden Gr\u00f6\u00dfen erh\u00e4ltlich: 1 x Pokal H\u00f6he: 17,5 cm &#8211; Durchmesser: 15 cm 1 x Pokal H\u00f6he: 18,5 cm &#8211; Durchmesser: 15 cm 1 x Pokal H\u00f6he: 19,5 cm \u00a0&#8211; Durchmesser: 15 cm&hellip;<\/p>\n","protected":false},"featured_media":4131,"comment_status":"open","ping_status":"closed","template":"","meta":{"spay_email":""},"product_cat":[16,17,19,32,41],"product_tag":[],"class_list":["post-4130","product","type-product","status-publish","has-post-thumbnail","hentry","product_cat-pokale","product_cat-pokale-pokale","product_cat-3er-pokale-serie","product_cat-themen-pokale","product_cat-motorsport-pokale"],"_links":{"self":[{"href":"https:\/\/pokale.shop\/ps\/wp-json\/wp\/v2\/product\/4130","targetHints":{"allow":["GET"]}}],"collection":[{"href":"https:\/\/pokale.shop\/ps\/wp-json\/wp\/v2\/product"}],"about":[{"href":"https:\/\/pokale.shop\/ps\/wp-json\/wp\/v2\/types\/product"}],"replies":[{"embeddable":true,"href":"https:\/\/pokale.shop\/ps\/wp-json\/wp\/v2\/comments?post=4130"}],"wp:featuredmedia":[{"embeddable":true,"href":"https:\/\/pokale.shop\/ps\/wp-json\/wp\/v2\/media\/4131"}],"wp:attachment":[{"href":"https:\/\/pokale.shop\/ps\/wp-json\/wp\/v2\/media?parent=4130"}],"wp:term":[{"taxonomy":"product_cat","embeddable":true,"href":"https:\/\/pokale.shop\/ps\/wp-json\/wp\/v2\/product_cat?post=4130"},{"taxonomy":"product_tag","embeddable":true,"href":"https:\/\/pokale.shop\/ps\/wp-json\/wp\/v2\/product_tag?post=4130"}],"curies":[{"name":"wp","href":"https:\/\/api.w.org\/{rel}","templated":true}]}}