{"id":4172,"date":"2021-06-02T20:51:16","date_gmt":"2021-06-02T20:51:16","guid":{"rendered":"http:\/\/localhost\/import\/product\/14er-pokalserie-golden-skylon-mit-gravur\/"},"modified":"2025-08-01T11:09:47","modified_gmt":"2025-08-01T11:09:47","slug":"14er-pokalserie-golden-skylon-mit-gravur","status":"publish","type":"product","link":"https:\/\/pokale.shop\/ps\/product\/14er-pokalserie-golden-skylon-mit-gravur\/","title":{"rendered":"14er Pokalserie Golden Skylon mit Gravur und Emblem"},"content":{"rendered":"<div class=\"flex-1 overflow-hidden\">\n<div class=\"react-scroll-to-bottom--css-jubql-79elbk h-full dark:bg-gray-800\">\n<div class=\"react-scroll-to-bottom--css-jubql-1n7m0yu\">\n<div class=\"flex flex-col text-sm dark:bg-gray-800\">\n<div class=\"group w-full text-token-text-primary border-b border-black\/10 dark:border-gray-900\/50 bg-gray-50 dark:bg-[#444654]\" data-testid=\"conversation-turn-17\">\n<div class=\"p-4 justify-center text-base md:gap-6 md:py-6 m-auto\">\n<div class=\"flex flex-1 gap-4 text-base mx-auto md:gap-6 md:max-w-2xl lg:max-w-[38rem] xl:max-w-3xl }\">\n<div class=\"relative flex w-[calc(100%-50px)] flex-col gap-1 md:gap-3 lg:w-[calc(100%-115px)]\">\n<div class=\"flex flex-grow flex-col gap-3 max-w-full\">\n<div class=\"min-h-[20px] flex flex-col items-start gap-3 overflow-x-auto whitespace-pre-wrap break-words\">\n<div class=\"markdown prose w-full break-words dark:prose-invert light\">\n<p>Entdecken Sie unsere beeindruckende Kollektion, die Golden Skylon Pokalserie, und verwandeln Sie Ihre Siegerehrung in ein unvergessliches Highlight! Unsere exquisiten Pokale sind f\u00fcr ganz besondere Auszeichnungen und Events konzipiert und bieten ein herausragendes Preis-Leistungs-Verh\u00e4ltnis.<\/p>\n<p>Unsere Golden Skylon Pokale sind in insgesamt 14 verschiedenen Gr\u00f6\u00dfen erh\u00e4ltlich, sodass Sie die perfekte Auszeichnung f\u00fcr Ihr Event finden k\u00f6nnen:<\/p>\n<ul>\n<li>1 x Pokal (H\u00f6he: 24 cm &#8211; Durchmesser: 8 cm)<\/li>\n<li>1 x Pokal (H\u00f6he: 25 cm &#8211; Durchmesser: 8 cm)<\/li>\n<li>1 x Pokal (H\u00f6he: 26,5 cm &#8211; Durchmesser: 8 cm)<\/li>\n<li>1 x Pokal (H\u00f6he: 28,5 cm &#8211; Durchmesser: 10 cm)<\/li>\n<li>1 x Pokal (H\u00f6he: 30,5 cm &#8211; Durchmesser: 10 cm)<\/li>\n<li>1 x Pokal (H\u00f6he: 31,5 cm &#8211; Durchmesser: 10 cm)<\/li>\n<li>1 x Pokal (H\u00f6he: 33 cm &#8211; Durchmesser: 12 cm)<\/li>\n<li>1 x Pokal (H\u00f6he: 35 cm &#8211; Durchmesser: 12 cm)<\/li>\n<li>1 x Pokal (H\u00f6he: 36,5 cm &#8211; Durchmesser: <strong>14 cm<\/strong>)<\/li>\n<li>1 x Pokal (H\u00f6he: 38 cm &#8211; Durchmesser: <strong>14 cm<\/strong>)<\/li>\n<li>1 x Pokal (H\u00f6he: 40,5 cm &#8211; Durchmesser: <strong>14 cm<\/strong>)<\/li>\n<li>1 x Pokal (H\u00f6he: 41,5 cm &#8211; Durchmesser: <strong>14 cm<\/strong>)<\/li>\n<li>1 x Pokal (H\u00f6he: 42,5 cm &#8211; Durchmesser: <strong>16 cm<\/strong>)<\/li>\n<li>1 x Pokal (H\u00f6he: 44,5 cm &#8211; Durchmesser: <strong>16 cm<\/strong>)<\/li>\n<\/ul>\n<p>Inbegriffen in unseren unschlagbaren Preisen sind die individuelle Gravur und ein Emblem f\u00fcr jeden Pokal. Sie k\u00f6nnen Ihren gew\u00fcnschten Gravurtext f\u00fcr alle Pokale in das daf\u00fcr vorgesehene Textfeld eingeben. Platzierungen sind einfach zu handhaben &#8211; geben Sie beispielsweise &#8216;1-14. Platz&#8217; an, und wir ordnen die Platzierungen entsprechend der Gr\u00f6\u00dfe der Pokale an.<\/p>\n<p>Bitte beachten Sie, dass wir f\u00fcr eine ansprechende Gestaltung des Gravurschilds 3-4 Zeilen zur Verf\u00fcgung stellen, wobei pro Zeile maximal 30 Zeichen (einschlie\u00dflich Leerzeichen) erlaubt sind. Wir sind stolz darauf, Ihre Auszeichnungen mit einer hochwertigen Gravur zu personalisieren und sicherzustellen, dass sie einen bleibenden Eindruck hinterlassen.<\/p>\n<p>Verleihen Sie Ihren Siegerehrungen mit unseren Golden Skylon Pokalen den Glanz, den sie verdienen. Bestellen Sie noch heute und erleben Sie Qualit\u00e4t und Eleganz in einem unschlagbaren Paket.<\/p>\n<\/div>\n<\/div>\n<\/div>\n<\/div>\n<\/div>\n<\/div>\n<\/div>\n<\/div>\n<\/div>\n<\/div>\n<\/div>\n","protected":false},"excerpt":{"rendered":"<p>Entdecken Sie unsere beeindruckende Kollektion, die Golden Skylon Pokalserie, und verwandeln Sie Ihre Siegerehrung in ein unvergessliches Highlight! Unsere exquisiten Pokale sind f\u00fcr ganz besondere Auszeichnungen und Events konzipiert und bieten ein herausragendes Preis-Leistungs-Verh\u00e4ltnis. Unsere Golden Skylon Pokale sind in insgesamt 14 verschiedenen Gr\u00f6\u00dfen erh\u00e4ltlich, sodass Sie die perfekte Auszeichnung&hellip;<\/p>\n","protected":false},"featured_media":11012,"comment_status":"open","ping_status":"closed","template":"","meta":{"spay_email":""},"product_cat":[16,17,18,27],"product_tag":[],"class_list":["post-4172","product","type-product","status-publish","has-post-thumbnail","hentry","product_cat-pokale","product_cat-pokale-pokale","product_cat-einzelpokale","product_cat-14er-pokale-serie"],"_links":{"self":[{"href":"https:\/\/pokale.shop\/ps\/wp-json\/wp\/v2\/product\/4172","targetHints":{"allow":["GET"]}}],"collection":[{"href":"https:\/\/pokale.shop\/ps\/wp-json\/wp\/v2\/product"}],"about":[{"href":"https:\/\/pokale.shop\/ps\/wp-json\/wp\/v2\/types\/product"}],"replies":[{"embeddable":true,"href":"https:\/\/pokale.shop\/ps\/wp-json\/wp\/v2\/comments?post=4172"}],"wp:featuredmedia":[{"embeddable":true,"href":"https:\/\/pokale.shop\/ps\/wp-json\/wp\/v2\/media\/11012"}],"wp:attachment":[{"href":"https:\/\/pokale.shop\/ps\/wp-json\/wp\/v2\/media?parent=4172"}],"wp:term":[{"taxonomy":"product_cat","embeddable":true,"href":"https:\/\/pokale.shop\/ps\/wp-json\/wp\/v2\/product_cat?post=4172"},{"taxonomy":"product_tag","embeddable":true,"href":"https:\/\/pokale.shop\/ps\/wp-json\/wp\/v2\/product_tag?post=4172"}],"curies":[{"name":"wp","href":"https:\/\/api.w.org\/{rel}","templated":true}]}}