{"id":4184,"date":"2021-06-02T20:51:32","date_gmt":"2021-06-02T20:51:32","guid":{"rendered":"http:\/\/localhost\/import\/product\/fussball-pokale-als-3er-serie-erhaltlich-ab-145cm\/"},"modified":"2026-03-04T16:33:03","modified_gmt":"2026-03-04T16:33:03","slug":"fussball-pokale-als-3er-serie-erhaltlich-ab-145cm","status":"publish","type":"product","link":"https:\/\/pokale.shop\/ps\/product\/fussball-pokale-als-3er-serie-erhaltlich-ab-145cm\/","title":{"rendered":"Fussball Pokale als 3er Serie erh\u00e4ltlich ab 14,5cm"},"content":{"rendered":"<p>Fussball Pokale f\u00fcr alle Fussball Veranstaltungen. Fussball Pokale in gold f\u00fcr kleine und gro\u00dfe Fussball Spieler.<\/p>\n<p>Als 3er Set oder einzeln bestellbar in folgenden Gr\u00f6\u00dfen:<\/p>\n<p>14,5cm, 15,5cm, 16cm<\/p>\n<p>Der Pokalsockel ist aus edlen schwarzen Marmor gefertigt.<\/p>\n<p>Selbstverst\u00e4ndlich ist im Preis bereits die Gravur je Pokal enthalten.<br \/>\nGeben Sie hierzu einfach Ihren gew\u00fcnschten Gravurtext f\u00fcr alle Pokale in das Textfeld ein. Platzierungen k\u00f6nnen Sie mit 1-3.Platz angegeben.<\/p>\n<p><b>Bitte beachten Sie &#8211; f\u00fcr das Gravurschild stehen Ihnen 3-4 Zeilen zur Verf\u00fcgung &#8211; pro Zeile max. 30 Zeichen inkl. Leerzeichen. <\/b><\/p>\n","protected":false},"excerpt":{"rendered":"<p>Fussball Pokale f\u00fcr alle Fussball Veranstaltungen. Fussball Pokale in gold f\u00fcr kleine und gro\u00dfe Fussball Spieler. Als 3er Set oder einzeln bestellbar in folgenden Gr\u00f6\u00dfen: 14,5cm, 15,5cm, 16cm Der Pokalsockel ist aus edlen schwarzen Marmor gefertigt. Selbstverst\u00e4ndlich ist im Preis bereits die Gravur je Pokal enthalten. Geben Sie hierzu einfach&hellip;<\/p>\n","protected":false},"featured_media":11772,"comment_status":"open","ping_status":"closed","template":"","meta":{"spay_email":""},"product_cat":[16,32,36],"product_tag":[],"class_list":["post-4184","product","type-product","status-publish","has-post-thumbnail","hentry","product_cat-pokale","product_cat-themen-pokale","product_cat-fussball-pokale"],"_links":{"self":[{"href":"https:\/\/pokale.shop\/ps\/wp-json\/wp\/v2\/product\/4184","targetHints":{"allow":["GET"]}}],"collection":[{"href":"https:\/\/pokale.shop\/ps\/wp-json\/wp\/v2\/product"}],"about":[{"href":"https:\/\/pokale.shop\/ps\/wp-json\/wp\/v2\/types\/product"}],"replies":[{"embeddable":true,"href":"https:\/\/pokale.shop\/ps\/wp-json\/wp\/v2\/comments?post=4184"}],"wp:featuredmedia":[{"embeddable":true,"href":"https:\/\/pokale.shop\/ps\/wp-json\/wp\/v2\/media\/11772"}],"wp:attachment":[{"href":"https:\/\/pokale.shop\/ps\/wp-json\/wp\/v2\/media?parent=4184"}],"wp:term":[{"taxonomy":"product_cat","embeddable":true,"href":"https:\/\/pokale.shop\/ps\/wp-json\/wp\/v2\/product_cat?post=4184"},{"taxonomy":"product_tag","embeddable":true,"href":"https:\/\/pokale.shop\/ps\/wp-json\/wp\/v2\/product_tag?post=4184"}],"curies":[{"name":"wp","href":"https:\/\/api.w.org\/{rel}","templated":true}]}}