{"id":4186,"date":"2021-06-02T20:51:35","date_gmt":"2021-06-02T20:51:35","guid":{"rendered":"http:\/\/localhost\/import\/product\/fussball-pokale-resin-als-3er-serie-erhaltlich-ab-17cm\/"},"modified":"2021-06-28T04:16:57","modified_gmt":"2021-06-28T04:16:57","slug":"fussball-pokale-resin-als-3er-serie-erhaltlich-ab-17cm","status":"publish","type":"product","link":"https:\/\/pokale.shop\/ps\/product\/fussball-pokale-resin-als-3er-serie-erhaltlich-ab-17cm\/","title":{"rendered":"Fussball Pokale Resin als 3er Serie erh\u00e4ltlich ab 17cm"},"content":{"rendered":"<p>Sehr sch\u00f6ne Fussball Resin Pokale f\u00fcr alle Fussball Veranstaltungen. Fussball Pokale Figuren f\u00fcr kleine und gro\u00dfe Fussball Spieler.<\/p>\n<p>Als 3er Set oder einzeln bestellbar in folgenden Gr\u00f6\u00dfen:<\/p>\n<p>17cm, 24cm, 27cm<\/p>\n<p>Selbstverst\u00e4ndlich ist im Preis bereits die Gravur je Pokal enthalten.<br \/>\nGeben Sie hierzu einfach Ihren gew\u00fcnschten Gravurtext f\u00fcr alle Pokale in das Textfeld ein. Platzierungen k\u00f6nnen Sie mit 1-3.Platz angegeben.<\/p>\n<p><b>Bitte beachten Sie &#8211; f\u00fcr das Gravurschild stehen Ihnen 3-4 Zeilen zur Verf\u00fcgung &#8211; pro Zeile max. 30 Zeichen inkl. Leerzeichen. <\/b><\/p>\n","protected":false},"excerpt":{"rendered":"<p>Sehr sch\u00f6ne Fussball Resin Pokale f\u00fcr alle Fussball Veranstaltungen. Fussball Pokale Figuren f\u00fcr kleine und gro\u00dfe Fussball Spieler. Als 3er Set oder einzeln bestellbar in folgenden Gr\u00f6\u00dfen: 17cm, 24cm, 27cm Selbstverst\u00e4ndlich ist im Preis bereits die Gravur je Pokal enthalten. Geben Sie hierzu einfach Ihren gew\u00fcnschten Gravurtext f\u00fcr alle Pokale&hellip;<\/p>\n","protected":false},"featured_media":4187,"comment_status":"open","ping_status":"closed","template":"","meta":{"spay_email":""},"product_cat":[16,32,36],"product_tag":[],"class_list":["post-4186","product","type-product","status-publish","has-post-thumbnail","hentry","product_cat-pokale","product_cat-themen-pokale","product_cat-fussball-pokale"],"_links":{"self":[{"href":"https:\/\/pokale.shop\/ps\/wp-json\/wp\/v2\/product\/4186","targetHints":{"allow":["GET"]}}],"collection":[{"href":"https:\/\/pokale.shop\/ps\/wp-json\/wp\/v2\/product"}],"about":[{"href":"https:\/\/pokale.shop\/ps\/wp-json\/wp\/v2\/types\/product"}],"replies":[{"embeddable":true,"href":"https:\/\/pokale.shop\/ps\/wp-json\/wp\/v2\/comments?post=4186"}],"wp:featuredmedia":[{"embeddable":true,"href":"https:\/\/pokale.shop\/ps\/wp-json\/wp\/v2\/media\/4187"}],"wp:attachment":[{"href":"https:\/\/pokale.shop\/ps\/wp-json\/wp\/v2\/media?parent=4186"}],"wp:term":[{"taxonomy":"product_cat","embeddable":true,"href":"https:\/\/pokale.shop\/ps\/wp-json\/wp\/v2\/product_cat?post=4186"},{"taxonomy":"product_tag","embeddable":true,"href":"https:\/\/pokale.shop\/ps\/wp-json\/wp\/v2\/product_tag?post=4186"}],"curies":[{"name":"wp","href":"https:\/\/api.w.org\/{rel}","templated":true}]}}