{"id":4190,"date":"2021-06-02T20:51:41","date_gmt":"2021-06-02T20:51:41","guid":{"rendered":"http:\/\/localhost\/import\/product\/pokale-fire-gunstiger-pokal-mit-gravur\/"},"modified":"2024-12-10T15:52:25","modified_gmt":"2024-12-10T15:52:25","slug":"pokale-fire-gunstiger-pokal-mit-gravur","status":"publish","type":"product","link":"https:\/\/pokale.shop\/ps\/product\/pokale-fire-gunstiger-pokal-mit-gravur\/","title":{"rendered":"Pokale &#8211; Fire g\u00fcnstiger Pokal mit Gravur"},"content":{"rendered":"<p>Unsere TOP Pokal FIRE TROFEO &#8211; Pokal f\u00fcr alle Auszeichnungen und Events zu einem Top Preis.<\/p>\n<p>Ob elegant, klassisch oder trendig &#8211; bei uns finden Sie f\u00fcr jedes Event den richtigen Pokal.<br \/>\nEs sind Pokale f\u00fcr ganz besondere Auszeichnungen und Events zu einem Top Preis.<\/p>\n<p>Sie erhalten <b>einen Pokal<\/b> Gr\u00f6\u00dfe:<br \/>\n1 x Pokal H\u00f6he: 16 cm<\/p>\n<p>Material: Sockel hochwertiger Marmor, Fu\u00df &#8211; Kunststoff, Zierteil gold silber &#8211; Kunststoff<\/p>\n<p>Selbstverst\u00e4ndlich ist im Preis bereits die Gravur und das Emblem enthalten.<br \/>\nGeben Sie hierzu einfach Ihren gew\u00fcnschten Gravurtext f\u00fcr Ihren Pokal in das Textfeld ein.<\/p>\n<p><b>Bitte beachten Sie &#8211; f\u00fcr das Gravurschild stehen Ihnen 3-4 Zeilen zur Verf\u00fcgung &#8211; pro Zeile max. 30 Zeichen inkl. Leerzeichen. <\/b><b><\/b><\/p>\n<p>&nbsp;<\/p>\n","protected":false},"excerpt":{"rendered":"<p>Unsere TOP Pokal FIRE TROFEO &#8211; Pokal f\u00fcr alle Auszeichnungen und Events zu einem Top Preis. Ob elegant, klassisch oder trendig &#8211; bei uns finden Sie f\u00fcr jedes Event den richtigen Pokal. Es sind Pokale f\u00fcr ganz besondere Auszeichnungen und Events zu einem Top Preis. Sie erhalten einen Pokal Gr\u00f6\u00dfe:&hellip;<\/p>\n","protected":false},"featured_media":4191,"comment_status":"open","ping_status":"closed","template":"","meta":{"spay_email":""},"product_cat":[16,17,18],"product_tag":[],"class_list":["post-4190","product","type-product","status-publish","has-post-thumbnail","hentry","product_cat-pokale","product_cat-pokale-pokale","product_cat-einzelpokale"],"_links":{"self":[{"href":"https:\/\/pokale.shop\/ps\/wp-json\/wp\/v2\/product\/4190","targetHints":{"allow":["GET"]}}],"collection":[{"href":"https:\/\/pokale.shop\/ps\/wp-json\/wp\/v2\/product"}],"about":[{"href":"https:\/\/pokale.shop\/ps\/wp-json\/wp\/v2\/types\/product"}],"replies":[{"embeddable":true,"href":"https:\/\/pokale.shop\/ps\/wp-json\/wp\/v2\/comments?post=4190"}],"wp:featuredmedia":[{"embeddable":true,"href":"https:\/\/pokale.shop\/ps\/wp-json\/wp\/v2\/media\/4191"}],"wp:attachment":[{"href":"https:\/\/pokale.shop\/ps\/wp-json\/wp\/v2\/media?parent=4190"}],"wp:term":[{"taxonomy":"product_cat","embeddable":true,"href":"https:\/\/pokale.shop\/ps\/wp-json\/wp\/v2\/product_cat?post=4190"},{"taxonomy":"product_tag","embeddable":true,"href":"https:\/\/pokale.shop\/ps\/wp-json\/wp\/v2\/product_tag?post=4190"}],"curies":[{"name":"wp","href":"https:\/\/api.w.org\/{rel}","templated":true}]}}