{"id":4208,"date":"2021-06-02T20:52:05","date_gmt":"2021-06-02T20:52:05","guid":{"rendered":"http:\/\/localhost\/import\/product\/9er-pokalserie-blue-starlight-ab-27cm\/"},"modified":"2025-06-27T10:10:15","modified_gmt":"2025-06-27T10:10:15","slug":"9er-pokalserie-blue-starlight-ab-27cm","status":"publish","type":"product","link":"https:\/\/pokale.shop\/ps\/product\/9er-pokalserie-blue-starlight-ab-27cm\/","title":{"rendered":"9er Pokalserie BLUE STARLIGHT Strahlende Eleganz: Die BLUE Starlight Troph\u00e4enserie in Silber-Blau"},"content":{"rendered":"<p>Die BLUE Starlight Troph\u00e4enserie in Silber-Blau &#8211; Ein TOP POKAL zu einem TOP PREIS! Mit dieser Troph\u00e4enserie wird jede Preisverleihung zu einem absoluten H\u00f6hepunkt. Diese Pokale sind f\u00fcr ganz besondere Auszeichnungen und Events zu einem unschlagbaren Preis erh\u00e4ltlich.<\/p>\n<p>In diesem Set erhalten Sie insgesamt 9 Pokale in verschiedenen Gr\u00f6\u00dfen:<\/p>\n<p>1 x Pokal (H\u00f6he: 27 cm &#8211; Durchmesser: 8 cm)<\/p>\n<p>1 x Pokal (H\u00f6he: 28 cm &#8211; Durchmesser: 8 cm)<\/p>\n<p>1 x Pokal (H\u00f6he: 28,5 cm &#8211; Durchmesser: 8 cm)<\/p>\n<p>1 x Pokal (H\u00f6he: 30 cm &#8211; Durchmesser: 8 cm)<\/p>\n<p>1 x Pokal (H\u00f6he: 32 cm &#8211; Durchmesser: 10 cm)<\/p>\n<p>1 x Pokal (H\u00f6he: 33 cm &#8211; Durchmesser: 10 cm)<\/p>\n<p>1 x Pokal (H\u00f6he: 34,5 cm &#8211; Durchmesser: 10 cm)<\/p>\n<p>1 x Pokal (H\u00f6he: 35 cm &#8211; Durchmesser: 10 cm)<\/p>\n<p>1 x Pokal (H\u00f6he: 36 cm &#8211; Durchmesser: 12 cm)<\/p>\n<p>Im Preis inbegriffen ist bereits die Gravur und das Emblem f\u00fcr jeden Pokal. Geben Sie einfach Ihren gew\u00fcnschten Gravurtext f\u00fcr alle Troph\u00e4en in das entsprechende Textfeld ein.<\/p>\n<p>Bitte beachten Sie, dass f\u00fcr die Gravurplatte 3-4 Zeilen zur Verf\u00fcgung stehen, mit einer maximalen Zeichenanzahl von 30 Zeichen pro Zeile, einschlie\u00dflich Leerzeichen.<\/p>\n<p>Mit der BLUE Starlight Troph\u00e4enserie in Silber-Blau setzen Sie ein gl\u00e4nzendes Highlight f\u00fcr Ihre Preisverleihung und sorgen f\u00fcr unvergessliche Momente. Diese Troph\u00e4en sind nicht nur ein Symbol f\u00fcr herausragende Leistungen, sondern auch f\u00fcr ein unschlagbares Preis-Leistungs-Verh\u00e4ltnis. Holen Sie sich diese beeindruckenden Pokale noch heute und machen Sie Ihre Veranstaltung zu einem unvergesslichen Ereignis!<\/p>\n<p>&nbsp;<\/p>\n<p align=\"center\"><b>\u00a0<\/b><\/p>\n","protected":false},"excerpt":{"rendered":"<p>Die BLUE Starlight Troph\u00e4enserie in Silber-Blau &#8211; Ein TOP POKAL zu einem TOP PREIS! Mit dieser Troph\u00e4enserie wird jede Preisverleihung zu einem absoluten H\u00f6hepunkt. Diese Pokale sind f\u00fcr ganz besondere Auszeichnungen und Events zu einem unschlagbaren Preis erh\u00e4ltlich. In diesem Set erhalten Sie insgesamt 9 Pokale in verschiedenen Gr\u00f6\u00dfen: 1&hellip;<\/p>\n","protected":false},"featured_media":4209,"comment_status":"open","ping_status":"closed","template":"","meta":{"spay_email":""},"product_cat":[16,17,23],"product_tag":[],"class_list":["post-4208","product","type-product","status-publish","has-post-thumbnail","hentry","product_cat-pokale","product_cat-pokale-pokale","product_cat-9er-pokale-serie"],"_links":{"self":[{"href":"https:\/\/pokale.shop\/ps\/wp-json\/wp\/v2\/product\/4208","targetHints":{"allow":["GET"]}}],"collection":[{"href":"https:\/\/pokale.shop\/ps\/wp-json\/wp\/v2\/product"}],"about":[{"href":"https:\/\/pokale.shop\/ps\/wp-json\/wp\/v2\/types\/product"}],"replies":[{"embeddable":true,"href":"https:\/\/pokale.shop\/ps\/wp-json\/wp\/v2\/comments?post=4208"}],"wp:featuredmedia":[{"embeddable":true,"href":"https:\/\/pokale.shop\/ps\/wp-json\/wp\/v2\/media\/4209"}],"wp:attachment":[{"href":"https:\/\/pokale.shop\/ps\/wp-json\/wp\/v2\/media?parent=4208"}],"wp:term":[{"taxonomy":"product_cat","embeddable":true,"href":"https:\/\/pokale.shop\/ps\/wp-json\/wp\/v2\/product_cat?post=4208"},{"taxonomy":"product_tag","embeddable":true,"href":"https:\/\/pokale.shop\/ps\/wp-json\/wp\/v2\/product_tag?post=4208"}],"curies":[{"name":"wp","href":"https:\/\/api.w.org\/{rel}","templated":true}]}}