{"id":4226,"date":"2021-06-02T20:52:28","date_gmt":"2021-06-02T20:52:28","guid":{"rendered":"http:\/\/localhost\/import\/product\/3er-pokalserie-red-starlight-ab-27cm\/"},"modified":"2025-07-22T11:51:44","modified_gmt":"2025-07-22T11:51:44","slug":"3er-pokalserie-red-starlight-ab-27cm","status":"publish","type":"product","link":"https:\/\/pokale.shop\/ps\/product\/3er-pokalserie-red-starlight-ab-27cm\/","title":{"rendered":"3er Pokalserie RED STARLIGHT ab 27cm"},"content":{"rendered":"<p>TOP POKALE zum TOP PREIS &#8211; mit unserer Pokalserie RED Starlight in silber rot wird Ihre Siegerehrung zum absoluten Highlight !<br \/>\nEs sind Pokale f\u00fcr ganz besondere Auszeichnungen und Events zu einem Top Preis.<\/p>\n<p>Sie erhalten <b>3 Pokale<\/b> in folgenden Gr\u00f6\u00dfen:<br \/>\n1 x Pokal (H\u00f6he: 27 cm &#8211; Durchmesser: 8 cm)<\/p>\n<p>1 x Pokal (H\u00f6he: 28 cm &#8211; Durchmesser: 8 cm )<\/p>\n<p>1 x Pokal (H\u00f6he: 28,5 cm &#8211; Durchmesser: 8 cm)<\/p>\n<p>Selbstverst\u00e4ndlich ist im Preis bereits die Gravur und das Emblem je Pokal enthalten.<br \/>\nGeben Sie hierzu einfach Ihren gew\u00fcnschten Gravurtext f\u00fcr alle Pokale in das Textfeld ein.<\/p>\n<p><b>Bitte beachten Sie &#8211; f\u00fcr das Gravurschild stehen Ihnen 3-4 Zeilen zur Verf\u00fcgung &#8211; pro Zeile max. 30 Zeichen inkl. Leerzeichen. <\/b><\/p>\n<p>&nbsp;<\/p>\n","protected":false},"excerpt":{"rendered":"<p>TOP POKALE zum TOP PREIS &#8211; mit unserer Pokalserie RED Starlight in silber rot wird Ihre Siegerehrung zum absoluten Highlight ! Es sind Pokale f\u00fcr ganz besondere Auszeichnungen und Events zu einem Top Preis. Sie erhalten 3 Pokale in folgenden Gr\u00f6\u00dfen: 1 x Pokal (H\u00f6he: 27 cm &#8211; Durchmesser: 8&hellip;<\/p>\n","protected":false},"featured_media":4227,"comment_status":"open","ping_status":"closed","template":"","meta":{"spay_email":""},"product_cat":[16,17,19],"product_tag":[],"class_list":["post-4226","product","type-product","status-publish","has-post-thumbnail","hentry","product_cat-pokale","product_cat-pokale-pokale","product_cat-3er-pokale-serie"],"_links":{"self":[{"href":"https:\/\/pokale.shop\/ps\/wp-json\/wp\/v2\/product\/4226","targetHints":{"allow":["GET"]}}],"collection":[{"href":"https:\/\/pokale.shop\/ps\/wp-json\/wp\/v2\/product"}],"about":[{"href":"https:\/\/pokale.shop\/ps\/wp-json\/wp\/v2\/types\/product"}],"replies":[{"embeddable":true,"href":"https:\/\/pokale.shop\/ps\/wp-json\/wp\/v2\/comments?post=4226"}],"wp:featuredmedia":[{"embeddable":true,"href":"https:\/\/pokale.shop\/ps\/wp-json\/wp\/v2\/media\/4227"}],"wp:attachment":[{"href":"https:\/\/pokale.shop\/ps\/wp-json\/wp\/v2\/media?parent=4226"}],"wp:term":[{"taxonomy":"product_cat","embeddable":true,"href":"https:\/\/pokale.shop\/ps\/wp-json\/wp\/v2\/product_cat?post=4226"},{"taxonomy":"product_tag","embeddable":true,"href":"https:\/\/pokale.shop\/ps\/wp-json\/wp\/v2\/product_tag?post=4226"}],"curies":[{"name":"wp","href":"https:\/\/api.w.org\/{rel}","templated":true}]}}