{"id":4238,"date":"2021-06-02T20:52:44","date_gmt":"2021-06-02T20:52:44","guid":{"rendered":"http:\/\/localhost\/import\/product\/6er-pokalserie-blue-mini-thunder-ab-135cm\/"},"modified":"2021-07-14T12:32:56","modified_gmt":"2021-07-14T12:32:56","slug":"6er-pokalserie-blue-mini-thunder-ab-135cm","status":"publish","type":"product","link":"https:\/\/pokale.shop\/ps\/product\/6er-pokalserie-blue-mini-thunder-ab-135cm\/","title":{"rendered":"6er Pokalserie BLUE MINI THUNDER ab 13,5cm"},"content":{"rendered":"<p>TOP POKALE zum TOP PREIS &#8211; mit unserer Pokalserie BLUE MINI THUNDER in silber blau wird Ihre Siegerehrung zum absoluten Highlight !<br \/>\nEs sind Pokale f\u00fcr ganz besondere Auszeichnungen und Events zu einem Top Preis.<\/p>\n<p>Sie erhalten <b>6 Pokale<\/b> in folgenden Gr\u00f6\u00dfen:<br \/>\n1 x Pokal (H\u00f6he: 13,5 cm &#8211; Durchmesser: 8 cm)<\/p>\n<p>1 x Pokal (H\u00f6he: 14,5 cm &#8211; Durchmesser: 8 cm )<\/p>\n<p>1 x Pokal (H\u00f6he: 15,5 cm &#8211; Durchmesser: 8 cm)<\/p>\n<p>1 x Pokal (H\u00f6he: 16,5 cm &#8211; Durchmesser: 10 cm )<\/p>\n<p>1 x Pokal (H\u00f6he: 18 cm &#8211; Durchmesser: 10 cm)<\/p>\n<p>1 x Pokal (H\u00f6he: 19 cm &#8211; Durchmesser: 12 cm)<\/p>\n<p>Selbstverst\u00e4ndlich ist im Preis bereits die Gravur und das Emblem je Pokal enthalten.<br \/>\nGeben Sie hierzu einfach Ihren gew\u00fcnschten Gravurtext f\u00fcr alle Pokale in das Textfeld ein.<\/p>\n<p><b>Bitte beachten Sie &#8211; f\u00fcr das Gravurschild stehen Ihnen 3-4 Zeilen zur Verf\u00fcgung &#8211; pro Zeile max. 30 Zeichen inkl. Leerzeichen. <\/b><\/p>\n<p>&nbsp;<\/p>\n","protected":false},"excerpt":{"rendered":"<p>TOP POKALE zum TOP PREIS &#8211; mit unserer Pokalserie BLUE MINI THUNDER in silber blau wird Ihre Siegerehrung zum absoluten Highlight ! Es sind Pokale f\u00fcr ganz besondere Auszeichnungen und Events zu einem Top Preis. Sie erhalten 6 Pokale in folgenden Gr\u00f6\u00dfen: 1 x Pokal (H\u00f6he: 13,5 cm &#8211; Durchmesser:&hellip;<\/p>\n","protected":false},"featured_media":4239,"comment_status":"open","ping_status":"closed","template":"","meta":{"spay_email":""},"product_cat":[16,17,21],"product_tag":[],"class_list":["post-4238","product","type-product","status-publish","has-post-thumbnail","hentry","product_cat-pokale","product_cat-pokale-pokale","product_cat-6er-pokale-serie"],"_links":{"self":[{"href":"https:\/\/pokale.shop\/ps\/wp-json\/wp\/v2\/product\/4238","targetHints":{"allow":["GET"]}}],"collection":[{"href":"https:\/\/pokale.shop\/ps\/wp-json\/wp\/v2\/product"}],"about":[{"href":"https:\/\/pokale.shop\/ps\/wp-json\/wp\/v2\/types\/product"}],"replies":[{"embeddable":true,"href":"https:\/\/pokale.shop\/ps\/wp-json\/wp\/v2\/comments?post=4238"}],"wp:featuredmedia":[{"embeddable":true,"href":"https:\/\/pokale.shop\/ps\/wp-json\/wp\/v2\/media\/4239"}],"wp:attachment":[{"href":"https:\/\/pokale.shop\/ps\/wp-json\/wp\/v2\/media?parent=4238"}],"wp:term":[{"taxonomy":"product_cat","embeddable":true,"href":"https:\/\/pokale.shop\/ps\/wp-json\/wp\/v2\/product_cat?post=4238"},{"taxonomy":"product_tag","embeddable":true,"href":"https:\/\/pokale.shop\/ps\/wp-json\/wp\/v2\/product_tag?post=4238"}],"curies":[{"name":"wp","href":"https:\/\/api.w.org\/{rel}","templated":true}]}}