{"id":4252,"date":"2021-06-02T20:53:02","date_gmt":"2021-06-02T20:53:02","guid":{"rendered":"http:\/\/localhost\/import\/product\/10er-fussball-pokale-silver-champion-ab-31cm\/"},"modified":"2025-06-10T11:30:23","modified_gmt":"2025-06-10T11:30:23","slug":"10er-fussball-pokale-silver-champion-ab-31cm","status":"publish","type":"product","link":"https:\/\/pokale.shop\/ps\/product\/10er-fussball-pokale-silver-champion-ab-31cm\/","title":{"rendered":"10er Fussball Pokale Silver Champion ab 31cm"},"content":{"rendered":"<p>Fu\u00dfballtroph\u00e4en zum Vereinspreis! Diese Serie ist in zwei aufregenden Farbkombinationen erh\u00e4ltlich: Silber-Rot und Silber-Blau, sowie in sagenhaften 10 verschiedenen Gr\u00f6\u00dfen. W\u00e4hlen Sie ganz einfach Ihren pers\u00f6nlichen Favoriten aus und machen Sie Ihr Event unvergesslich!<\/p>\n<p>F\u00fcr all diejenigen, die ihre Leidenschaft f\u00fcr Fu\u00dfball zelebrieren m\u00f6chten, sind unsere FUSSBALL Troph\u00e4en ein absolutes Muss! Diese Troph\u00e4en werden Ihre Preisverleihung zu einem absoluten Highlight machen, das noch lange in Erinnerung bleiben wird!<\/p>\n<p>10 verschiedene Gr\u00f6\u00dfen stehen zur Auswahl, angefangen von 31 cm bis zu imposanten 42 cm H\u00f6he. Jeder Pokal ist aus hochwertigen Materialien wie wei\u00dfem Marmor f\u00fcr den Sockel, robustem Metall Cup und Deckel, sowie detailreichen Kunststofffiguren.<\/p>\n<p>Und das Beste: Die Gravur f\u00fcr jede Troph\u00e4e ist bereits im Preis inbegriffen! Geben Sie einfach Ihren gew\u00fcnschten Gravurtext f\u00fcr jede Troph\u00e4e ein und lassen Sie Ihre Troph\u00e4en noch pers\u00f6nlicher werden.<\/p>\n<p>Bitte beachten Sie &#8211; F\u00fcr die Gravurplatte stehen 3-4 Zeilen zur Verf\u00fcgung &#8211; maximal 30 Zeichen pro Zeile, inklusive Leerzeichen. Machen Sie Ihren Moment unvergesslich mit unseren Fu\u00dfballtroph\u00e4en!<\/p>\n","protected":false},"excerpt":{"rendered":"<p>Fu\u00dfballtroph\u00e4en zum Vereinspreis! Diese Serie ist in zwei aufregenden Farbkombinationen erh\u00e4ltlich: Silber-Rot und Silber-Blau, sowie in sagenhaften 10 verschiedenen Gr\u00f6\u00dfen. W\u00e4hlen Sie ganz einfach Ihren pers\u00f6nlichen Favoriten aus und machen Sie Ihr Event unvergesslich! F\u00fcr all diejenigen, die ihre Leidenschaft f\u00fcr Fu\u00dfball zelebrieren m\u00f6chten, sind unsere FUSSBALL Troph\u00e4en ein absolutes&hellip;<\/p>\n","protected":false},"featured_media":11538,"comment_status":"open","ping_status":"closed","template":"","meta":{"spay_email":""},"product_cat":[16,17,26,32,36],"product_tag":[],"class_list":["post-4252","product","type-product","status-publish","has-post-thumbnail","hentry","product_cat-pokale","product_cat-pokale-pokale","product_cat-10er-pokale-serie","product_cat-themen-pokale","product_cat-fussball-pokale"],"_links":{"self":[{"href":"https:\/\/pokale.shop\/ps\/wp-json\/wp\/v2\/product\/4252","targetHints":{"allow":["GET"]}}],"collection":[{"href":"https:\/\/pokale.shop\/ps\/wp-json\/wp\/v2\/product"}],"about":[{"href":"https:\/\/pokale.shop\/ps\/wp-json\/wp\/v2\/types\/product"}],"replies":[{"embeddable":true,"href":"https:\/\/pokale.shop\/ps\/wp-json\/wp\/v2\/comments?post=4252"}],"wp:featuredmedia":[{"embeddable":true,"href":"https:\/\/pokale.shop\/ps\/wp-json\/wp\/v2\/media\/11538"}],"wp:attachment":[{"href":"https:\/\/pokale.shop\/ps\/wp-json\/wp\/v2\/media?parent=4252"}],"wp:term":[{"taxonomy":"product_cat","embeddable":true,"href":"https:\/\/pokale.shop\/ps\/wp-json\/wp\/v2\/product_cat?post=4252"},{"taxonomy":"product_tag","embeddable":true,"href":"https:\/\/pokale.shop\/ps\/wp-json\/wp\/v2\/product_tag?post=4252"}],"curies":[{"name":"wp","href":"https:\/\/api.w.org\/{rel}","templated":true}]}}