{"id":4284,"date":"2021-06-02T20:53:48","date_gmt":"2021-06-02T20:53:48","guid":{"rendered":"http:\/\/localhost\/import\/product\/angel-trophae-vom-feinsten-40cm\/"},"modified":"2021-06-25T11:25:55","modified_gmt":"2021-06-25T11:25:55","slug":"angel-trophae-vom-feinsten-40cm","status":"publish","type":"product","link":"https:\/\/pokale.shop\/ps\/product\/angel-trophae-vom-feinsten-40cm\/","title":{"rendered":"ANGEL TROPH\u00c4E vom Feinsten 40cm"},"content":{"rendered":"<p>Gro\u00df und detailreich pr\u00e4sentiert sich dieser Angel Pokal. Sehr sch\u00f6ne Auszeichnung f\u00fcr alle Angel Sportler bestens geeignet.<\/p>\n<p>Ob elegant, klassisch oder trendig &#8211; bei uns finden Sie f\u00fcr jedes Event den richtigen Pokal oder Medaillen.<\/p>\n<p>H\u00f6he: 40cm<\/p>\n<p>Selbstverst\u00e4ndlich ist im Preis bereits die Gravur je Pokal enthalten.<br \/>\nGeben Sie hierzu einfach Ihren gew\u00fcnschten Gravurtext f\u00fcr alle Pokale in das Textfeld ein.<\/p>\n<p><b>Bitte beachten Sie &#8211; f\u00fcr das Gravurschild stehen Ihnen 3-4 Zeilen zur Verf\u00fcgung &#8211; pro Zeile max. 30 Zeichen inkl. Leerzeichen. <\/b><\/p>\n","protected":false},"excerpt":{"rendered":"<p>Gro\u00df und detailreich pr\u00e4sentiert sich dieser Angel Pokal. Sehr sch\u00f6ne Auszeichnung f\u00fcr alle Angel Sportler bestens geeignet. Ob elegant, klassisch oder trendig &#8211; bei uns finden Sie f\u00fcr jedes Event den richtigen Pokal oder Medaillen. H\u00f6he: 40cm Selbstverst\u00e4ndlich ist im Preis bereits die Gravur je Pokal enthalten. Geben Sie hierzu&hellip;<\/p>\n","protected":false},"featured_media":4285,"comment_status":"open","ping_status":"closed","template":"","meta":{"spay_email":""},"product_cat":[16,17,18,32,40],"product_tag":[],"class_list":["post-4284","product","type-product","status-publish","has-post-thumbnail","hentry","product_cat-pokale","product_cat-pokale-pokale","product_cat-einzelpokale","product_cat-themen-pokale","product_cat-angel-pokale"],"_links":{"self":[{"href":"https:\/\/pokale.shop\/ps\/wp-json\/wp\/v2\/product\/4284","targetHints":{"allow":["GET"]}}],"collection":[{"href":"https:\/\/pokale.shop\/ps\/wp-json\/wp\/v2\/product"}],"about":[{"href":"https:\/\/pokale.shop\/ps\/wp-json\/wp\/v2\/types\/product"}],"replies":[{"embeddable":true,"href":"https:\/\/pokale.shop\/ps\/wp-json\/wp\/v2\/comments?post=4284"}],"wp:featuredmedia":[{"embeddable":true,"href":"https:\/\/pokale.shop\/ps\/wp-json\/wp\/v2\/media\/4285"}],"wp:attachment":[{"href":"https:\/\/pokale.shop\/ps\/wp-json\/wp\/v2\/media?parent=4284"}],"wp:term":[{"taxonomy":"product_cat","embeddable":true,"href":"https:\/\/pokale.shop\/ps\/wp-json\/wp\/v2\/product_cat?post=4284"},{"taxonomy":"product_tag","embeddable":true,"href":"https:\/\/pokale.shop\/ps\/wp-json\/wp\/v2\/product_tag?post=4284"}],"curies":[{"name":"wp","href":"https:\/\/api.w.org\/{rel}","templated":true}]}}