{"id":4286,"date":"2021-06-02T20:53:51","date_gmt":"2021-06-02T20:53:51","guid":{"rendered":"http:\/\/localhost\/import\/product\/angel-pokale-gunstiger-pokal-12cm\/"},"modified":"2021-06-25T11:23:26","modified_gmt":"2021-06-25T11:23:26","slug":"angel-pokale-gunstiger-pokal-12cm","status":"publish","type":"product","link":"https:\/\/pokale.shop\/ps\/product\/angel-pokale-gunstiger-pokal-12cm\/","title":{"rendered":"Angel Pokale g\u00fcnstiger Pokal 12cm"},"content":{"rendered":"<p>G\u00fcnstiger Angel Pokal mit Gravur.<\/p>\n<p>H\u00f6he: 12cm<\/p>\n<p>Selbstverst\u00e4ndlich ist im Preis bereits die Gravur je Pokal enthalten.<br \/>\nGeben Sie hierzu einfach Ihren gew\u00fcnschten Gravurtext f\u00fcr alle Pokale in das Textfeld ein.<\/p>\n<p><b>Bitte beachten Sie &#8211; f\u00fcr das Gravurschild stehen Ihnen 3-4 Zeilen zur Verf\u00fcgung &#8211; pro Zeile max. 30 Zeichen inkl. Leerzeichen. <\/b><\/p>\n","protected":false},"excerpt":{"rendered":"<p>G\u00fcnstiger Angel Pokal mit Gravur. H\u00f6he: 12cm Selbstverst\u00e4ndlich ist im Preis bereits die Gravur je Pokal enthalten. Geben Sie hierzu einfach Ihren gew\u00fcnschten Gravurtext f\u00fcr alle Pokale in das Textfeld ein. Bitte beachten Sie &#8211; f\u00fcr das Gravurschild stehen Ihnen 3-4 Zeilen zur Verf\u00fcgung &#8211; pro Zeile max. 30 Zeichen&hellip;<\/p>\n","protected":false},"featured_media":4287,"comment_status":"open","ping_status":"closed","template":"","meta":{"spay_email":""},"product_cat":[16,17,18,32,40],"product_tag":[],"class_list":["post-4286","product","type-product","status-publish","has-post-thumbnail","hentry","product_cat-pokale","product_cat-pokale-pokale","product_cat-einzelpokale","product_cat-themen-pokale","product_cat-angel-pokale"],"_links":{"self":[{"href":"https:\/\/pokale.shop\/ps\/wp-json\/wp\/v2\/product\/4286","targetHints":{"allow":["GET"]}}],"collection":[{"href":"https:\/\/pokale.shop\/ps\/wp-json\/wp\/v2\/product"}],"about":[{"href":"https:\/\/pokale.shop\/ps\/wp-json\/wp\/v2\/types\/product"}],"replies":[{"embeddable":true,"href":"https:\/\/pokale.shop\/ps\/wp-json\/wp\/v2\/comments?post=4286"}],"wp:featuredmedia":[{"embeddable":true,"href":"https:\/\/pokale.shop\/ps\/wp-json\/wp\/v2\/media\/4287"}],"wp:attachment":[{"href":"https:\/\/pokale.shop\/ps\/wp-json\/wp\/v2\/media?parent=4286"}],"wp:term":[{"taxonomy":"product_cat","embeddable":true,"href":"https:\/\/pokale.shop\/ps\/wp-json\/wp\/v2\/product_cat?post=4286"},{"taxonomy":"product_tag","embeddable":true,"href":"https:\/\/pokale.shop\/ps\/wp-json\/wp\/v2\/product_tag?post=4286"}],"curies":[{"name":"wp","href":"https:\/\/api.w.org\/{rel}","templated":true}]}}