{"id":4288,"date":"2021-06-02T20:53:54","date_gmt":"2021-06-02T20:53:54","guid":{"rendered":"http:\/\/localhost\/import\/product\/angel-pokale-3er-serie-ab-16cm\/"},"modified":"2025-05-01T08:13:37","modified_gmt":"2025-05-01T08:13:37","slug":"angel-pokale-3er-serie-ab-16cm","status":"publish","type":"product","link":"https:\/\/pokale.shop\/ps\/product\/angel-pokale-3er-serie-ab-16cm\/","title":{"rendered":"Angel Pokale 3er SERIE ab 16cm"},"content":{"rendered":"<p>Sehr sch\u00f6ne 3er Pokalserie Auszeichnung f\u00fcr alle Angler. Eine Angler Pokalserie f\u00fcr den Angler Wettkampf bestens geeignet.<\/p>\n<p>Ob elegant, klassisch oder trendige Angel Pokale &#8211; bei uns finden Sie f\u00fcr jedes Event den richtigen Pokal oder Medaillen.<\/p>\n<p>3er Angler Pokale in folgenden Gr\u00f6\u00dfen erh\u00e4ltlich: 16\/18\/20cm<\/p>\n<p>Selbstverst\u00e4ndlich ist im Preis bereits die Gravur je Pokal enthalten.<br \/>\nGeben Sie hierzu einfach Ihren gew\u00fcnschten Gravurtext f\u00fcr alle Pokale in das Textfeld ein.<\/p>\n<p><b>Bitte beachten Sie &#8211; f\u00fcr das Gravurschild stehen Ihnen 3-4 Zeilen zur Verf\u00fcgung &#8211; pro Zeile max. 30 Zeichen inkl. Leerzeichen.<\/b><\/p>\n","protected":false},"excerpt":{"rendered":"<p>Sehr sch\u00f6ne 3er Pokalserie Auszeichnung f\u00fcr alle Angler. Eine Angler Pokalserie f\u00fcr den Angler Wettkampf bestens geeignet. Ob elegant, klassisch oder trendige Angel Pokale &#8211; bei uns finden Sie f\u00fcr jedes Event den richtigen Pokal oder Medaillen. 3er Angler Pokale in folgenden Gr\u00f6\u00dfen erh\u00e4ltlich: 16\/18\/20cm Selbstverst\u00e4ndlich ist im Preis bereits&hellip;<\/p>\n","protected":false},"featured_media":4289,"comment_status":"open","ping_status":"closed","template":"","meta":{"spay_email":""},"product_cat":[16,17,18,32,40],"product_tag":[],"class_list":["post-4288","product","type-product","status-publish","has-post-thumbnail","hentry","product_cat-pokale","product_cat-pokale-pokale","product_cat-einzelpokale","product_cat-themen-pokale","product_cat-angel-pokale"],"_links":{"self":[{"href":"https:\/\/pokale.shop\/ps\/wp-json\/wp\/v2\/product\/4288","targetHints":{"allow":["GET"]}}],"collection":[{"href":"https:\/\/pokale.shop\/ps\/wp-json\/wp\/v2\/product"}],"about":[{"href":"https:\/\/pokale.shop\/ps\/wp-json\/wp\/v2\/types\/product"}],"replies":[{"embeddable":true,"href":"https:\/\/pokale.shop\/ps\/wp-json\/wp\/v2\/comments?post=4288"}],"wp:featuredmedia":[{"embeddable":true,"href":"https:\/\/pokale.shop\/ps\/wp-json\/wp\/v2\/media\/4289"}],"wp:attachment":[{"href":"https:\/\/pokale.shop\/ps\/wp-json\/wp\/v2\/media?parent=4288"}],"wp:term":[{"taxonomy":"product_cat","embeddable":true,"href":"https:\/\/pokale.shop\/ps\/wp-json\/wp\/v2\/product_cat?post=4288"},{"taxonomy":"product_tag","embeddable":true,"href":"https:\/\/pokale.shop\/ps\/wp-json\/wp\/v2\/product_tag?post=4288"}],"curies":[{"name":"wp","href":"https:\/\/api.w.org\/{rel}","templated":true}]}}