{"id":4294,"date":"2021-06-02T20:54:04","date_gmt":"2021-06-02T20:54:04","guid":{"rendered":"http:\/\/localhost\/import\/product\/bowling-pokale-figuren-resin-ab-16cm\/"},"modified":"2024-12-13T13:08:12","modified_gmt":"2024-12-13T13:08:12","slug":"bowling-pokale-figuren-resin-ab-16cm","status":"publish","type":"product","link":"https:\/\/pokale.shop\/ps\/product\/bowling-pokale-figuren-resin-ab-16cm\/","title":{"rendered":"Bowling Pokale Figuren RESIN ab 16cm"},"content":{"rendered":"<p>Sehr sch\u00f6ne Bowling Pokalserie im Resin LOOK. Mit diesen gro\u00dfen Bowling Pokalen liegen Sie bei jeder Siegerehrung richtig.<\/p>\n<p>3er Serie H\u00f6hen : 16\/18\/20cm<\/p>\n<p>Geben Sie unten einfach den Gravurtext f\u00fcr alle Pokale an.<\/p>\n<p>Selbstverst\u00e4ndlich ist im Preis bereits die Gravur und das Emblem je Pokal enthalten.<br \/>\nGeben Sie hierzu einfach Ihren gew\u00fcnschten Gravurtext f\u00fcr alle Pokale in das Textfeld ein.<\/p>\n<p><b>Bitte beachten Sie &#8211; f\u00fcr das Gravurschild stehen Ihnen 3-4 Zeilen zur Verf\u00fcgung &#8211; pro Zeile max. 30 Zeichen inkl. Leerzeichen.<\/b><\/p>\n","protected":false},"excerpt":{"rendered":"<p>Sehr sch\u00f6ne Bowling Pokalserie im Resin LOOK. Mit diesen gro\u00dfen Bowling Pokalen liegen Sie bei jeder Siegerehrung richtig. 3er Serie H\u00f6hen : 16\/18\/20cm Geben Sie unten einfach den Gravurtext f\u00fcr alle Pokale an. Selbstverst\u00e4ndlich ist im Preis bereits die Gravur und das Emblem je Pokal enthalten. Geben Sie hierzu einfach&hellip;<\/p>\n","protected":false},"featured_media":4295,"comment_status":"open","ping_status":"closed","template":"","meta":{"spay_email":""},"product_cat":[16,32,34],"product_tag":[],"class_list":["post-4294","product","type-product","status-publish","has-post-thumbnail","hentry","product_cat-pokale","product_cat-themen-pokale","product_cat-bowling-kegeln-pokale"],"_links":{"self":[{"href":"https:\/\/pokale.shop\/ps\/wp-json\/wp\/v2\/product\/4294","targetHints":{"allow":["GET"]}}],"collection":[{"href":"https:\/\/pokale.shop\/ps\/wp-json\/wp\/v2\/product"}],"about":[{"href":"https:\/\/pokale.shop\/ps\/wp-json\/wp\/v2\/types\/product"}],"replies":[{"embeddable":true,"href":"https:\/\/pokale.shop\/ps\/wp-json\/wp\/v2\/comments?post=4294"}],"wp:featuredmedia":[{"embeddable":true,"href":"https:\/\/pokale.shop\/ps\/wp-json\/wp\/v2\/media\/4295"}],"wp:attachment":[{"href":"https:\/\/pokale.shop\/ps\/wp-json\/wp\/v2\/media?parent=4294"}],"wp:term":[{"taxonomy":"product_cat","embeddable":true,"href":"https:\/\/pokale.shop\/ps\/wp-json\/wp\/v2\/product_cat?post=4294"},{"taxonomy":"product_tag","embeddable":true,"href":"https:\/\/pokale.shop\/ps\/wp-json\/wp\/v2\/product_tag?post=4294"}],"curies":[{"name":"wp","href":"https:\/\/api.w.org\/{rel}","templated":true}]}}