{"id":4316,"date":"2021-06-02T20:54:41","date_gmt":"2021-06-02T20:54:41","guid":{"rendered":"http:\/\/localhost\/import\/product\/fussball-pokal-figur-frauen-17cm\/"},"modified":"2021-06-25T10:29:06","modified_gmt":"2021-06-25T10:29:06","slug":"fussball-pokal-figur-frauen-17cm","status":"publish","type":"product","link":"https:\/\/pokale.shop\/ps\/product\/fussball-pokal-figur-frauen-17cm\/","title":{"rendered":"Fussball Pokal Figur Frauen 17cm"},"content":{"rendered":"<p>Fussball Pokal Figur Frauen. Pokal in Resin f\u00fcr alle Auszeichnungen im Frauen Fussball. Bestens geeignet f\u00fcr Beste Spielerin oder Beste Torsch\u00fctzin.<\/p>\n<p>Gr\u00f6\u00dfe: 17cm<\/p>\n<p>Selbstverst\u00e4ndlich ist im Preis bereits die Gravur enthalten.<\/p>\n<p>Geben Sie hierzu einfach Ihren gew\u00fcnschten Gravurtext f\u00fcr die Pokalfigur in das Textfeld ein.<\/p>\n<p><b>Bitte beachten Sie &#8211; f\u00fcr das Gravurschild stehen Ihnen 3-4 Zeilen zur Verf\u00fcgung &#8211; pro Zeile max. 30 Zeichen inkl. Leerzeichen. <\/b><\/p>\n","protected":false},"excerpt":{"rendered":"<p>Fussball Pokal Figur Frauen. Pokal in Resin f\u00fcr alle Auszeichnungen im Frauen Fussball. Bestens geeignet f\u00fcr Beste Spielerin oder Beste Torsch\u00fctzin. Gr\u00f6\u00dfe: 17cm Selbstverst\u00e4ndlich ist im Preis bereits die Gravur enthalten. Geben Sie hierzu einfach Ihren gew\u00fcnschten Gravurtext f\u00fcr die Pokalfigur in das Textfeld ein. Bitte beachten Sie &#8211; f\u00fcr&hellip;<\/p>\n","protected":false},"featured_media":4317,"comment_status":"open","ping_status":"closed","template":"","meta":{"spay_email":""},"product_cat":[16,32,36],"product_tag":[],"class_list":["post-4316","product","type-product","status-publish","has-post-thumbnail","hentry","product_cat-pokale","product_cat-themen-pokale","product_cat-fussball-pokale"],"_links":{"self":[{"href":"https:\/\/pokale.shop\/ps\/wp-json\/wp\/v2\/product\/4316","targetHints":{"allow":["GET"]}}],"collection":[{"href":"https:\/\/pokale.shop\/ps\/wp-json\/wp\/v2\/product"}],"about":[{"href":"https:\/\/pokale.shop\/ps\/wp-json\/wp\/v2\/types\/product"}],"replies":[{"embeddable":true,"href":"https:\/\/pokale.shop\/ps\/wp-json\/wp\/v2\/comments?post=4316"}],"wp:featuredmedia":[{"embeddable":true,"href":"https:\/\/pokale.shop\/ps\/wp-json\/wp\/v2\/media\/4317"}],"wp:attachment":[{"href":"https:\/\/pokale.shop\/ps\/wp-json\/wp\/v2\/media?parent=4316"}],"wp:term":[{"taxonomy":"product_cat","embeddable":true,"href":"https:\/\/pokale.shop\/ps\/wp-json\/wp\/v2\/product_cat?post=4316"},{"taxonomy":"product_tag","embeddable":true,"href":"https:\/\/pokale.shop\/ps\/wp-json\/wp\/v2\/product_tag?post=4316"}],"curies":[{"name":"wp","href":"https:\/\/api.w.org\/{rel}","templated":true}]}}