{"id":4318,"date":"2021-06-02T20:54:44","date_gmt":"2021-06-02T20:54:44","guid":{"rendered":"http:\/\/localhost\/import\/product\/5er-pokalserie-pokale-soccer-cup-ab-17cm\/"},"modified":"2025-02-05T15:28:04","modified_gmt":"2025-02-05T15:28:04","slug":"5er-pokalserie-pokale-soccer-cup-ab-17cm","status":"publish","type":"product","link":"https:\/\/pokale.shop\/ps\/product\/5er-pokalserie-pokale-soccer-cup-ab-17cm\/","title":{"rendered":"5er Pokalserie Pokale SOCCER Cup ab 17cm"},"content":{"rendered":"<p>Mit unserer exklusiven Serie an besonderen Troph\u00e4en sind Sie bei jeder Ehrung und Auszeichnung bestens ger\u00fcstet.<\/p>\n<p>Die Fu\u00dfballpokalserie wurde eigens konzipiert, um s\u00e4mtlichen Ehrungen und Ehren im Bereich des Fu\u00dfballs gerecht zu werden. Egal, ob Sie einen Pokal f\u00fcr ein Turnier, eine Meisterschaft oder eine individuelle Auszeichnung ben\u00f6tigen, unsere Serie bietet die perfekte Auswahl.<\/p>\n<p>Die Troph\u00e4en sind in verschiedenen Gr\u00f6\u00dfen erh\u00e4ltlich, um den unterschiedlichen Anspr\u00fcchen gerecht zu werden:<\/p>\n<ul>\n<li>Pokalh\u00f6he: 17 cm<\/li>\n<li>Pokalh\u00f6he: 22 cm<\/li>\n<li>Pokalh\u00f6he: 27 cm<\/li>\n<li>Pokalh\u00f6he: 33 cm<\/li>\n<li>Pokalh\u00f6he: 39 cm<\/li>\n<\/ul>\n<p>Zus\u00e4tzlich zu der hochwertigen Verarbeitung und dem ansprechenden Design ist der Preis bereits inklusive der Gravur f\u00fcr jeden einzelnen Pokal. Sie haben die M\u00f6glichkeit, Ihren Wunschtext f\u00fcr die Gravur bequem in das daf\u00fcr vorgesehene Textfeld einzugeben.<\/p>\n<p>Bitte beachten Sie, dass f\u00fcr die Gravurplatte 3-4 Zeilen zur Verf\u00fcgung stehen. Dabei betr\u00e4gt die maximale Zeichenanzahl pro Zeile 30, einschlie\u00dflich Leerzeichen. Personalisieren Sie Ihre Troph\u00e4en und verleihen Sie ihnen eine individuelle Note, um Ihre besonderen Anl\u00e4sse geb\u00fchrend zu w\u00fcrdigen.<\/p>\n","protected":false},"excerpt":{"rendered":"<p>Mit unserer exklusiven Serie an besonderen Troph\u00e4en sind Sie bei jeder Ehrung und Auszeichnung bestens ger\u00fcstet. Die Fu\u00dfballpokalserie wurde eigens konzipiert, um s\u00e4mtlichen Ehrungen und Ehren im Bereich des Fu\u00dfballs gerecht zu werden. Egal, ob Sie einen Pokal f\u00fcr ein Turnier, eine Meisterschaft oder eine individuelle Auszeichnung ben\u00f6tigen, unsere Serie&hellip;<\/p>\n","protected":false},"featured_media":4319,"comment_status":"open","ping_status":"closed","template":"","meta":{"spay_email":""},"product_cat":[16,32,36],"product_tag":[],"class_list":["post-4318","product","type-product","status-publish","has-post-thumbnail","hentry","product_cat-pokale","product_cat-themen-pokale","product_cat-fussball-pokale"],"_links":{"self":[{"href":"https:\/\/pokale.shop\/ps\/wp-json\/wp\/v2\/product\/4318","targetHints":{"allow":["GET"]}}],"collection":[{"href":"https:\/\/pokale.shop\/ps\/wp-json\/wp\/v2\/product"}],"about":[{"href":"https:\/\/pokale.shop\/ps\/wp-json\/wp\/v2\/types\/product"}],"replies":[{"embeddable":true,"href":"https:\/\/pokale.shop\/ps\/wp-json\/wp\/v2\/comments?post=4318"}],"wp:featuredmedia":[{"embeddable":true,"href":"https:\/\/pokale.shop\/ps\/wp-json\/wp\/v2\/media\/4319"}],"wp:attachment":[{"href":"https:\/\/pokale.shop\/ps\/wp-json\/wp\/v2\/media?parent=4318"}],"wp:term":[{"taxonomy":"product_cat","embeddable":true,"href":"https:\/\/pokale.shop\/ps\/wp-json\/wp\/v2\/product_cat?post=4318"},{"taxonomy":"product_tag","embeddable":true,"href":"https:\/\/pokale.shop\/ps\/wp-json\/wp\/v2\/product_tag?post=4318"}],"curies":[{"name":"wp","href":"https:\/\/api.w.org\/{rel}","templated":true}]}}