{"id":4322,"date":"2021-06-02T20:54:50","date_gmt":"2021-06-02T20:54:50","guid":{"rendered":"http:\/\/localhost\/import\/product\/3er-fussball-pokalserie-pokale-resin-ab-13-cm\/"},"modified":"2025-11-27T12:05:44","modified_gmt":"2025-11-27T12:05:44","slug":"3er-fussball-pokalserie-pokale-resin-ab-13-cm","status":"publish","type":"product","link":"https:\/\/pokale.shop\/ps\/product\/3er-fussball-pokalserie-pokale-resin-ab-13-cm\/","title":{"rendered":"3er Fussball Pokalserie Pokale RESIN ab 13 cm"},"content":{"rendered":"<p>3 beeindruckende Troph\u00e4en mit individueller Gravur.<\/p>\n<p>Egal, ob du den besten Spieler, den herausragendsten Torwart, den treffsichersten Torsch\u00fctzen oder die besten Platzierungen in deinem Turnier ehren m\u00f6chtest \u2013 diese Troph\u00e4en sind die perfekte Wahl.<\/p>\n<p>Erh\u00e4ltlich in den Gr\u00f6\u00dfen: 13\/15\/16 cm.<\/p>\n<p>Der Preis beinhaltet bereits die Gravur f\u00fcr jede einzelne Troph\u00e4e. Gib einfach deinen Wunschgravurtext f\u00fcr alle Troph\u00e4en in das daf\u00fcr vorgesehene Textfeld ein.<\/p>\n<p><strong>Beachte bitte:<\/strong> F\u00fcr die Gravurplatte stehen 3-4 Zeilen zur Verf\u00fcgung \u2013 maximal 30 Zeichen pro Zeile, inklusive Leerzeichen. Sichere dir diese einzigartigen Troph\u00e4en und verleihe deinem Turnier den Glanz, den es verdient!<\/p>\n","protected":false},"excerpt":{"rendered":"<p>3 beeindruckende Troph\u00e4en mit individueller Gravur. Egal, ob du den besten Spieler, den herausragendsten Torwart, den treffsichersten Torsch\u00fctzen oder die besten Platzierungen in deinem Turnier ehren m\u00f6chtest \u2013 diese Troph\u00e4en sind die perfekte Wahl. Erh\u00e4ltlich in den Gr\u00f6\u00dfen: 13\/15\/16 cm. Der Preis beinhaltet bereits die Gravur f\u00fcr jede einzelne Troph\u00e4e.&hellip;<\/p>\n","protected":false},"featured_media":4323,"comment_status":"open","ping_status":"closed","template":"","meta":{"spay_email":""},"product_cat":[16,32,36],"product_tag":[],"class_list":["post-4322","product","type-product","status-publish","has-post-thumbnail","hentry","product_cat-pokale","product_cat-themen-pokale","product_cat-fussball-pokale"],"_links":{"self":[{"href":"https:\/\/pokale.shop\/ps\/wp-json\/wp\/v2\/product\/4322","targetHints":{"allow":["GET"]}}],"collection":[{"href":"https:\/\/pokale.shop\/ps\/wp-json\/wp\/v2\/product"}],"about":[{"href":"https:\/\/pokale.shop\/ps\/wp-json\/wp\/v2\/types\/product"}],"replies":[{"embeddable":true,"href":"https:\/\/pokale.shop\/ps\/wp-json\/wp\/v2\/comments?post=4322"}],"wp:featuredmedia":[{"embeddable":true,"href":"https:\/\/pokale.shop\/ps\/wp-json\/wp\/v2\/media\/4323"}],"wp:attachment":[{"href":"https:\/\/pokale.shop\/ps\/wp-json\/wp\/v2\/media?parent=4322"}],"wp:term":[{"taxonomy":"product_cat","embeddable":true,"href":"https:\/\/pokale.shop\/ps\/wp-json\/wp\/v2\/product_cat?post=4322"},{"taxonomy":"product_tag","embeddable":true,"href":"https:\/\/pokale.shop\/ps\/wp-json\/wp\/v2\/product_tag?post=4322"}],"curies":[{"name":"wp","href":"https:\/\/api.w.org\/{rel}","templated":true}]}}