{"id":4326,"date":"2021-06-02T20:54:56","date_gmt":"2021-06-02T20:54:56","guid":{"rendered":"http:\/\/localhost\/import\/product\/3er-fussball-pokalserie-figur-player-ab-16cm\/"},"modified":"2025-11-27T12:05:43","modified_gmt":"2025-11-27T12:05:43","slug":"3er-fussball-pokalserie-figur-player-ab-16cm","status":"publish","type":"product","link":"https:\/\/pokale.shop\/ps\/product\/3er-fussball-pokalserie-figur-player-ab-16cm\/","title":{"rendered":"3er FUSSBALL Pokalserie Figur PLAYER ab 16cm"},"content":{"rendered":"<p>Sehr sch\u00f6ne 3er Pokalserie f\u00fcr alle Fussball Auszeichnungen &#8211; Mit dieser Pokalserie PLAYER liegen Sie immer richtig.<\/p>\n<p>In den H\u00f6hen: 16\/18\/20cm erh\u00e4ltlich<\/p>\n<p>Selbstverst\u00e4ndlich ist im Preis bereits die Gravur je Pokal enthalten. Der Preis gilt f\u00fcr einen Pokal.<br \/>\nGeben Sie hierzu einfach Ihren gew\u00fcnschten Gravurtext f\u00fcr alle Pokale in das Textfeld ein.<\/p>\n<p><b>Bitte beachten Sie &#8211; f\u00fcr das Gravurschild stehen Ihnen 3-4 Zeilen zur Verf\u00fcgung &#8211; pro Zeile max. 30 Zeichen inkl. Leerzeichen. <\/b><\/p>\n","protected":false},"excerpt":{"rendered":"<p>Sehr sch\u00f6ne 3er Pokalserie f\u00fcr alle Fussball Auszeichnungen &#8211; Mit dieser Pokalserie PLAYER liegen Sie immer richtig. In den H\u00f6hen: 16\/18\/20cm erh\u00e4ltlich Selbstverst\u00e4ndlich ist im Preis bereits die Gravur je Pokal enthalten. Der Preis gilt f\u00fcr einen Pokal. Geben Sie hierzu einfach Ihren gew\u00fcnschten Gravurtext f\u00fcr alle Pokale in das&hellip;<\/p>\n","protected":false},"featured_media":4327,"comment_status":"open","ping_status":"closed","template":"","meta":{"spay_email":""},"product_cat":[16,32,36],"product_tag":[],"class_list":["post-4326","product","type-product","status-publish","has-post-thumbnail","hentry","product_cat-pokale","product_cat-themen-pokale","product_cat-fussball-pokale"],"_links":{"self":[{"href":"https:\/\/pokale.shop\/ps\/wp-json\/wp\/v2\/product\/4326","targetHints":{"allow":["GET"]}}],"collection":[{"href":"https:\/\/pokale.shop\/ps\/wp-json\/wp\/v2\/product"}],"about":[{"href":"https:\/\/pokale.shop\/ps\/wp-json\/wp\/v2\/types\/product"}],"replies":[{"embeddable":true,"href":"https:\/\/pokale.shop\/ps\/wp-json\/wp\/v2\/comments?post=4326"}],"wp:featuredmedia":[{"embeddable":true,"href":"https:\/\/pokale.shop\/ps\/wp-json\/wp\/v2\/media\/4327"}],"wp:attachment":[{"href":"https:\/\/pokale.shop\/ps\/wp-json\/wp\/v2\/media?parent=4326"}],"wp:term":[{"taxonomy":"product_cat","embeddable":true,"href":"https:\/\/pokale.shop\/ps\/wp-json\/wp\/v2\/product_cat?post=4326"},{"taxonomy":"product_tag","embeddable":true,"href":"https:\/\/pokale.shop\/ps\/wp-json\/wp\/v2\/product_tag?post=4326"}],"curies":[{"name":"wp","href":"https:\/\/api.w.org\/{rel}","templated":true}]}}