{"id":4330,"date":"2021-06-02T20:55:02","date_gmt":"2021-06-02T20:55:02","guid":{"rendered":"http:\/\/localhost\/import\/product\/fussball-pokal-figur-premium-player-40cm\/"},"modified":"2021-06-25T10:09:28","modified_gmt":"2021-06-25T10:09:28","slug":"fussball-pokal-figur-premium-player-40cm","status":"publish","type":"product","link":"https:\/\/pokale.shop\/ps\/product\/fussball-pokal-figur-premium-player-40cm\/","title":{"rendered":"Fussball Pokal Figur PREMIUM PLAYER 40cm"},"content":{"rendered":"<p>Fussball Pokal Figur PREMIUM PLAYER. Pokal in Resin f\u00fcr alle Fussball Auszeichnungen. Gro\u00dfe Fussballfigur f\u00fcr besondere Auszeichnungen und Ehrungen.<\/p>\n<p>Gr\u00f6\u00dfe: 40cm<\/p>\n<p>Selbstverst\u00e4ndlich ist im Preis bereits die Gravur enthalten.<\/p>\n<p>Geben Sie hierzu einfach Ihren gew\u00fcnschten Gravurtext f\u00fcr die Pokalfigur in das Textfeld ein.<\/p>\n<p><b>Bitte beachten Sie &#8211; f\u00fcr das Gravurschild stehen Ihnen 3-4 Zeilen zur Verf\u00fcgung &#8211; pro Zeile max. 30 Zeichen inkl. Leerzeichen. <\/b><\/p>\n","protected":false},"excerpt":{"rendered":"<p>Fussball Pokal Figur PREMIUM PLAYER. Pokal in Resin f\u00fcr alle Fussball Auszeichnungen. Gro\u00dfe Fussballfigur f\u00fcr besondere Auszeichnungen und Ehrungen. Gr\u00f6\u00dfe: 40cm Selbstverst\u00e4ndlich ist im Preis bereits die Gravur enthalten. Geben Sie hierzu einfach Ihren gew\u00fcnschten Gravurtext f\u00fcr die Pokalfigur in das Textfeld ein. Bitte beachten Sie &#8211; f\u00fcr das Gravurschild&hellip;<\/p>\n","protected":false},"featured_media":4331,"comment_status":"open","ping_status":"closed","template":"","meta":{"spay_email":""},"product_cat":[16,32,36],"product_tag":[],"class_list":["post-4330","product","type-product","status-publish","has-post-thumbnail","hentry","product_cat-pokale","product_cat-themen-pokale","product_cat-fussball-pokale"],"_links":{"self":[{"href":"https:\/\/pokale.shop\/ps\/wp-json\/wp\/v2\/product\/4330","targetHints":{"allow":["GET"]}}],"collection":[{"href":"https:\/\/pokale.shop\/ps\/wp-json\/wp\/v2\/product"}],"about":[{"href":"https:\/\/pokale.shop\/ps\/wp-json\/wp\/v2\/types\/product"}],"replies":[{"embeddable":true,"href":"https:\/\/pokale.shop\/ps\/wp-json\/wp\/v2\/comments?post=4330"}],"wp:featuredmedia":[{"embeddable":true,"href":"https:\/\/pokale.shop\/ps\/wp-json\/wp\/v2\/media\/4331"}],"wp:attachment":[{"href":"https:\/\/pokale.shop\/ps\/wp-json\/wp\/v2\/media?parent=4330"}],"wp:term":[{"taxonomy":"product_cat","embeddable":true,"href":"https:\/\/pokale.shop\/ps\/wp-json\/wp\/v2\/product_cat?post=4330"},{"taxonomy":"product_tag","embeddable":true,"href":"https:\/\/pokale.shop\/ps\/wp-json\/wp\/v2\/product_tag?post=4330"}],"curies":[{"name":"wp","href":"https:\/\/api.w.org\/{rel}","templated":true}]}}