{"id":4350,"date":"2021-06-02T20:55:32","date_gmt":"2021-06-02T20:55:32","guid":{"rendered":"http:\/\/localhost\/import\/product\/pokale-poker-figur-ab-16cm\/"},"modified":"2024-03-11T17:35:19","modified_gmt":"2024-03-11T17:35:19","slug":"pokale-poker-figur-ab-16cm","status":"publish","type":"product","link":"https:\/\/pokale.shop\/ps\/product\/pokale-poker-figur-ab-16cm\/","title":{"rendered":"Pokale Poker Figur ab 16cm"},"content":{"rendered":"<p><span style=\"vertical-align: inherit;\"><span style=\"vertical-align: inherit;\"><span style=\"vertical-align: inherit;\"><span style=\"vertical-align: inherit;\">POKER Troph\u00e4en in toller Optik. <\/span><\/span><\/span><span style=\"vertical-align: inherit;\"><span style=\"vertical-align: inherit;\"><span style=\"vertical-align: inherit;\">Mit diesen Poker-Troph\u00e4en liegen Sie bei jeder Siegerehrung richtig.<\/span><\/span><\/span><\/span><\/p>\n<p><span style=\"vertical-align: inherit;\"><span style=\"vertical-align: inherit;\"><span style=\"vertical-align: inherit;\"><span style=\"vertical-align: inherit;\">H\u00f6hen: 16\/18 \/ 22cm Einfach eingeben<\/span><\/span><\/span><\/span><\/p>\n<p><span style=\"vertical-align: inherit;\"><span style=\"vertical-align: inherit;\"><span style=\"vertical-align: inherit;\"><span style=\"vertical-align: inherit;\">den Gravurtext f\u00fcr alle <\/span><\/span><\/span><span style=\"vertical-align: inherit;\"><span style=\"vertical-align: inherit;\"><span style=\"vertical-align: inherit;\">Troph\u00e4en <\/span><\/span><\/span><span style=\"vertical-align: inherit;\"><span style=\"vertical-align: inherit;\"><span style=\"vertical-align: inherit;\">unten.<\/span><\/span><\/span><\/span><\/p>\n<p><span style=\"vertical-align: inherit;\"><span style=\"vertical-align: inherit;\"><span style=\"vertical-align: inherit;\"><span style=\"vertical-align: inherit;\">Im Preis sind nat\u00fcrlich bereits die Gravur und das Emblem f\u00fcr jede Tasse enthalten. <\/span><\/span><\/span><span style=\"vertical-align: inherit;\"><span style=\"vertical-align: inherit;\"><span style=\"vertical-align: inherit;\">Geben Sie einfach Ihren gew\u00fcnschten Gravurtext f\u00fcr alle Troph\u00e4en in das Textfeld ein.<\/span><\/span><\/span><\/span><\/p>\n<p><span style=\"vertical-align: inherit;\"><span style=\"vertical-align: inherit;\"><span style=\"vertical-align: inherit;\"><span style=\"vertical-align: inherit;\">Bitte beachten Sie &#8211; f\u00fcr das Gravurschild stehen 3-4 Zeilen zur Verf\u00fcgung &#8211; maximal 30 Zeichen pro Zeile inkl. Leerzeichen.<\/span><\/span><\/span><\/span><\/p>\n","protected":false},"excerpt":{"rendered":"<p>POKER Troph\u00e4en in toller Optik. Mit diesen Poker-Troph\u00e4en liegen Sie bei jeder Siegerehrung richtig. H\u00f6hen: 16\/18 \/ 22cm Einfach eingeben den Gravurtext f\u00fcr alle Troph\u00e4en unten. Im Preis sind nat\u00fcrlich bereits die Gravur und das Emblem f\u00fcr jede Tasse enthalten. Geben Sie einfach Ihren gew\u00fcnschten Gravurtext f\u00fcr alle Troph\u00e4en in&hellip;<\/p>\n","protected":false},"featured_media":4351,"comment_status":"open","ping_status":"closed","template":"","meta":{"spay_email":""},"product_cat":[16,32,38],"product_tag":[],"class_list":["post-4350","product","type-product","status-publish","has-post-thumbnail","hentry","product_cat-pokale","product_cat-themen-pokale","product_cat-skat-poker-pokale"],"_links":{"self":[{"href":"https:\/\/pokale.shop\/ps\/wp-json\/wp\/v2\/product\/4350","targetHints":{"allow":["GET"]}}],"collection":[{"href":"https:\/\/pokale.shop\/ps\/wp-json\/wp\/v2\/product"}],"about":[{"href":"https:\/\/pokale.shop\/ps\/wp-json\/wp\/v2\/types\/product"}],"replies":[{"embeddable":true,"href":"https:\/\/pokale.shop\/ps\/wp-json\/wp\/v2\/comments?post=4350"}],"wp:featuredmedia":[{"embeddable":true,"href":"https:\/\/pokale.shop\/ps\/wp-json\/wp\/v2\/media\/4351"}],"wp:attachment":[{"href":"https:\/\/pokale.shop\/ps\/wp-json\/wp\/v2\/media?parent=4350"}],"wp:term":[{"taxonomy":"product_cat","embeddable":true,"href":"https:\/\/pokale.shop\/ps\/wp-json\/wp\/v2\/product_cat?post=4350"},{"taxonomy":"product_tag","embeddable":true,"href":"https:\/\/pokale.shop\/ps\/wp-json\/wp\/v2\/product_tag?post=4350"}],"curies":[{"name":"wp","href":"https:\/\/api.w.org\/{rel}","templated":true}]}}