{"id":4360,"date":"2021-06-02T20:55:46","date_gmt":"2021-06-02T20:55:46","guid":{"rendered":"http:\/\/localhost\/import\/product\/pokale-resin-figur-radsport-13cm\/"},"modified":"2023-09-25T19:07:18","modified_gmt":"2023-09-25T19:07:18","slug":"pokale-resin-figur-radsport-13cm","status":"publish","type":"product","link":"https:\/\/pokale.shop\/ps\/product\/pokale-resin-figur-radsport-13cm\/","title":{"rendered":"Pokale &#8211; RESIN Figur Radsport 13cm"},"content":{"rendered":"<p>Pokale f\u00fcr den Radsport im extravagantes Design und ausdrucksstarken Profil.<\/p>\n<p>Selbstverst\u00e4ndlich ist im Preis bereits die Gravur im Preis enthalten.<br \/>\nGeben Sie hierzu einfach Ihren gew\u00fcnschten Gravurtext in das Textfeld ein.<\/p>\n<p><b>Bitte beachten Sie &#8211; f\u00fcr das Gravurschild stehen Ihnen 3-4 Zeilen zur Verf\u00fcgung &#8211; pro Zeile max. 30 Zeichen inkl. Leerzeichen.<\/b><\/p>\n","protected":false},"excerpt":{"rendered":"<p>Pokale f\u00fcr den Radsport im extravagantes Design und ausdrucksstarken Profil. Selbstverst\u00e4ndlich ist im Preis bereits die Gravur im Preis enthalten. Geben Sie hierzu einfach Ihren gew\u00fcnschten Gravurtext in das Textfeld ein. Bitte beachten Sie &#8211; f\u00fcr das Gravurschild stehen Ihnen 3-4 Zeilen zur Verf\u00fcgung &#8211; pro Zeile max. 30 Zeichen&hellip;<\/p>\n","protected":false},"featured_media":4361,"comment_status":"open","ping_status":"closed","template":"","meta":{"spay_email":""},"product_cat":[304,305,16,17,18,32,43],"product_tag":[],"class_list":["post-4360","product","type-product","status-publish","has-post-thumbnail","hentry","product_cat-pokale-ausverkauf","product_cat-radsport-pokale-pokale-ausverkauf","product_cat-pokale","product_cat-pokale-pokale","product_cat-einzelpokale","product_cat-themen-pokale","product_cat-radsport-pokale"],"_links":{"self":[{"href":"https:\/\/pokale.shop\/ps\/wp-json\/wp\/v2\/product\/4360","targetHints":{"allow":["GET"]}}],"collection":[{"href":"https:\/\/pokale.shop\/ps\/wp-json\/wp\/v2\/product"}],"about":[{"href":"https:\/\/pokale.shop\/ps\/wp-json\/wp\/v2\/types\/product"}],"replies":[{"embeddable":true,"href":"https:\/\/pokale.shop\/ps\/wp-json\/wp\/v2\/comments?post=4360"}],"wp:featuredmedia":[{"embeddable":true,"href":"https:\/\/pokale.shop\/ps\/wp-json\/wp\/v2\/media\/4361"}],"wp:attachment":[{"href":"https:\/\/pokale.shop\/ps\/wp-json\/wp\/v2\/media?parent=4360"}],"wp:term":[{"taxonomy":"product_cat","embeddable":true,"href":"https:\/\/pokale.shop\/ps\/wp-json\/wp\/v2\/product_cat?post=4360"},{"taxonomy":"product_tag","embeddable":true,"href":"https:\/\/pokale.shop\/ps\/wp-json\/wp\/v2\/product_tag?post=4360"}],"curies":[{"name":"wp","href":"https:\/\/api.w.org\/{rel}","templated":true}]}}