{"id":4374,"date":"2021-06-02T20:56:09","date_gmt":"2021-06-02T20:56:09","guid":{"rendered":"http:\/\/localhost\/import\/product\/fussball-medaillen-fussballmedaille-best-32-cm\/"},"modified":"2024-01-25T14:21:39","modified_gmt":"2024-01-25T14:21:39","slug":"fussball-medaillen-fussballmedaille-best-32-cm","status":"publish","type":"product","link":"https:\/\/pokale.shop\/ps\/product\/fussball-medaillen-fussballmedaille-best-32-cm\/","title":{"rendered":"Fussball Medaillen Fussballmedaille BEST 3,2 cm"},"content":{"rendered":"<p>Die Fussball Medaillen f\u00fcr Euer Fussballturnier oder Auszeichnung!<\/p>\n<p>Unsere Pokale und Medaillen sind der Blickfang bei jeder Siegerehrung und der Garant f\u00fcr eine erfolgreiche Veranstaltung.<\/p>\n<p>Durchmesser: 3,2 cm<br \/>\nFarbe: gold, silber oder bronze<\/p>\n<p>Selbstverst\u00e4ndlich ist im Preis bereits das Band (Breite 11mm) enthalten.<br \/>\nB\u00e4nder werden aus Kostengr\u00fcnden lose beigelegt.<\/p>\n","protected":false},"excerpt":{"rendered":"<p>Die Fussball Medaillen f\u00fcr Euer Fussballturnier oder Auszeichnung! Unsere Pokale und Medaillen sind der Blickfang bei jeder Siegerehrung und der Garant f\u00fcr eine erfolgreiche Veranstaltung. Durchmesser: 3,2 cm Farbe: gold, silber oder bronze Selbstverst\u00e4ndlich ist im Preis bereits das Band (Breite 11mm) enthalten. B\u00e4nder werden aus Kostengr\u00fcnden lose beigelegt.<\/p>\n","protected":false},"featured_media":4375,"comment_status":"open","ping_status":"closed","template":"","meta":{"spay_email":""},"product_cat":[55,58],"product_tag":[],"class_list":["post-4374","product","type-product","status-publish","has-post-thumbnail","hentry","product_cat-medaillen","product_cat-motiv-medaillen","pa_band-schwarz-rot-gelb","pa_band-schwarz-gelb","pa_band-schwarz-weiss","pa_band-schwarz-rot","pa_band-blau-weiss","pa_band-blau-gelb","pa_band-gr-ge","pa_band-gruen-weiss","pa_band-rot-weiss","pa_color-gold","pa_color-silber","pa_color-bronze"],"_links":{"self":[{"href":"https:\/\/pokale.shop\/ps\/wp-json\/wp\/v2\/product\/4374","targetHints":{"allow":["GET"]}}],"collection":[{"href":"https:\/\/pokale.shop\/ps\/wp-json\/wp\/v2\/product"}],"about":[{"href":"https:\/\/pokale.shop\/ps\/wp-json\/wp\/v2\/types\/product"}],"replies":[{"embeddable":true,"href":"https:\/\/pokale.shop\/ps\/wp-json\/wp\/v2\/comments?post=4374"}],"wp:featuredmedia":[{"embeddable":true,"href":"https:\/\/pokale.shop\/ps\/wp-json\/wp\/v2\/media\/4375"}],"wp:attachment":[{"href":"https:\/\/pokale.shop\/ps\/wp-json\/wp\/v2\/media?parent=4374"}],"wp:term":[{"taxonomy":"product_cat","embeddable":true,"href":"https:\/\/pokale.shop\/ps\/wp-json\/wp\/v2\/product_cat?post=4374"},{"taxonomy":"product_tag","embeddable":true,"href":"https:\/\/pokale.shop\/ps\/wp-json\/wp\/v2\/product_tag?post=4374"}],"curies":[{"name":"wp","href":"https:\/\/api.w.org\/{rel}","templated":true}]}}