{"id":4378,"date":"2021-06-02T20:56:15","date_gmt":"2021-06-02T20:56:15","guid":{"rendered":"http:\/\/localhost\/import\/product\/fussball-pokale-hit-ab-15cm\/"},"modified":"2025-05-19T10:22:48","modified_gmt":"2025-05-19T10:22:48","slug":"fussball-pokale-hit-ab-15cm","status":"publish","type":"product","link":"https:\/\/pokale.shop\/ps\/product\/fussball-pokale-hit-ab-15cm\/","title":{"rendered":"Fussball Pokale HIT  &#8211; Ein Treffer ins Schwarze! 15cm"},"content":{"rendered":"<p>Entdecken Sie unsere exklusive ECO Line Fu\u00dfball-Pokalserie &#8211; der absolute Trendsetter f\u00fcr Fu\u00dfballvereine! Bei uns erhalten Sie diese Pokale zu einem unschlagbaren Vereinspreis, perfekt f\u00fcr alle Ihre Fu\u00dfball-Auszeichnungen.<\/p>\n<p>Unsere ECO Line Fu\u00dfball-Pokalserie umfasst drei verschiedene Ausf\u00fchrungen, alle mit einer H\u00f6he von 15,5 cm.<\/p>\n<p>Der Preis f\u00fcr diese Pokale beinhaltet bereits die Gravur. Wir gravieren Ihre pers\u00f6nliche Botschaft auf eine hochwertige Gravurplatte. Einfach den gew\u00fcnschten Gravurtext f\u00fcr alle Troph\u00e4en in das entsprechende Textfeld eingeben.<\/p>\n<p>Bitte beachten Sie, dass f\u00fcr die Gravurplatte 3-4 Zeilen zur Verf\u00fcgung stehen, mit maximal 30 Zeichen pro Zeile, einschlie\u00dflich Leerzeichen. Dies erm\u00f6glicht es Ihnen, Ihre Anerkennung und Wertsch\u00e4tzung f\u00fcr die Spieler, Trainer oder Vereinsmitglieder in einer pr\u00e4zisen und pers\u00f6nlichen Art und Weise auszudr\u00fccken.<\/p>\n<p>Bestellen Sie noch heute und heben Sie Ihre Fu\u00dfball-Auszeichnungen auf ein neues Level! Wir freuen uns darauf, Ihnen bei der Ehrung Ihrer Sportler und Teams zu helfen.<\/p>\n","protected":false},"excerpt":{"rendered":"<p>Entdecken Sie unsere exklusive ECO Line Fu\u00dfball-Pokalserie &#8211; der absolute Trendsetter f\u00fcr Fu\u00dfballvereine! Bei uns erhalten Sie diese Pokale zu einem unschlagbaren Vereinspreis, perfekt f\u00fcr alle Ihre Fu\u00dfball-Auszeichnungen. Unsere ECO Line Fu\u00dfball-Pokalserie umfasst drei verschiedene Ausf\u00fchrungen, alle mit einer H\u00f6he von 15,5 cm. Der Preis f\u00fcr diese Pokale beinhaltet bereits&hellip;<\/p>\n","protected":false},"featured_media":4379,"comment_status":"open","ping_status":"closed","template":"","meta":{"spay_email":""},"product_cat":[16,32,36],"product_tag":[],"class_list":["post-4378","product","type-product","status-publish","has-post-thumbnail","hentry","product_cat-pokale","product_cat-themen-pokale","product_cat-fussball-pokale","pa_color-gold","pa_color-silber","pa_color-bronze"],"_links":{"self":[{"href":"https:\/\/pokale.shop\/ps\/wp-json\/wp\/v2\/product\/4378","targetHints":{"allow":["GET"]}}],"collection":[{"href":"https:\/\/pokale.shop\/ps\/wp-json\/wp\/v2\/product"}],"about":[{"href":"https:\/\/pokale.shop\/ps\/wp-json\/wp\/v2\/types\/product"}],"replies":[{"embeddable":true,"href":"https:\/\/pokale.shop\/ps\/wp-json\/wp\/v2\/comments?post=4378"}],"wp:featuredmedia":[{"embeddable":true,"href":"https:\/\/pokale.shop\/ps\/wp-json\/wp\/v2\/media\/4379"}],"wp:attachment":[{"href":"https:\/\/pokale.shop\/ps\/wp-json\/wp\/v2\/media?parent=4378"}],"wp:term":[{"taxonomy":"product_cat","embeddable":true,"href":"https:\/\/pokale.shop\/ps\/wp-json\/wp\/v2\/product_cat?post=4378"},{"taxonomy":"product_tag","embeddable":true,"href":"https:\/\/pokale.shop\/ps\/wp-json\/wp\/v2\/product_tag?post=4378"}],"curies":[{"name":"wp","href":"https:\/\/api.w.org\/{rel}","templated":true}]}}