{"id":4388,"date":"2021-06-02T20:56:28","date_gmt":"2021-06-02T20:56:28","guid":{"rendered":"http:\/\/localhost\/import\/product\/6er-pokalserie-kansas-xxl-ab-30cm\/"},"modified":"2025-05-18T11:20:38","modified_gmt":"2025-05-18T11:20:38","slug":"6er-pokalserie-kansas-xxl-ab-30cm","status":"publish","type":"product","link":"https:\/\/pokale.shop\/ps\/product\/6er-pokalserie-kansas-xxl-ab-30cm\/","title":{"rendered":"6er Pokalserie Kansas XXL ab 30cm"},"content":{"rendered":"<p>TOP XXL PREMIUM Pokalserie KANSAS &#8211; gro\u00dfe Pokale zum Vereinspreis.<\/p>\n<p>Selbstverst\u00e4ndlich ist im Preis bereits die Gravur + Emblem je Pokal enthalten.<\/p>\n<p>Material Hinweis:<br \/>\nSockel Marmor<br \/>\nFu\u00df &#8211; Kunststoff<br \/>\nCup &amp; Deckel &#8211; Metall<br \/>\nEmblemhalter &#8211; Kunststoff<\/p>\n<p>Die Gravur erfolgt auf einer Gravurplatte &#8211; kein Etikett. F\u00fcr die Gravur stehen Ihnen 3 bis max. 4 Zeilen zur Verf\u00fcgung &#8211; verwenden Sie bitte dabei pro Zeile max. 30 Zeichen inkl. Leerzeichen.<br \/>\nPlatzierungen k\u00f6nnen Sie mit 1.-6.Platz angeben. Lieferung erfolgt komplett montiert !<\/p>\n<h3><\/h3>\n<p>&nbsp;<\/p>\n","protected":false},"excerpt":{"rendered":"<p>TOP XXL PREMIUM Pokalserie KANSAS &#8211; gro\u00dfe Pokale zum Vereinspreis. Selbstverst\u00e4ndlich ist im Preis bereits die Gravur + Emblem je Pokal enthalten. Material Hinweis: Sockel Marmor Fu\u00df &#8211; Kunststoff Cup &amp; Deckel &#8211; Metall Emblemhalter &#8211; Kunststoff Die Gravur erfolgt auf einer Gravurplatte &#8211; kein Etikett. F\u00fcr die Gravur stehen&hellip;<\/p>\n","protected":false},"featured_media":10048,"comment_status":"open","ping_status":"closed","template":"","meta":{"spay_email":""},"product_cat":[16,17,21],"product_tag":[],"class_list":["post-4388","product","type-product","status-publish","has-post-thumbnail","hentry","product_cat-pokale","product_cat-pokale-pokale","product_cat-6er-pokale-serie","pa_color-silv-bl","pa_color-silv-gr","pa_color-silv-rt"],"_links":{"self":[{"href":"https:\/\/pokale.shop\/ps\/wp-json\/wp\/v2\/product\/4388","targetHints":{"allow":["GET"]}}],"collection":[{"href":"https:\/\/pokale.shop\/ps\/wp-json\/wp\/v2\/product"}],"about":[{"href":"https:\/\/pokale.shop\/ps\/wp-json\/wp\/v2\/types\/product"}],"replies":[{"embeddable":true,"href":"https:\/\/pokale.shop\/ps\/wp-json\/wp\/v2\/comments?post=4388"}],"wp:featuredmedia":[{"embeddable":true,"href":"https:\/\/pokale.shop\/ps\/wp-json\/wp\/v2\/media\/10048"}],"wp:attachment":[{"href":"https:\/\/pokale.shop\/ps\/wp-json\/wp\/v2\/media?parent=4388"}],"wp:term":[{"taxonomy":"product_cat","embeddable":true,"href":"https:\/\/pokale.shop\/ps\/wp-json\/wp\/v2\/product_cat?post=4388"},{"taxonomy":"product_tag","embeddable":true,"href":"https:\/\/pokale.shop\/ps\/wp-json\/wp\/v2\/product_tag?post=4388"}],"curies":[{"name":"wp","href":"https:\/\/api.w.org\/{rel}","templated":true}]}}