{"id":4390,"date":"2021-06-02T20:56:30","date_gmt":"2021-06-02T20:56:30","guid":{"rendered":"http:\/\/localhost\/import\/product\/3er-pokalserie-kansas-xxl-ab-30cm\/"},"modified":"2025-08-26T10:22:36","modified_gmt":"2025-08-26T10:22:36","slug":"3er-pokalserie-kansas-xxl-ab-30cm","status":"publish","type":"product","link":"https:\/\/pokale.shop\/ps\/product\/3er-pokalserie-kansas-xxl-ab-30cm\/","title":{"rendered":"3er Pokalserie Kansas XXL ab 30cm"},"content":{"rendered":"<p>TOP XXL PREMIUM PokalSerie KANSAS &#8211; Pokale der besonderen Art.<\/p>\n<p>Ob elegant, klassisch oder trendig &#8211; bei uns finden Sie f\u00fcr jedes Turnier, Veranstaltung oder Event die richtigen Pokale und Medaillen.<\/p>\n<p>Selbstverst\u00e4ndlich ist im Preis bereits die Gravur + Emblem je Pokal enthalten.<\/p>\n<p>Material:<br \/>\nSockel Marmor<br \/>\nFu\u00df &#8211; Kunststoff<br \/>\nCup &amp; Deckel &#8211; Metall<br \/>\nEmblemhalter &#8211; Kunststoff<\/p>\n<p>F\u00fcr die Gravur stehen Ihnen 3 bis max. 4 Zeilen zur Verf\u00fcgung &#8211; verwenden Sie bitte dabei pro Zeile max. 30 Zeichen inkl. Leerzeichen.<br \/>\nPlatzierungen k\u00f6nnen Sie mit 1.-3.Platz angeben. Lieferung erfolgt komplett montiert !<\/p>\n","protected":false},"excerpt":{"rendered":"<p>TOP XXL PREMIUM PokalSerie KANSAS &#8211; Pokale der besonderen Art. Ob elegant, klassisch oder trendig &#8211; bei uns finden Sie f\u00fcr jedes Turnier, Veranstaltung oder Event die richtigen Pokale und Medaillen. Selbstverst\u00e4ndlich ist im Preis bereits die Gravur + Emblem je Pokal enthalten. Material: Sockel Marmor Fu\u00df &#8211; Kunststoff Cup&hellip;<\/p>\n","protected":false},"featured_media":10048,"comment_status":"open","ping_status":"closed","template":"","meta":{"spay_email":""},"product_cat":[16,17,19],"product_tag":[],"class_list":["post-4390","product","type-product","status-publish","has-post-thumbnail","hentry","product_cat-pokale","product_cat-pokale-pokale","product_cat-3er-pokale-serie","pa_color-silv-bl","pa_color-silv-gr","pa_color-silv-rt"],"_links":{"self":[{"href":"https:\/\/pokale.shop\/ps\/wp-json\/wp\/v2\/product\/4390","targetHints":{"allow":["GET"]}}],"collection":[{"href":"https:\/\/pokale.shop\/ps\/wp-json\/wp\/v2\/product"}],"about":[{"href":"https:\/\/pokale.shop\/ps\/wp-json\/wp\/v2\/types\/product"}],"replies":[{"embeddable":true,"href":"https:\/\/pokale.shop\/ps\/wp-json\/wp\/v2\/comments?post=4390"}],"wp:featuredmedia":[{"embeddable":true,"href":"https:\/\/pokale.shop\/ps\/wp-json\/wp\/v2\/media\/10048"}],"wp:attachment":[{"href":"https:\/\/pokale.shop\/ps\/wp-json\/wp\/v2\/media?parent=4390"}],"wp:term":[{"taxonomy":"product_cat","embeddable":true,"href":"https:\/\/pokale.shop\/ps\/wp-json\/wp\/v2\/product_cat?post=4390"},{"taxonomy":"product_tag","embeddable":true,"href":"https:\/\/pokale.shop\/ps\/wp-json\/wp\/v2\/product_tag?post=4390"}],"curies":[{"name":"wp","href":"https:\/\/api.w.org\/{rel}","templated":true}]}}