{"id":4400,"date":"2021-06-02T20:56:42","date_gmt":"2021-06-02T20:56:42","guid":{"rendered":"http:\/\/localhost\/import\/product\/10er-fussball-pokalserie-pokale-prestige-ab-31-cm\/"},"modified":"2026-04-15T17:22:40","modified_gmt":"2026-04-15T17:22:40","slug":"10er-fussball-pokalserie-pokale-prestige-ab-31-cm","status":"publish","type":"product","link":"https:\/\/pokale.shop\/ps\/product\/10er-fussball-pokalserie-pokale-prestige-ab-31-cm\/","title":{"rendered":"10er Fussball Pokalserie Pokale Prestige ab 31 cm"},"content":{"rendered":"<p>In unserem Online Pokale Shop pr\u00e4sentieren wir stolz unsere &#8220;Goldene Prestige&#8221;-Troph\u00e4en f\u00fcr dein Fu\u00dfballturnier. Diese Troph\u00e4enkollektion mit 10 verschiedenen Gr\u00f6\u00dfen bietet dir die M\u00f6glichkeit, deine ganz pers\u00f6nliche Serie von Fu\u00dfballpokalen zusammenzustellen, die deinem Event einen Hauch von Eleganz und Raffinesse verleiht.<\/p>\n<p><strong>Deine Auswahl an Fu\u00dfballtroph\u00e4en:<\/strong><\/p>\n<ol>\n<li>1 x Pokal (H\u00f6he: 31 cm \/ Durchmesser: 8 cm)<\/li>\n<li>1 x Pokal (H\u00f6he: 32 cm \/ Durchmesser: 8 cm)<\/li>\n<li>1 x Pokal (H\u00f6he: 34,5 cm \/ Durchmesser: 10 cm)<\/li>\n<li>1 x Pokal (H\u00f6he: 36,5 cm \/ Durchmesser: 10 cm)<\/li>\n<li>1 x Pokal (H\u00f6he: 38 cm \/ Durchmesser: 12 cm)<\/li>\n<li>1 x Pokal (H\u00f6he: 40,5 cm \/ Durchmesser: 12 cm)<\/li>\n<li>1 x Pokal (H\u00f6he: 43,5 cm \/ Durchmesser: 14 cm)<\/li>\n<li>1 x Pokal (H\u00f6he: 45 cm \/ Durchmesser: 14 cm)<\/li>\n<li>1 x Pokal (H\u00f6he: 47 cm \/ Durchmesser: 14 cm)<\/li>\n<li>1 x Pokal (H\u00f6he: 48 cm \/ Durchmesser: 14 cm)<\/li>\n<\/ol>\n<p><strong>Hochwertige Materialien:<\/strong><\/p>\n<p>Die Fu\u00dfballpokale sind auf einem edlen Sockel aus schwarzem Marmor platziert, der diesen Troph\u00e4en eine zeitlose Eleganz verleiht. Diese &#8220;Goldene Prestige&#8221;-Troph\u00e4en sind nicht nur Ausdruck von Exzellenz, sondern auch von Qualit\u00e4t.<\/p>\n<p><strong>Inklusive Gravur:<\/strong><\/p>\n<p>Und das Beste: Der Preis beinhaltet bereits die Gravur f\u00fcr jeden Pokal. Gib einfach den gew\u00fcnschten Gravurtext f\u00fcr alle Troph\u00e4en in das Textfeld ein. Bitte beachte, dass f\u00fcr die Gravurplatte 3-4 Zeilen zur Verf\u00fcgung stehen, mit maximal 30 Zeichen pro Zeile, einschlie\u00dflich Leerzeichen.<\/p>\n<p>Mit unseren &#8220;Goldene Prestige&#8221;-Fu\u00dfballpokalen wird deine Siegerehrung garantiert zu einem absoluten H\u00f6hepunkt. Zeige deinen Gewinnern, dass ihre Leistungen gesch\u00e4tzt werden, und schaffe unvergessliche Erinnerungen f\u00fcr dein Fu\u00dfballturnier. Bestelle jetzt und lass uns zusammen daf\u00fcr sorgen, dass dein Event unvergesslich wird!<\/p>\n","protected":false},"excerpt":{"rendered":"<p>In unserem Online Pokale Shop pr\u00e4sentieren wir stolz unsere &#8220;Goldene Prestige&#8221;-Troph\u00e4en f\u00fcr dein Fu\u00dfballturnier. Diese Troph\u00e4enkollektion mit 10 verschiedenen Gr\u00f6\u00dfen bietet dir die M\u00f6glichkeit, deine ganz pers\u00f6nliche Serie von Fu\u00dfballpokalen zusammenzustellen, die deinem Event einen Hauch von Eleganz und Raffinesse verleiht. Deine Auswahl an Fu\u00dfballtroph\u00e4en: 1 x Pokal (H\u00f6he: 31&hellip;<\/p>\n","protected":false},"featured_media":4401,"comment_status":"open","ping_status":"closed","template":"","meta":{"spay_email":""},"product_cat":[16,17,26,32,36],"product_tag":[],"class_list":["post-4400","product","type-product","status-publish","has-post-thumbnail","hentry","product_cat-pokale","product_cat-pokale-pokale","product_cat-10er-pokale-serie","product_cat-themen-pokale","product_cat-fussball-pokale"],"_links":{"self":[{"href":"https:\/\/pokale.shop\/ps\/wp-json\/wp\/v2\/product\/4400","targetHints":{"allow":["GET"]}}],"collection":[{"href":"https:\/\/pokale.shop\/ps\/wp-json\/wp\/v2\/product"}],"about":[{"href":"https:\/\/pokale.shop\/ps\/wp-json\/wp\/v2\/types\/product"}],"replies":[{"embeddable":true,"href":"https:\/\/pokale.shop\/ps\/wp-json\/wp\/v2\/comments?post=4400"}],"wp:featuredmedia":[{"embeddable":true,"href":"https:\/\/pokale.shop\/ps\/wp-json\/wp\/v2\/media\/4401"}],"wp:attachment":[{"href":"https:\/\/pokale.shop\/ps\/wp-json\/wp\/v2\/media?parent=4400"}],"wp:term":[{"taxonomy":"product_cat","embeddable":true,"href":"https:\/\/pokale.shop\/ps\/wp-json\/wp\/v2\/product_cat?post=4400"},{"taxonomy":"product_tag","embeddable":true,"href":"https:\/\/pokale.shop\/ps\/wp-json\/wp\/v2\/product_tag?post=4400"}],"curies":[{"name":"wp","href":"https:\/\/api.w.org\/{rel}","templated":true}]}}