{"id":4436,"date":"2021-06-02T20:57:32","date_gmt":"2021-06-02T20:57:32","guid":{"rendered":"http:\/\/localhost\/import\/product\/pokale-skylon-red-ab\/"},"modified":"2026-01-18T19:57:01","modified_gmt":"2026-01-18T19:57:01","slug":"pokale-skylon-red-ab","status":"publish","type":"product","link":"https:\/\/pokale.shop\/ps\/product\/pokale-skylon-red-ab\/","title":{"rendered":"Pokale SKYLON RED ab 24cm"},"content":{"rendered":"<p>Vielen Dank f\u00fcr Ihr Interesse an unseren exklusiven Pokalen f\u00fcr Ihr Event! Wir bieten Ihnen die M\u00f6glichkeit, aus 12 verschiedenen Pokalgr\u00f6\u00dfen zu w\u00e4hlen und Ihre eigene individuelle Pokalserie zu erstellen.<\/p>\n<p>Hier sind einige wichtige Informationen zum Material und zur Personalisierung:<\/p>\n<p><strong>Materialhinweise:<\/strong><\/p>\n<ul>\n<li>Sockel: Marmor wei\u00df<\/li>\n<li>Fu\u00df: Kunststoff<\/li>\n<li><span style=\"vertical-align: inherit;\"><span style=\"vertical-align: inherit;\">Tasse: Metall<\/span><\/span><\/li>\n<\/ul>\n<p><strong>Personalisierung:<\/strong> Sie k\u00f6nnen Ihren Pokal mit einem individuellen Text gestalten. Ihnen stehen 3 bis maximal 4 Zeilen zur Verf\u00fcgung, wobei jede Zeile maximal 25-30 Zeichen inklusive Leerzeichen haben sollte. Dies hilft uns, eine sch\u00f6ne Aufteilung f\u00fcr Ihren Text zu gew\u00e4hrleisten.<\/p>\n<p><strong>Kauf der Serie:<\/strong> Sie k\u00f6nnen die Platzierungen f\u00fcr Ihre Serie angeben, z.B. von 1. bis 12. Platz. Unsere Pokale werden komplett montiert geliefert, so dass Sie sich um nichts weiter k\u00fcmmern m\u00fcssen.<\/p>\n<p>Wenn Sie weitere Fragen haben oder eine Bestellung aufgeben m\u00f6chten, stehen wir Ihnen gerne zur Verf\u00fcgung. Kontaktieren Sie uns einfach, und wir helfen Ihnen gerne bei der Gestaltung Ihrer individuellen Pokalserie f\u00fcr Ihr Event!<\/p>\n<p>&nbsp;<\/p>\n","protected":false},"excerpt":{"rendered":"<p>Vielen Dank f\u00fcr Ihr Interesse an unseren exklusiven Pokalen f\u00fcr Ihr Event! Wir bieten Ihnen die M\u00f6glichkeit, aus 12 verschiedenen Pokalgr\u00f6\u00dfen zu w\u00e4hlen und Ihre eigene individuelle Pokalserie zu erstellen. Hier sind einige wichtige Informationen zum Material und zur Personalisierung: Materialhinweise: Sockel: Marmor wei\u00df Fu\u00df: Kunststoff Tasse: Metall Personalisierung: Sie&hellip;<\/p>\n","protected":false},"featured_media":4437,"comment_status":"open","ping_status":"closed","template":"","meta":{"spay_email":""},"product_cat":[16,17,18,19,20,21,24,22,23,26,25],"product_tag":[],"class_list":["post-4436","product","type-product","status-publish","has-post-thumbnail","hentry","product_cat-pokale","product_cat-pokale-pokale","product_cat-einzelpokale","product_cat-3er-pokale-serie","product_cat-5er-pokale-serie","product_cat-6er-pokale-serie","product_cat-7er-pokale-serie","product_cat-8er-pokale-serie","product_cat-9er-pokale-serie","product_cat-10er-pokale-serie","product_cat-12er-pokale-serie","pa_color-silv-bl","pa_color-silv-rt"],"_links":{"self":[{"href":"https:\/\/pokale.shop\/ps\/wp-json\/wp\/v2\/product\/4436","targetHints":{"allow":["GET"]}}],"collection":[{"href":"https:\/\/pokale.shop\/ps\/wp-json\/wp\/v2\/product"}],"about":[{"href":"https:\/\/pokale.shop\/ps\/wp-json\/wp\/v2\/types\/product"}],"replies":[{"embeddable":true,"href":"https:\/\/pokale.shop\/ps\/wp-json\/wp\/v2\/comments?post=4436"}],"wp:featuredmedia":[{"embeddable":true,"href":"https:\/\/pokale.shop\/ps\/wp-json\/wp\/v2\/media\/4437"}],"wp:attachment":[{"href":"https:\/\/pokale.shop\/ps\/wp-json\/wp\/v2\/media?parent=4436"}],"wp:term":[{"taxonomy":"product_cat","embeddable":true,"href":"https:\/\/pokale.shop\/ps\/wp-json\/wp\/v2\/product_cat?post=4436"},{"taxonomy":"product_tag","embeddable":true,"href":"https:\/\/pokale.shop\/ps\/wp-json\/wp\/v2\/product_tag?post=4436"}],"curies":[{"name":"wp","href":"https:\/\/api.w.org\/{rel}","templated":true}]}}