{"id":4450,"date":"2021-06-02T20:57:51","date_gmt":"2021-06-02T20:57:51","guid":{"rendered":"http:\/\/localhost\/import\/product\/award-ehrenpreis-star-wood\/"},"modified":"2025-06-06T09:58:18","modified_gmt":"2025-06-06T09:58:18","slug":"award-ehrenpreis-star-wood","status":"publish","type":"product","link":"https:\/\/pokale.shop\/ps\/product\/award-ehrenpreis-star-wood\/","title":{"rendered":"&#8211; AWARD Ehrenpreis STAR Wood"},"content":{"rendered":"<p><center><\/center>&#8220;Sichere dir deinen einzigartigen Ehrenpreis direkt aus unserer eigenen Produktion!<\/p>\n<p>Entdecke unsere exklusiven Ehrenpreis-Pokale, die wir mit deinem individuellen Logo und pers\u00f6nlichem Text gestalten. Perfekt f\u00fcr dein Top-Event!<\/p>\n<p>W\u00e4hle aus drei verschiedenen Farboptionen und gestalte deine ganz eigene Ehrenpreis-Pokalserie. Bei uns kannst du deinen Award vollkommen nach deinen W\u00fcnschen personalisieren. Wir verwenden modernste Lasergravurtechnologie, um deinen Pokal zu veredeln. Du kannst die Textaufteilung nach deinen Vorstellungen w\u00e4hlen und nat\u00fcrlich auch dein Logo integrieren.<\/p>\n<p><strong>Lasergravur-Infos:<\/strong><\/p>\n<p>Mache deinen Pokal zu einem wahrhaft einzigartigen und individuellen Kunstwerk! Gib einfach deinen gew\u00fcnschten Gravurtext in das Textfeld unten ein. Du hast Platz f\u00fcr bis zu 5 Zeilen mit jeweils etwa 30 Zeichen. Standardm\u00e4\u00dfig gestalten wir die Gravur so, wie du es auf den Bildern siehst. Wenn du eine andere Aufteilung bevorzugst, teile uns das bitte im Gravurtextfeld mit. Wenn du dein Logo hinzuf\u00fcgen m\u00f6chtest, sende es uns zusammen mit deiner Bestellbest\u00e4tigung, die du automatisch nach deiner Bestellung von uns erh\u00e4ltst.<\/p>\n<p><strong>Datenformat:<\/strong><\/p>\n<p>Bitte sende uns nur Dateien im Vektorformat wie .cdr, .pdf oder .eps. Dateiformate wie .jpg, .gif und .png k\u00f6nnen leider nicht verarbeitet werden. Beachte, dass Bilder, die in den gew\u00fcnschten Datenformaten gespeichert sind, keine Vektordateien sind und daher nicht verarbeitet werden k\u00f6nnen. Falls du Fragen zur Verarbeitung des Produktes hast, kontaktiere uns gerne telefonisch oder per E-Mail.<\/p>\n<p><strong>Produktdetails:<\/strong><\/p>\n<ul>\n<li>H\u00f6he des Pokals: 30cm<\/li>\n<li>Breite des Pokals: 10cm<\/li>\n<li>Tiefe des Pokals: 2,8cm<\/li>\n<li>Material: Birke Multiplex<\/li>\n<li>Stern aus Metall<\/li>\n<\/ul>\n<p>&nbsp;<\/p>\n<p>&nbsp;<\/p>\n<p>&nbsp;<\/p>\n<p>&nbsp;<\/p>\n","protected":false},"excerpt":{"rendered":"<p>&#8220;Sichere dir deinen einzigartigen Ehrenpreis direkt aus unserer eigenen Produktion! Entdecke unsere exklusiven Ehrenpreis-Pokale, die wir mit deinem individuellen Logo und pers\u00f6nlichem Text gestalten. Perfekt f\u00fcr dein Top-Event! W\u00e4hle aus drei verschiedenen Farboptionen und gestalte deine ganz eigene Ehrenpreis-Pokalserie. Bei uns kannst du deinen Award vollkommen nach deinen W\u00fcnschen personalisieren.&hellip;<\/p>\n","protected":false},"featured_media":4451,"comment_status":"open","ping_status":"closed","template":"","meta":{"spay_email":""},"product_cat":[16,17,18,19,52,54],"product_tag":[],"class_list":["post-4450","product","type-product","status-publish","has-post-thumbnail","hentry","product_cat-pokale","product_cat-pokale-pokale","product_cat-einzelpokale","product_cat-3er-pokale-serie","product_cat-awards","product_cat-acryl-holz-alu-pokale","pa_color-gold","pa_color-silber","pa_color-bronze"],"_links":{"self":[{"href":"https:\/\/pokale.shop\/ps\/wp-json\/wp\/v2\/product\/4450","targetHints":{"allow":["GET"]}}],"collection":[{"href":"https:\/\/pokale.shop\/ps\/wp-json\/wp\/v2\/product"}],"about":[{"href":"https:\/\/pokale.shop\/ps\/wp-json\/wp\/v2\/types\/product"}],"replies":[{"embeddable":true,"href":"https:\/\/pokale.shop\/ps\/wp-json\/wp\/v2\/comments?post=4450"}],"wp:featuredmedia":[{"embeddable":true,"href":"https:\/\/pokale.shop\/ps\/wp-json\/wp\/v2\/media\/4451"}],"wp:attachment":[{"href":"https:\/\/pokale.shop\/ps\/wp-json\/wp\/v2\/media?parent=4450"}],"wp:term":[{"taxonomy":"product_cat","embeddable":true,"href":"https:\/\/pokale.shop\/ps\/wp-json\/wp\/v2\/product_cat?post=4450"},{"taxonomy":"product_tag","embeddable":true,"href":"https:\/\/pokale.shop\/ps\/wp-json\/wp\/v2\/product_tag?post=4450"}],"curies":[{"name":"wp","href":"https:\/\/api.w.org\/{rel}","templated":true}]}}