{"id":4484,"date":"2021-06-02T20:58:41","date_gmt":"2021-06-02T20:58:41","guid":{"rendered":"http:\/\/localhost\/import\/product\/10er-fussball-pokale-xl-silverblack-ab-34cm\/"},"modified":"2026-03-04T16:33:00","modified_gmt":"2026-03-04T16:33:00","slug":"10er-fussball-pokale-xl-silverblack-ab-34cm","status":"publish","type":"product","link":"https:\/\/pokale.shop\/ps\/product\/10er-fussball-pokale-xl-silverblack-ab-34cm\/","title":{"rendered":"10er Fussball Pokale XL SilverBlack ab 34cm"},"content":{"rendered":"<p>Fu\u00dfballpokale SilverBlack &#8211; gro\u00dfe Troph\u00e4en zum Vereinspreis. Diese Serie kannst Du in 10 verschiedenen Gr\u00f6\u00dfen bestellen. W\u00e4hle ganz einfach Deinen Favoriten oder die gesamte Serie aus.<\/p>\n<p>Fu\u00dfballpokale f\u00fcr Dein Fu\u00dfballturnier.<br \/>\nMit unseren Pokalen SOCCER SILVER RED wird Deine Siegerehrung zum absoluten Highlight!<\/p>\n<p>1 x Cup (H\u00f6he: 34 cm \/ Durchmesser: 8 cm)<br \/>\n1 x Cup (H\u00f6he: 35,5 cm \/ Durchmesser: 8 cm)<br \/>\n1 x Cup (H\u00f6he: 36 cm \/ Durchmesser: 9 cm)<br \/>\n1 x Cup (H\u00f6he: 37 cm \/ Durchmesser: 9 cm)<br \/>\n1 x Cup (H\u00f6he: 38 cm \/ Durchmesser: 10 cm)<br \/>\n1 x Cup (H\u00f6he: 39 cm \/ Durchmesser: 10 cm)<br \/>\n1 x Cup (H\u00f6he: 41 cm \/ Durchmesser: 12 cm)<br \/>\n1 x Cup (H\u00f6he: 42,5 cm \/ Durchmesser: 12 cm)<br \/>\n1 x Cup (H\u00f6he: 44 cm \/ Durchmesser: 14 cm)<br \/>\n1 x Cup (H\u00f6he: 45 cm \/ Durchmesser: 14 cm)<\/p>\n<p>Material bestehend aus<br \/>\nSockel &#8211; wei\u00dfer Marmor<br \/>\nFu\u00df &#8211; Kunststoff<br \/>\nTasse &amp; Deckel &#8211; Metall<br \/>\nFigur &#8211; Kunststoff<\/p>\n<p>Selbstverst\u00e4ndlich ist im Preis f\u00fcr jeden Pokal bereits die Gravur enthalten.<br \/>\nGeben Sie f\u00fcr alle Pokale einfach Ihren gew\u00fcnschten Gravurtext in das Textfeld ein.<\/p>\n<p><img decoding=\"async\" class=\"pokale-margin-top\" style=\"width: 100%; max-width: 1000px; border: 1px solid lightgray;\" src=\"https:\/\/www.pokale.shop\/ebay\/images\/01-fussball_black.jpg\" \/><\/p>\n<p>&nbsp;<\/p>\n<p>Bitte beachten &#8211; f\u00fcr das Gravurschild stehen 3-4 Zeilen zur Verf\u00fcgung &#8211; maximal 30 Zeichen pro Zeile inkl. Leerzeichen.<\/p>\n","protected":false},"excerpt":{"rendered":"<p>Fu\u00dfballpokale SilverBlack &#8211; gro\u00dfe Troph\u00e4en zum Vereinspreis. Diese Serie kannst Du in 10 verschiedenen Gr\u00f6\u00dfen bestellen. W\u00e4hle ganz einfach Deinen Favoriten oder die gesamte Serie aus. Fu\u00dfballpokale f\u00fcr Dein Fu\u00dfballturnier. Mit unseren Pokalen SOCCER SILVER RED wird Deine Siegerehrung zum absoluten Highlight! 1 x Cup (H\u00f6he: 34 cm \/ Durchmesser:&hellip;<\/p>\n","protected":false},"featured_media":4485,"comment_status":"open","ping_status":"closed","template":"","meta":{"spay_email":""},"product_cat":[16,17,26,32,36],"product_tag":[],"class_list":["post-4484","product","type-product","status-publish","has-post-thumbnail","hentry","product_cat-pokale","product_cat-pokale-pokale","product_cat-10er-pokale-serie","product_cat-themen-pokale","product_cat-fussball-pokale"],"_links":{"self":[{"href":"https:\/\/pokale.shop\/ps\/wp-json\/wp\/v2\/product\/4484","targetHints":{"allow":["GET"]}}],"collection":[{"href":"https:\/\/pokale.shop\/ps\/wp-json\/wp\/v2\/product"}],"about":[{"href":"https:\/\/pokale.shop\/ps\/wp-json\/wp\/v2\/types\/product"}],"replies":[{"embeddable":true,"href":"https:\/\/pokale.shop\/ps\/wp-json\/wp\/v2\/comments?post=4484"}],"wp:featuredmedia":[{"embeddable":true,"href":"https:\/\/pokale.shop\/ps\/wp-json\/wp\/v2\/media\/4485"}],"wp:attachment":[{"href":"https:\/\/pokale.shop\/ps\/wp-json\/wp\/v2\/media?parent=4484"}],"wp:term":[{"taxonomy":"product_cat","embeddable":true,"href":"https:\/\/pokale.shop\/ps\/wp-json\/wp\/v2\/product_cat?post=4484"},{"taxonomy":"product_tag","embeddable":true,"href":"https:\/\/pokale.shop\/ps\/wp-json\/wp\/v2\/product_tag?post=4484"}],"curies":[{"name":"wp","href":"https:\/\/api.w.org\/{rel}","templated":true}]}}