{"id":4488,"date":"2021-06-02T20:58:47","date_gmt":"2021-06-02T20:58:47","guid":{"rendered":"http:\/\/localhost\/import\/product\/3er-fussball-pokale-magic-champion-blue-ab-41cm\/"},"modified":"2023-12-15T10:34:09","modified_gmt":"2023-12-15T10:34:09","slug":"3er-fussball-pokale-magic-champion-blue-ab-41cm","status":"publish","type":"product","link":"https:\/\/pokale.shop\/ps\/product\/3er-fussball-pokale-magic-champion-blue-ab-41cm\/","title":{"rendered":"3er Fussball Pokale Magic Champion  Blue ab 41cm"},"content":{"rendered":"<p>Fu\u00dfballtroph\u00e4e &#8220;Magic Champion&#8221;. Troph\u00e4en f\u00fcr wahre Fu\u00dfballchampions. Sie haben die M\u00f6glichkeit, die Troph\u00e4en in drei verschiedenen Gr\u00f6\u00dfen zu bestellen oder nat\u00fcrlich als vollst\u00e4ndiges Set von drei.<\/p>\n<p>Fu\u00dfballtroph\u00e4en f\u00fcr Ihr Fu\u00dfballturnier.<\/p>\n<p>Erh\u00e4ltlich in den folgenden Gr\u00f6\u00dfen:<\/p>\n<ol>\n<li>Fu\u00dfballpokal (H\u00f6he: 41 cm \/ Durchmesser: 12 cm)<\/li>\n<li>Fu\u00dfballpokal (H\u00f6he: 42 cm \/ Durchmesser: 12 cm)<\/li>\n<li>Fu\u00dfballpokal (H\u00f6he: 44 cm \/ Durchmesser: 14 cm)<\/li>\n<\/ol>\n<p>Materialzusammensetzung:<\/p>\n<ul>\n<li>Pokalbasis aus wei\u00dfem Marmor<\/li>\n<li>Fu\u00df aus Kunststoff<\/li>\n<li>Fu\u00dfball in den Farben Blau-Silber-Metall<\/li>\n<\/ul>\n<p>Der Preis beinhaltet bereits die Gravur f\u00fcr jede Troph\u00e4e. Geben Sie einfach Ihren gew\u00fcnschten Gravurtext f\u00fcr alle Troph\u00e4en im Textfeld ein.<\/p>\n<p>Bitte beachten Sie \u2013 es stehen 3-4 Zeilen f\u00fcr die Gravurplatte zur Verf\u00fcgung, mit einer maximalen L\u00e4nge von 30 Zeichen pro Zeile, inklusive Leerzeichen.<\/p>\n","protected":false},"excerpt":{"rendered":"<p>Fu\u00dfballtroph\u00e4e &#8220;Magic Champion&#8221;. Troph\u00e4en f\u00fcr wahre Fu\u00dfballchampions. Sie haben die M\u00f6glichkeit, die Troph\u00e4en in drei verschiedenen Gr\u00f6\u00dfen zu bestellen oder nat\u00fcrlich als vollst\u00e4ndiges Set von drei. Fu\u00dfballtroph\u00e4en f\u00fcr Ihr Fu\u00dfballturnier. Erh\u00e4ltlich in den folgenden Gr\u00f6\u00dfen: Fu\u00dfballpokal (H\u00f6he: 41 cm \/ Durchmesser: 12 cm) Fu\u00dfballpokal (H\u00f6he: 42 cm \/ Durchmesser: 12&hellip;<\/p>\n","protected":false},"featured_media":4489,"comment_status":"open","ping_status":"closed","template":"","meta":{"spay_email":""},"product_cat":[16,32,36],"product_tag":[],"class_list":["post-4488","product","type-product","status-publish","has-post-thumbnail","hentry","product_cat-pokale","product_cat-themen-pokale","product_cat-fussball-pokale"],"_links":{"self":[{"href":"https:\/\/pokale.shop\/ps\/wp-json\/wp\/v2\/product\/4488","targetHints":{"allow":["GET"]}}],"collection":[{"href":"https:\/\/pokale.shop\/ps\/wp-json\/wp\/v2\/product"}],"about":[{"href":"https:\/\/pokale.shop\/ps\/wp-json\/wp\/v2\/types\/product"}],"replies":[{"embeddable":true,"href":"https:\/\/pokale.shop\/ps\/wp-json\/wp\/v2\/comments?post=4488"}],"wp:featuredmedia":[{"embeddable":true,"href":"https:\/\/pokale.shop\/ps\/wp-json\/wp\/v2\/media\/4489"}],"wp:attachment":[{"href":"https:\/\/pokale.shop\/ps\/wp-json\/wp\/v2\/media?parent=4488"}],"wp:term":[{"taxonomy":"product_cat","embeddable":true,"href":"https:\/\/pokale.shop\/ps\/wp-json\/wp\/v2\/product_cat?post=4488"},{"taxonomy":"product_tag","embeddable":true,"href":"https:\/\/pokale.shop\/ps\/wp-json\/wp\/v2\/product_tag?post=4488"}],"curies":[{"name":"wp","href":"https:\/\/api.w.org\/{rel}","templated":true}]}}