{"id":4496,"date":"2021-06-02T20:58:57","date_gmt":"2021-06-02T20:58:57","guid":{"rendered":"http:\/\/localhost\/import\/product\/fussball-kinder-medaillen-5-cm\/"},"modified":"2025-11-01T10:28:56","modified_gmt":"2025-11-01T10:28:56","slug":"fussball-kinder-medaillen-5-cm","status":"publish","type":"product","link":"https:\/\/pokale.shop\/ps\/product\/fussball-kinder-medaillen-5-cm\/","title":{"rendered":"Fussball Kinder Medaillen 5 cm"},"content":{"rendered":"<p>Fussball Medaillen f\u00fcr CHAMPIONS Kinder !<\/p>\n<p>Motiv Medaille Fussball f\u00fcr Kinder g\u00fcnstig kaufen.<\/p>\n<p>F\u00fcr Kindergeburtstag oder Kinder \/ Bambini Fussball Turnier bestens geeignet.<\/p>\n<p>Durchmesser: 5 cm<br \/>\nFarbe: gold, silber oder bronze<\/p>\n<p align=\"center\"><b><br \/>\n<a href=\"http:\/\/www.vereinsstore.com\/catalog\/medaillen-bnder-oder-22mm-p-285.html\" target=\"_blank\" rel=\"noopener\"><br \/>\n<\/a><\/b><\/p>\n","protected":false},"excerpt":{"rendered":"<p>Fussball Medaillen f\u00fcr CHAMPIONS Kinder ! Motiv Medaille Fussball f\u00fcr Kinder g\u00fcnstig kaufen. F\u00fcr Kindergeburtstag oder Kinder \/ Bambini Fussball Turnier bestens geeignet. Durchmesser: 5 cm Farbe: gold, silber oder bronze<\/p>\n","protected":false},"featured_media":4497,"comment_status":"open","ping_status":"closed","template":"","meta":{"spay_email":""},"product_cat":[55,58],"product_tag":[],"class_list":["post-4496","product","type-product","status-publish","has-post-thumbnail","hentry","product_cat-medaillen","product_cat-motiv-medaillen","pa_band-schwarz-rot-gelb","pa_band-schwarz-gelb","pa_band-schwarz-weiss","pa_band-schwarz-rot","pa_band-blau-weiss","pa_band-blau-gelb","pa_band-gr-ge","pa_band-gruen-weiss","pa_band-rot-weiss","pa_color-gold","pa_color-silber","pa_color-bronze"],"_links":{"self":[{"href":"https:\/\/pokale.shop\/ps\/wp-json\/wp\/v2\/product\/4496","targetHints":{"allow":["GET"]}}],"collection":[{"href":"https:\/\/pokale.shop\/ps\/wp-json\/wp\/v2\/product"}],"about":[{"href":"https:\/\/pokale.shop\/ps\/wp-json\/wp\/v2\/types\/product"}],"replies":[{"embeddable":true,"href":"https:\/\/pokale.shop\/ps\/wp-json\/wp\/v2\/comments?post=4496"}],"wp:featuredmedia":[{"embeddable":true,"href":"https:\/\/pokale.shop\/ps\/wp-json\/wp\/v2\/media\/4497"}],"wp:attachment":[{"href":"https:\/\/pokale.shop\/ps\/wp-json\/wp\/v2\/media?parent=4496"}],"wp:term":[{"taxonomy":"product_cat","embeddable":true,"href":"https:\/\/pokale.shop\/ps\/wp-json\/wp\/v2\/product_cat?post=4496"},{"taxonomy":"product_tag","embeddable":true,"href":"https:\/\/pokale.shop\/ps\/wp-json\/wp\/v2\/product_tag?post=4496"}],"curies":[{"name":"wp","href":"https:\/\/api.w.org\/{rel}","templated":true}]}}