{"id":4508,"date":"2021-06-02T20:59:14","date_gmt":"2021-06-02T20:59:14","guid":{"rendered":"http:\/\/localhost\/import\/product\/fussball-medaillen-06-5-cm\/"},"modified":"2026-04-20T05:51:34","modified_gmt":"2026-04-20T05:51:34","slug":"fussball-medaillen-06-5-cm","status":"publish","type":"product","link":"https:\/\/pokale.shop\/ps\/product\/fussball-medaillen-06-5-cm\/","title":{"rendered":"Fussball Medaillen 06 5 cm"},"content":{"rendered":"<p>Fussball Medaillen f\u00fcr CHAMPIONS !<\/p>\n<p>Motiv Medaille Fussball g\u00fcnstig kaufen.<\/p>\n<p>Durchmesser: 5 cm<br \/>\nFarbe: gold, silber oder bronze<\/p>\n<p>Die Beschriftung erfolgt auf der R\u00fcckseite der Medaille durch einen transparenten Aufkleber (rund, Druchmesser: 4 cm)<br \/>\nB\u00e4nder und Beschriftung werden aus Kostengr\u00fcnden lose beigelegt.<\/p>\n","protected":false},"excerpt":{"rendered":"<p>Fussball Medaillen f\u00fcr CHAMPIONS ! Motiv Medaille Fussball g\u00fcnstig kaufen. Durchmesser: 5 cm Farbe: gold, silber oder bronze Die Beschriftung erfolgt auf der R\u00fcckseite der Medaille durch einen transparenten Aufkleber (rund, Druchmesser: 4 cm) B\u00e4nder und Beschriftung werden aus Kostengr\u00fcnden lose beigelegt.<\/p>\n","protected":false},"featured_media":4509,"comment_status":"open","ping_status":"closed","template":"","meta":{"spay_email":""},"product_cat":[55,58],"product_tag":[],"class_list":["post-4508","product","type-product","status-publish","has-post-thumbnail","hentry","product_cat-medaillen","product_cat-motiv-medaillen","pa_band-schwarz-rot-gelb","pa_band-schwarz-gelb","pa_band-schwarz-weiss","pa_band-schwarz-rot","pa_band-blau-weiss","pa_band-blau-gelb","pa_band-gr-ge","pa_band-gruen-weiss","pa_band-rot-weiss","pa_color-gold","pa_color-silber","pa_color-bronze"],"_links":{"self":[{"href":"https:\/\/pokale.shop\/ps\/wp-json\/wp\/v2\/product\/4508","targetHints":{"allow":["GET"]}}],"collection":[{"href":"https:\/\/pokale.shop\/ps\/wp-json\/wp\/v2\/product"}],"about":[{"href":"https:\/\/pokale.shop\/ps\/wp-json\/wp\/v2\/types\/product"}],"replies":[{"embeddable":true,"href":"https:\/\/pokale.shop\/ps\/wp-json\/wp\/v2\/comments?post=4508"}],"wp:featuredmedia":[{"embeddable":true,"href":"https:\/\/pokale.shop\/ps\/wp-json\/wp\/v2\/media\/4509"}],"wp:attachment":[{"href":"https:\/\/pokale.shop\/ps\/wp-json\/wp\/v2\/media?parent=4508"}],"wp:term":[{"taxonomy":"product_cat","embeddable":true,"href":"https:\/\/pokale.shop\/ps\/wp-json\/wp\/v2\/product_cat?post=4508"},{"taxonomy":"product_tag","embeddable":true,"href":"https:\/\/pokale.shop\/ps\/wp-json\/wp\/v2\/product_tag?post=4508"}],"curies":[{"name":"wp","href":"https:\/\/api.w.org\/{rel}","templated":true}]}}