{"id":4512,"date":"2021-06-02T20:59:19","date_gmt":"2021-06-02T20:59:19","guid":{"rendered":"http:\/\/localhost\/import\/product\/3er-glaspokalserie-trapezzo-blue\/"},"modified":"2025-11-02T12:16:07","modified_gmt":"2025-11-02T12:16:07","slug":"3er-glaspokalserie-trapezzo-blue","status":"publish","type":"product","link":"https:\/\/pokale.shop\/ps\/product\/3er-glaspokalserie-trapezzo-blue\/","title":{"rendered":"3er Glaspokalserie Trapezzo Blue"},"content":{"rendered":"<p>Sehr sch\u00f6ne, trendige Glaspokal Serie f\u00fcr alle Auszeichnungen bestens geeignet. Ein Ehrenpreis mit bleibenden Eindruck f\u00fcr Ihre Sieger.<\/p>\n<p>Gr\u00f6\u00dfen:<\/p>\n<p>Pokal H\u00f6he: 17,5 cm<\/p>\n<p>Pokal H\u00f6he: 19,5 cm<\/p>\n<p>Pokal H\u00f6he: 21,5 cm<\/p>\n<p>Selbstverst\u00e4ndlich ist im Preis bereits die Gravur und das Emblem je Pokal <b>kostenlos<\/b> enthalten.<br \/>\nDie Gravur erfolgt auf einer Gravurplatte &#8211; kein Etikett. F\u00fcr die Gravur stehen Ihnen 3 bis max. 4 Zeilen zur Verf\u00fcgung &#8211; verwenden Sie bitte dabei pro Zeile max. 30 Zeichen inkl. Leerzeichen.<\/p>\n<p>Geben Sie hierzu einfach Ihren gew\u00fcnschten Gravurtext f\u00fcr Ihre Pokale in das Textfeld ein.<\/p>\n<p align=\"center\"><b><br \/>\n<a href=\"http:\/\/www.vereinsstore.com\/catalog\/images\/emblem\/index.html\" target=\"_blank\" rel=\"noopener\"><br \/>\n<span style=\"color: #990000; font-family: Verdana; font-size: small;\">&lt; Link zur Emblem-Auswahl &gt;<\/span><\/a><\/b><\/p>\n<p>&nbsp;<\/p>\n","protected":false},"excerpt":{"rendered":"<p>Sehr sch\u00f6ne, trendige Glaspokal Serie f\u00fcr alle Auszeichnungen bestens geeignet. Ein Ehrenpreis mit bleibenden Eindruck f\u00fcr Ihre Sieger. Gr\u00f6\u00dfen: Pokal H\u00f6he: 17,5 cm Pokal H\u00f6he: 19,5 cm Pokal H\u00f6he: 21,5 cm Selbstverst\u00e4ndlich ist im Preis bereits die Gravur und das Emblem je Pokal kostenlos enthalten. Die Gravur erfolgt auf einer&hellip;<\/p>\n","protected":false},"featured_media":4513,"comment_status":"open","ping_status":"closed","template":"","meta":{"spay_email":""},"product_cat":[52,53],"product_tag":[],"class_list":["post-4512","product","type-product","status-publish","has-post-thumbnail","hentry","product_cat-awards","product_cat-glaspokale"],"_links":{"self":[{"href":"https:\/\/pokale.shop\/ps\/wp-json\/wp\/v2\/product\/4512","targetHints":{"allow":["GET"]}}],"collection":[{"href":"https:\/\/pokale.shop\/ps\/wp-json\/wp\/v2\/product"}],"about":[{"href":"https:\/\/pokale.shop\/ps\/wp-json\/wp\/v2\/types\/product"}],"replies":[{"embeddable":true,"href":"https:\/\/pokale.shop\/ps\/wp-json\/wp\/v2\/comments?post=4512"}],"wp:featuredmedia":[{"embeddable":true,"href":"https:\/\/pokale.shop\/ps\/wp-json\/wp\/v2\/media\/4513"}],"wp:attachment":[{"href":"https:\/\/pokale.shop\/ps\/wp-json\/wp\/v2\/media?parent=4512"}],"wp:term":[{"taxonomy":"product_cat","embeddable":true,"href":"https:\/\/pokale.shop\/ps\/wp-json\/wp\/v2\/product_cat?post=4512"},{"taxonomy":"product_tag","embeddable":true,"href":"https:\/\/pokale.shop\/ps\/wp-json\/wp\/v2\/product_tag?post=4512"}],"curies":[{"name":"wp","href":"https:\/\/api.w.org\/{rel}","templated":true}]}}