{"id":4516,"date":"2021-06-02T20:59:24","date_gmt":"2021-06-02T20:59:24","guid":{"rendered":"http:\/\/localhost\/import\/product\/urkunden-motorsport\/"},"modified":"2022-02-05T10:55:17","modified_gmt":"2022-02-05T10:55:17","slug":"urkunden-motorsport","status":"publish","type":"product","link":"https:\/\/pokale.shop\/ps\/product\/urkunden-motorsport\/","title":{"rendered":"Urkunden Motorsport"},"content":{"rendered":"<p>Motorsport Urkunden f\u00fcr Champions &#8211; direkt aus unserem Hause. TOP Motorsport Urkunde f\u00fcr Dein Event. Urkunden Gr\u00f6\u00dfe = A4<\/p>\n","protected":false},"excerpt":{"rendered":"<p>Motorsport Urkunden f\u00fcr Champions &#8211; direkt aus unserem Hause. TOP Motorsport Urkunde f\u00fcr Dein Event. Urkunden Gr\u00f6\u00dfe = A4<\/p>\n","protected":false},"featured_media":4517,"comment_status":"open","ping_status":"closed","template":"","meta":{"spay_email":""},"product_cat":[16,29],"product_tag":[],"class_list":["post-4516","product","type-product","status-publish","has-post-thumbnail","hentry","product_cat-pokale","product_cat-urkunden"],"_links":{"self":[{"href":"https:\/\/pokale.shop\/ps\/wp-json\/wp\/v2\/product\/4516","targetHints":{"allow":["GET"]}}],"collection":[{"href":"https:\/\/pokale.shop\/ps\/wp-json\/wp\/v2\/product"}],"about":[{"href":"https:\/\/pokale.shop\/ps\/wp-json\/wp\/v2\/types\/product"}],"replies":[{"embeddable":true,"href":"https:\/\/pokale.shop\/ps\/wp-json\/wp\/v2\/comments?post=4516"}],"wp:featuredmedia":[{"embeddable":true,"href":"https:\/\/pokale.shop\/ps\/wp-json\/wp\/v2\/media\/4517"}],"wp:attachment":[{"href":"https:\/\/pokale.shop\/ps\/wp-json\/wp\/v2\/media?parent=4516"}],"wp:term":[{"taxonomy":"product_cat","embeddable":true,"href":"https:\/\/pokale.shop\/ps\/wp-json\/wp\/v2\/product_cat?post=4516"},{"taxonomy":"product_tag","embeddable":true,"href":"https:\/\/pokale.shop\/ps\/wp-json\/wp\/v2\/product_tag?post=4516"}],"curies":[{"name":"wp","href":"https:\/\/api.w.org\/{rel}","templated":true}]}}