{"id":4518,"date":"2021-06-02T20:59:28","date_gmt":"2021-06-02T20:59:28","guid":{"rendered":"http:\/\/localhost\/import\/product\/go-kart-motorsport-pokale-ab-96cm\/"},"modified":"2022-01-31T13:21:44","modified_gmt":"2022-01-31T13:21:44","slug":"go-kart-motorsport-pokale-ab-96cm","status":"publish","type":"product","link":"https:\/\/pokale.shop\/ps\/product\/go-kart-motorsport-pokale-ab-96cm\/","title":{"rendered":"Go Kart Motorsport Pokale ab 10cm"},"content":{"rendered":"<p>Go Kart POKALE zum g\u00fcnstigen PREIS!<\/p>\n<p>Eine TOP Motorsport Pokalserie &#8211; f\u00fcr alle Auszeichnungen des Go Kart Motorsport bestens geeignet. Pokale zum g\u00fcnstigen Preis.<\/p>\n<p>In folgenden Gr\u00f6\u00dfen erh\u00e4ltlich:<\/p>\n<p>1 x Pokal H\u00f6he: 10 cm &#8211; Durchmesser: 15 cm<br \/>\n1 x Pokal H\u00f6he: 10,5 cm &#8211; Durchmesser: 15 cm<br \/>\n1 x Pokal H\u00f6he: 12,2 cm \u00a0&#8211; Durchmesser: 15 cm<\/p>\n<p>Selbstverst\u00e4ndlich ist im Preis jeweils die Gravur je Pokal enthalten.<br \/>\nDie Gravur erfolgt auf einer Gravurplatte &#8211; kein Etikett. Geben Sie hierzu einfach Ihren gew\u00fcnschten Gravurtext f\u00fcr alle Pokale in das Textfeld ein.<\/p>\n<p>F\u00fcr Ihren individuellen Text stehen Ihnen 3 bis max. 4 Zeilen zur Verf\u00fcgung &#8211; verwenden Sie bitte dabei pro Zeile max. 25-30 Zeichen inkl. Leerzeichen. Diese Angabe dient zur Orientierung, um eine sch\u00f6ne Aufteilung zu gew\u00e4hrleisten.<\/p>\n<h5>Bei Auswahl einer kompletten Serie k\u00f6nnen Sie Ihren Text z.B. so angeben<br \/>\n1-3.Platz<br \/>\nMSC Musterhausen e.V.<br \/>\nJahr<\/h5>\n","protected":false},"excerpt":{"rendered":"<p>Go Kart POKALE zum g\u00fcnstigen PREIS! Eine TOP Motorsport Pokalserie &#8211; f\u00fcr alle Auszeichnungen des Go Kart Motorsport bestens geeignet. Pokale zum g\u00fcnstigen Preis. In folgenden Gr\u00f6\u00dfen erh\u00e4ltlich: 1 x Pokal H\u00f6he: 10 cm &#8211; Durchmesser: 15 cm 1 x Pokal H\u00f6he: 10,5 cm &#8211; Durchmesser: 15 cm 1 x&hellip;<\/p>\n","protected":false},"featured_media":4519,"comment_status":"open","ping_status":"closed","template":"","meta":{"spay_email":""},"product_cat":[16,32,41],"product_tag":[],"class_list":["post-4518","product","type-product","status-publish","has-post-thumbnail","hentry","product_cat-pokale","product_cat-themen-pokale","product_cat-motorsport-pokale"],"_links":{"self":[{"href":"https:\/\/pokale.shop\/ps\/wp-json\/wp\/v2\/product\/4518","targetHints":{"allow":["GET"]}}],"collection":[{"href":"https:\/\/pokale.shop\/ps\/wp-json\/wp\/v2\/product"}],"about":[{"href":"https:\/\/pokale.shop\/ps\/wp-json\/wp\/v2\/types\/product"}],"replies":[{"embeddable":true,"href":"https:\/\/pokale.shop\/ps\/wp-json\/wp\/v2\/comments?post=4518"}],"wp:featuredmedia":[{"embeddable":true,"href":"https:\/\/pokale.shop\/ps\/wp-json\/wp\/v2\/media\/4519"}],"wp:attachment":[{"href":"https:\/\/pokale.shop\/ps\/wp-json\/wp\/v2\/media?parent=4518"}],"wp:term":[{"taxonomy":"product_cat","embeddable":true,"href":"https:\/\/pokale.shop\/ps\/wp-json\/wp\/v2\/product_cat?post=4518"},{"taxonomy":"product_tag","embeddable":true,"href":"https:\/\/pokale.shop\/ps\/wp-json\/wp\/v2\/product_tag?post=4518"}],"curies":[{"name":"wp","href":"https:\/\/api.w.org\/{rel}","templated":true}]}}