{"id":4526,"date":"2021-06-02T20:59:38","date_gmt":"2021-06-02T20:59:38","guid":{"rendered":"http:\/\/localhost\/import\/product\/urkunden-go-kart\/"},"modified":"2022-02-05T10:52:15","modified_gmt":"2022-02-05T10:52:15","slug":"urkunden-go-kart","status":"publish","type":"product","link":"https:\/\/pokale.shop\/ps\/product\/urkunden-go-kart\/","title":{"rendered":"Urkunden Go Kart"},"content":{"rendered":"<p>Go Kart Motorsport Urkunden f\u00fcr Champions &#8211; direkt aus unserem Hause. TOP Motorsport Urkunde f\u00fcr Dein Event. Urkunden Gr\u00f6\u00dfe = A4.<\/p>\n","protected":false},"excerpt":{"rendered":"<p>Go Kart Motorsport Urkunden f\u00fcr Champions &#8211; direkt aus unserem Hause. TOP Motorsport Urkunde f\u00fcr Dein Event. Urkunden Gr\u00f6\u00dfe = A4.<\/p>\n","protected":false},"featured_media":4527,"comment_status":"open","ping_status":"closed","template":"","meta":{"spay_email":""},"product_cat":[16,29],"product_tag":[],"class_list":["post-4526","product","type-product","status-publish","has-post-thumbnail","hentry","product_cat-pokale","product_cat-urkunden"],"_links":{"self":[{"href":"https:\/\/pokale.shop\/ps\/wp-json\/wp\/v2\/product\/4526","targetHints":{"allow":["GET"]}}],"collection":[{"href":"https:\/\/pokale.shop\/ps\/wp-json\/wp\/v2\/product"}],"about":[{"href":"https:\/\/pokale.shop\/ps\/wp-json\/wp\/v2\/types\/product"}],"replies":[{"embeddable":true,"href":"https:\/\/pokale.shop\/ps\/wp-json\/wp\/v2\/comments?post=4526"}],"wp:featuredmedia":[{"embeddable":true,"href":"https:\/\/pokale.shop\/ps\/wp-json\/wp\/v2\/media\/4527"}],"wp:attachment":[{"href":"https:\/\/pokale.shop\/ps\/wp-json\/wp\/v2\/media?parent=4526"}],"wp:term":[{"taxonomy":"product_cat","embeddable":true,"href":"https:\/\/pokale.shop\/ps\/wp-json\/wp\/v2\/product_cat?post=4526"},{"taxonomy":"product_tag","embeddable":true,"href":"https:\/\/pokale.shop\/ps\/wp-json\/wp\/v2\/product_tag?post=4526"}],"curies":[{"name":"wp","href":"https:\/\/api.w.org\/{rel}","templated":true}]}}