{"id":4528,"date":"2021-06-02T20:59:42","date_gmt":"2021-06-02T20:59:42","guid":{"rendered":"http:\/\/localhost\/import\/product\/urkunden-reitsport-pferdesport\/"},"modified":"2022-02-01T13:59:54","modified_gmt":"2022-02-01T13:59:54","slug":"urkunden-reitsport-pferdesport","status":"publish","type":"product","link":"https:\/\/pokale.shop\/ps\/product\/urkunden-reitsport-pferdesport\/","title":{"rendered":"Urkunden Reitsport Pferdesport"},"content":{"rendered":"<p><span style=\"vertical-align: inherit;\"><span style=\"vertical-align: inherit;\"><span style=\"vertical-align: inherit;\"><span style=\"vertical-align: inherit;\">Pferdesport Urkunde &#8211; direkt aus unserem Hause. <\/span><\/span><\/span><span style=\"vertical-align: inherit;\"><span style=\"vertical-align: inherit;\"><span style=\"vertical-align: inherit;\">TOP Reitsport Urkunde f\u00fcr Ihre Reitveranstaltung. <\/span><\/span><\/span><span style=\"vertical-align: inherit;\"><span style=\"vertical-align: inherit;\"><span style=\"vertical-align: inherit;\">Urkunde Gr\u00f6\u00dfe = A4<\/span><\/span><\/span><\/span><\/p>\n","protected":false},"excerpt":{"rendered":"<p>Pferdesport Urkunde &#8211; direkt aus unserem Hause. TOP Reitsport Urkunde f\u00fcr Ihre Reitveranstaltung. Urkunde Gr\u00f6\u00dfe = A4<\/p>\n","protected":false},"featured_media":4529,"comment_status":"open","ping_status":"closed","template":"","meta":{"spay_email":""},"product_cat":[16,32,44,29],"product_tag":[],"class_list":["post-4528","product","type-product","status-publish","has-post-thumbnail","hentry","product_cat-pokale","product_cat-themen-pokale","product_cat-reitsport-pokale","product_cat-urkunden"],"_links":{"self":[{"href":"https:\/\/pokale.shop\/ps\/wp-json\/wp\/v2\/product\/4528","targetHints":{"allow":["GET"]}}],"collection":[{"href":"https:\/\/pokale.shop\/ps\/wp-json\/wp\/v2\/product"}],"about":[{"href":"https:\/\/pokale.shop\/ps\/wp-json\/wp\/v2\/types\/product"}],"replies":[{"embeddable":true,"href":"https:\/\/pokale.shop\/ps\/wp-json\/wp\/v2\/comments?post=4528"}],"wp:featuredmedia":[{"embeddable":true,"href":"https:\/\/pokale.shop\/ps\/wp-json\/wp\/v2\/media\/4529"}],"wp:attachment":[{"href":"https:\/\/pokale.shop\/ps\/wp-json\/wp\/v2\/media?parent=4528"}],"wp:term":[{"taxonomy":"product_cat","embeddable":true,"href":"https:\/\/pokale.shop\/ps\/wp-json\/wp\/v2\/product_cat?post=4528"},{"taxonomy":"product_tag","embeddable":true,"href":"https:\/\/pokale.shop\/ps\/wp-json\/wp\/v2\/product_tag?post=4528"}],"curies":[{"name":"wp","href":"https:\/\/api.w.org\/{rel}","templated":true}]}}