{"id":4530,"date":"2021-06-02T20:59:46","date_gmt":"2021-06-02T20:59:46","guid":{"rendered":"http:\/\/localhost\/import\/product\/urkunden-feuerwehr\/"},"modified":"2022-02-05T10:50:53","modified_gmt":"2022-02-05T10:50:53","slug":"urkunden-feuerwehr","status":"publish","type":"product","link":"https:\/\/pokale.shop\/ps\/product\/urkunden-feuerwehr\/","title":{"rendered":"Urkunden Feuerwehr"},"content":{"rendered":"<p>Feuerwehr Urkunden &#8211; direkt aus unserem Hause. TOP Feuerwehr Urkunden f\u00fcr Dein Feuerwehr Wettkampf oder Auszeichnung. Urkunden Gr\u00f6\u00dfe = A4..<\/p>\n","protected":false},"excerpt":{"rendered":"<p>Feuerwehr Urkunden &#8211; direkt aus unserem Hause. TOP Feuerwehr Urkunden f\u00fcr Dein Feuerwehr Wettkampf oder Auszeichnung. Urkunden Gr\u00f6\u00dfe = A4..<\/p>\n","protected":false},"featured_media":4531,"comment_status":"open","ping_status":"closed","template":"","meta":{"spay_email":""},"product_cat":[16,29],"product_tag":[],"class_list":["post-4530","product","type-product","status-publish","has-post-thumbnail","hentry","product_cat-pokale","product_cat-urkunden"],"_links":{"self":[{"href":"https:\/\/pokale.shop\/ps\/wp-json\/wp\/v2\/product\/4530","targetHints":{"allow":["GET"]}}],"collection":[{"href":"https:\/\/pokale.shop\/ps\/wp-json\/wp\/v2\/product"}],"about":[{"href":"https:\/\/pokale.shop\/ps\/wp-json\/wp\/v2\/types\/product"}],"replies":[{"embeddable":true,"href":"https:\/\/pokale.shop\/ps\/wp-json\/wp\/v2\/comments?post=4530"}],"wp:featuredmedia":[{"embeddable":true,"href":"https:\/\/pokale.shop\/ps\/wp-json\/wp\/v2\/media\/4531"}],"wp:attachment":[{"href":"https:\/\/pokale.shop\/ps\/wp-json\/wp\/v2\/media?parent=4530"}],"wp:term":[{"taxonomy":"product_cat","embeddable":true,"href":"https:\/\/pokale.shop\/ps\/wp-json\/wp\/v2\/product_cat?post=4530"},{"taxonomy":"product_tag","embeddable":true,"href":"https:\/\/pokale.shop\/ps\/wp-json\/wp\/v2\/product_tag?post=4530"}],"curies":[{"name":"wp","href":"https:\/\/api.w.org\/{rel}","templated":true}]}}