{"id":4532,"date":"2021-06-02T20:59:49","date_gmt":"2021-06-02T20:59:49","guid":{"rendered":"http:\/\/localhost\/import\/product\/urkunden-radsport\/"},"modified":"2022-02-01T13:56:54","modified_gmt":"2022-02-01T13:56:54","slug":"urkunden-radsport","status":"publish","type":"product","link":"https:\/\/pokale.shop\/ps\/product\/urkunden-radsport\/","title":{"rendered":"Urkunden Radsport"},"content":{"rendered":"<p><span style=\"vertical-align: inherit;\"><span style=\"vertical-align: inherit;\"><span style=\"vertical-align: inherit;\"><span style=\"vertical-align: inherit;\">Radsport Urkunden &#8211; direkt aus unserem Hause. <\/span><\/span><\/span><span style=\"vertical-align: inherit;\"><span style=\"vertical-align: inherit;\"><span style=\"vertical-align: inherit;\">TOP-Radsport Urkunde f\u00fcr Ihren Radsportwettbewerb oder Ihre Auszeichnung. <\/span><\/span><\/span><span style=\"vertical-align: inherit;\"><span style=\"vertical-align: inherit;\"><span style=\"vertical-align: inherit;\">Urkunden Gr\u00f6\u00dfe = A4<\/span><\/span><\/span><\/span><\/p>\n","protected":false},"excerpt":{"rendered":"<p>Radsport Urkunden &#8211; direkt aus unserem Hause. TOP-Radsport Urkunde f\u00fcr Ihren Radsportwettbewerb oder Ihre Auszeichnung. Urkunden Gr\u00f6\u00dfe = A4<\/p>\n","protected":false},"featured_media":4533,"comment_status":"open","ping_status":"closed","template":"","meta":{"spay_email":""},"product_cat":[16,32,43,29],"product_tag":[],"class_list":["post-4532","product","type-product","status-publish","has-post-thumbnail","hentry","product_cat-pokale","product_cat-themen-pokale","product_cat-radsport-pokale","product_cat-urkunden"],"_links":{"self":[{"href":"https:\/\/pokale.shop\/ps\/wp-json\/wp\/v2\/product\/4532","targetHints":{"allow":["GET"]}}],"collection":[{"href":"https:\/\/pokale.shop\/ps\/wp-json\/wp\/v2\/product"}],"about":[{"href":"https:\/\/pokale.shop\/ps\/wp-json\/wp\/v2\/types\/product"}],"replies":[{"embeddable":true,"href":"https:\/\/pokale.shop\/ps\/wp-json\/wp\/v2\/comments?post=4532"}],"wp:featuredmedia":[{"embeddable":true,"href":"https:\/\/pokale.shop\/ps\/wp-json\/wp\/v2\/media\/4533"}],"wp:attachment":[{"href":"https:\/\/pokale.shop\/ps\/wp-json\/wp\/v2\/media?parent=4532"}],"wp:term":[{"taxonomy":"product_cat","embeddable":true,"href":"https:\/\/pokale.shop\/ps\/wp-json\/wp\/v2\/product_cat?post=4532"},{"taxonomy":"product_tag","embeddable":true,"href":"https:\/\/pokale.shop\/ps\/wp-json\/wp\/v2\/product_tag?post=4532"}],"curies":[{"name":"wp","href":"https:\/\/api.w.org\/{rel}","templated":true}]}}