{"id":4540,"date":"2021-06-02T21:00:04","date_gmt":"2021-06-02T21:00:04","guid":{"rendered":"http:\/\/localhost\/import\/product\/urkunden-hunde-hundesport\/"},"modified":"2022-02-05T10:53:11","modified_gmt":"2022-02-05T10:53:11","slug":"urkunden-hunde-hundesport","status":"publish","type":"product","link":"https:\/\/pokale.shop\/ps\/product\/urkunden-hunde-hundesport\/","title":{"rendered":"Urkunden Hunde Hundesport"},"content":{"rendered":"<p>Hunde Hundesport Urkunden &#8211; direkt aus unserem Hause. TOP Hunde Hundesport Urkunden f\u00fcr Deine Auszeichnungen und Wettk\u00e4mpfe. Urkunden Gr\u00f6\u00dfe = A4<\/p>\n","protected":false},"excerpt":{"rendered":"<p>Hunde Hundesport Urkunden &#8211; direkt aus unserem Hause. TOP Hunde Hundesport Urkunden f\u00fcr Deine Auszeichnungen und Wettk\u00e4mpfe. Urkunden Gr\u00f6\u00dfe = A4<\/p>\n","protected":false},"featured_media":4541,"comment_status":"open","ping_status":"closed","template":"","meta":{"spay_email":""},"product_cat":[16,29],"product_tag":[],"class_list":["post-4540","product","type-product","status-publish","has-post-thumbnail","hentry","product_cat-pokale","product_cat-urkunden"],"_links":{"self":[{"href":"https:\/\/pokale.shop\/ps\/wp-json\/wp\/v2\/product\/4540","targetHints":{"allow":["GET"]}}],"collection":[{"href":"https:\/\/pokale.shop\/ps\/wp-json\/wp\/v2\/product"}],"about":[{"href":"https:\/\/pokale.shop\/ps\/wp-json\/wp\/v2\/types\/product"}],"replies":[{"embeddable":true,"href":"https:\/\/pokale.shop\/ps\/wp-json\/wp\/v2\/comments?post=4540"}],"wp:featuredmedia":[{"embeddable":true,"href":"https:\/\/pokale.shop\/ps\/wp-json\/wp\/v2\/media\/4541"}],"wp:attachment":[{"href":"https:\/\/pokale.shop\/ps\/wp-json\/wp\/v2\/media?parent=4540"}],"wp:term":[{"taxonomy":"product_cat","embeddable":true,"href":"https:\/\/pokale.shop\/ps\/wp-json\/wp\/v2\/product_cat?post=4540"},{"taxonomy":"product_tag","embeddable":true,"href":"https:\/\/pokale.shop\/ps\/wp-json\/wp\/v2\/product_tag?post=4540"}],"curies":[{"name":"wp","href":"https:\/\/api.w.org\/{rel}","templated":true}]}}