{"id":4554,"date":"2021-06-02T21:00:31","date_gmt":"2021-06-02T21:00:31","guid":{"rendered":"http:\/\/localhost\/import\/product\/pokale-corona-fire\/"},"modified":"2025-05-31T11:19:10","modified_gmt":"2025-05-31T11:19:10","slug":"pokale-bester-der-welt","status":"publish","type":"product","link":"https:\/\/pokale.shop\/ps\/product\/pokale-bester-der-welt\/","title":{"rendered":"Pokal BESTER &#8230; Trainer \/ Mitarbeiter \/ Mama \/ Papa \/Oma \/ Opa der Welt!"},"content":{"rendered":"<p>Entdecken Sie den Pokal <strong>BESTER<\/strong> in unserem Online-Shop! Diese einzigartige Geschenkidee ist in vielen Varianten erh\u00e4ltlich und kann auch mit Ihrem eigenen Text personalisiert werden.<\/p>\n<p>Unser Pokal im Flammenlook strahlt in den eleganten Farben Gold und Silber und hat eine H\u00f6he von 16 cm. Er ist das ideale Geschenk, um dem z.B. den besten Trainer der Welt Ihre Wertsch\u00e4tzung auszudr\u00fccken.<\/p>\n<p>Der ausdrucksstarke Pokal ist in Form von lodernden Flammen gestaltet und f\u00e4ngt die Aufmerksamkeit jedes Betrachters ein. Mit seiner originellen Gestaltung ist dieser Pokal nicht nur ein Geschenk, sondern auch ein Kunstwerk.<\/p>\n<p>\u00dcberraschen Sie Ihre Liebsten und Freunde mit diesem besonderen Pokal <strong>BESTER<\/strong> und machen Sie Ihnen eine Freude, die Sie nie vergessen werden.<\/p>\n","protected":false},"excerpt":{"rendered":"<p>Entdecken Sie den Pokal BESTER in unserem Online-Shop! Diese einzigartige Geschenkidee ist in vielen Varianten erh\u00e4ltlich und kann auch mit Ihrem eigenen Text personalisiert werden. Unser Pokal im Flammenlook strahlt in den eleganten Farben Gold und Silber und hat eine H\u00f6he von 16 cm. Er ist das ideale Geschenk, um&hellip;<\/p>\n","protected":false},"featured_media":11292,"comment_status":"open","ping_status":"closed","template":"","meta":{"spay_email":""},"product_cat":[16,17,18],"product_tag":[],"class_list":["post-4554","product","type-product","status-publish","has-post-thumbnail","hentry","product_cat-pokale","product_cat-pokale-pokale","product_cat-einzelpokale"],"_links":{"self":[{"href":"https:\/\/pokale.shop\/ps\/wp-json\/wp\/v2\/product\/4554","targetHints":{"allow":["GET"]}}],"collection":[{"href":"https:\/\/pokale.shop\/ps\/wp-json\/wp\/v2\/product"}],"about":[{"href":"https:\/\/pokale.shop\/ps\/wp-json\/wp\/v2\/types\/product"}],"replies":[{"embeddable":true,"href":"https:\/\/pokale.shop\/ps\/wp-json\/wp\/v2\/comments?post=4554"}],"wp:featuredmedia":[{"embeddable":true,"href":"https:\/\/pokale.shop\/ps\/wp-json\/wp\/v2\/media\/11292"}],"wp:attachment":[{"href":"https:\/\/pokale.shop\/ps\/wp-json\/wp\/v2\/media?parent=4554"}],"wp:term":[{"taxonomy":"product_cat","embeddable":true,"href":"https:\/\/pokale.shop\/ps\/wp-json\/wp\/v2\/product_cat?post=4554"},{"taxonomy":"product_tag","embeddable":true,"href":"https:\/\/pokale.shop\/ps\/wp-json\/wp\/v2\/product_tag?post=4554"}],"curies":[{"name":"wp","href":"https:\/\/api.w.org\/{rel}","templated":true}]}}