{"id":4578,"date":"2021-06-02T21:01:07","date_gmt":"2021-06-02T21:01:07","guid":{"rendered":"http:\/\/localhost\/import\/product\/pokale-pferdesport-reitsport-hufeisen\/"},"modified":"2022-02-01T14:16:33","modified_gmt":"2022-02-01T14:16:33","slug":"pokale-pferdesport-reitsport-hufeisen","status":"publish","type":"product","link":"https:\/\/pokale.shop\/ps\/product\/pokale-pferdesport-reitsport-hufeisen\/","title":{"rendered":"Pokale Pferdesport Reitsport Hufeisen"},"content":{"rendered":"<p><span style=\"vertical-align: inherit;\"><span style=\"vertical-align: inherit;\"><span style=\"vertical-align: inherit;\"><span style=\"vertical-align: inherit;\">Pokal in Form eines Hufeisens. <\/span><\/span><\/span><span style=\"vertical-align: inherit;\"><span style=\"vertical-align: inherit;\"><span style=\"vertical-align: inherit;\">Sehr sch\u00f6ne Qualit\u00e4t.<\/span><\/span><\/span><\/span><\/p>\n<p><span style=\"vertical-align: inherit;\"><span style=\"vertical-align: inherit;\"><span style=\"vertical-align: inherit;\"><span style=\"vertical-align: inherit;\">Breite 9 cm x H\u00f6he 4,5 cm<\/span><\/span><\/span><\/span><\/p>\n<p><span style=\"vertical-align: inherit;\"><span style=\"vertical-align: inherit;\"><span style=\"vertical-align: inherit;\"><span style=\"vertical-align: inherit;\">Die Gravur ist nat\u00fcrlich bereits im Preis enthalten. <\/span><\/span><\/span><\/span><br \/>\n<span style=\"vertical-align: inherit;\"><span style=\"vertical-align: inherit;\"><span style=\"vertical-align: inherit;\"><span style=\"vertical-align: inherit;\">Geben Sie einfach Ihren gew\u00fcnschten Gravurtext in das Textfeld ein.<\/span><\/span><\/span><\/span><\/p>\n<p><b><span style=\"vertical-align: inherit;\"><span style=\"vertical-align: inherit;\"><span style=\"vertical-align: inherit;\"><span style=\"vertical-align: inherit;\">Bitte beachten Sie &#8211; f\u00fcr das Gravurschild stehen 3-4 Zeilen zur Verf\u00fcgung &#8211; maximal 30 Zeichen pro Zeile inkl. Leerzeichen.<\/span><\/span><\/span><\/span><\/b><\/p>\n","protected":false},"excerpt":{"rendered":"<p>Pokal in Form eines Hufeisens. Sehr sch\u00f6ne Qualit\u00e4t. Breite 9 cm x H\u00f6he 4,5 cm Die Gravur ist nat\u00fcrlich bereits im Preis enthalten. Geben Sie einfach Ihren gew\u00fcnschten Gravurtext in das Textfeld ein. Bitte beachten Sie &#8211; f\u00fcr das Gravurschild stehen 3-4 Zeilen zur Verf\u00fcgung &#8211; maximal 30 Zeichen pro&hellip;<\/p>\n","protected":false},"featured_media":4579,"comment_status":"open","ping_status":"closed","template":"","meta":{"spay_email":""},"product_cat":[16,32,44],"product_tag":[],"class_list":["post-4578","product","type-product","status-publish","has-post-thumbnail","hentry","product_cat-pokale","product_cat-themen-pokale","product_cat-reitsport-pokale"],"_links":{"self":[{"href":"https:\/\/pokale.shop\/ps\/wp-json\/wp\/v2\/product\/4578","targetHints":{"allow":["GET"]}}],"collection":[{"href":"https:\/\/pokale.shop\/ps\/wp-json\/wp\/v2\/product"}],"about":[{"href":"https:\/\/pokale.shop\/ps\/wp-json\/wp\/v2\/types\/product"}],"replies":[{"embeddable":true,"href":"https:\/\/pokale.shop\/ps\/wp-json\/wp\/v2\/comments?post=4578"}],"wp:featuredmedia":[{"embeddable":true,"href":"https:\/\/pokale.shop\/ps\/wp-json\/wp\/v2\/media\/4579"}],"wp:attachment":[{"href":"https:\/\/pokale.shop\/ps\/wp-json\/wp\/v2\/media?parent=4578"}],"wp:term":[{"taxonomy":"product_cat","embeddable":true,"href":"https:\/\/pokale.shop\/ps\/wp-json\/wp\/v2\/product_cat?post=4578"},{"taxonomy":"product_tag","embeddable":true,"href":"https:\/\/pokale.shop\/ps\/wp-json\/wp\/v2\/product_tag?post=4578"}],"curies":[{"name":"wp","href":"https:\/\/api.w.org\/{rel}","templated":true}]}}